{"id":1375,"date":"2026-02-22T00:20:43","date_gmt":"2026-02-21T21:20:43","guid":{"rendered":"https:\/\/www.tezgelclinic.com\/?page_id=1375"},"modified":"2026-02-22T00:26:37","modified_gmt":"2026-02-21T21:26:37","slug":"kvkk","status":"publish","type":"page","link":"https:\/\/www.tezgelclinic.com\/?page_id=1375","title":{"rendered":"kvkk"},"content":{"rendered":"\t\t<div data-elementor-type=\"wp-page\" data-elementor-id=\"1375\" class=\"elementor elementor-1375\" data-elementor-post-type=\"page\">\n\t\t\t\t\t\t<section class=\"elementor-section elementor-top-section elementor-element elementor-element-4057d26a elementor-section-boxed elementor-section-height-default elementor-section-height-default\" data-id=\"4057d26a\" data-element_type=\"section\" data-settings=\"{&quot;background_background&quot;:&quot;classic&quot;}\">\n\t\t\t\t\t\t<div class=\"elementor-container elementor-column-gap-default\">\n\t\t\t\t\t<div class=\"elementor-column elementor-col-100 elementor-top-column elementor-element elementor-element-79fd9be4\" data-id=\"79fd9be4\" data-element_type=\"column\">\n\t\t\t<div class=\"elementor-widget-wrap elementor-element-populated\">\n\t\t\t\t\t\t<div class=\"elementor-element elementor-element-1eefb4ea elementor-invisible elementor-widget elementor-widget-heading\" data-id=\"1eefb4ea\" data-element_type=\"widget\" data-settings=\"{&quot;_animation&quot;:&quot;fadeInDown&quot;}\" data-widget_type=\"heading.default\">\n\t\t\t\t\t<h4 class=\"elementor-heading-title elementor-size-default\">Ki\u015fisel Verileri Koruma<\/h4>\t\t\t\t<\/div>\n\t\t\t\t\t<\/div>\n\t\t<\/div>\n\t\t\t\t\t<\/div>\n\t\t<\/section>\n\t\t<div class=\"elementor-element elementor-element-a98a1ab e-flex e-con-boxed e-con e-parent\" data-id=\"a98a1ab\" data-element_type=\"container\">\n\t\t\t\t\t<div class=\"e-con-inner\">\n\t\t<div class=\"elementor-element elementor-element-45060cc e-con-full e-flex e-con e-child\" data-id=\"45060cc\" data-element_type=\"container\">\n\t\t\t\t<div class=\"elementor-element elementor-element-f81e442 elementor-widget elementor-widget-text-editor\" data-id=\"f81e442\" data-element_type=\"widget\" data-widget_type=\"text-editor.default\">\n\t\t\t\t\t\t\t\t\t<p>1. AMA\u00c7<br \/>Bu Ayd\u0131nlatma Metni, Tezgel Clinic taraf\u0131ndan, 6698 say\u0131l\u0131 Ki\u015fisel Verilerin Korunmas\u0131 Kanunu (\u201cKVKK\u201d) kapsam\u0131nda, ki\u015fisel verilerin i\u015flenmesine, saklanmas\u0131na, korunmas\u0131na ve aktar\u0131lmas\u0131na ili\u015fkin ilkelerin belirlenmesi amac\u0131yla haz\u0131rlanm\u0131\u015ft\u0131r.<\/p><p>Klinik, hastalar\u0131n\u0131n ve ziyaret\u00e7ilerinin ki\u015fisel verilerinin gizlili\u011fini korumay\u0131, verilerin g\u00fcvenli\u011fini sa\u011flamay\u0131 ve mevzuata uygun \u015fekilde i\u015flemeyi taahh\u00fct eder.<\/p><p>2. KAPSAM<br \/>Bu metin; Tezgel Clinic&#8217;ten sa\u011fl\u0131k hizmeti alan hastalar\u0131n, hasta yak\u0131nlar\u0131n\u0131n, ziyaret\u00e7ilerin, \u00e7al\u0131\u015fan adaylar\u0131n\u0131n ve i\u015f ortaklar\u0131n\u0131n ki\u015fisel verilerini kapsamaktad\u0131r.<\/p><p>3. TANIMLAR<br \/>Bu metinde ge\u00e7en;<br \/>\u2013 Ki\u015fisel Veri: Kimli\u011fi belirli veya belirlenebilir ger\u00e7ek ki\u015fiye ili\u015fkin her t\u00fcrl\u00fc bilgi,<br \/>\u2013 \u00d6zel Nitelikli Ki\u015fisel Veri: Sa\u011fl\u0131k bilgileri gibi daha s\u0131k\u0131 koruma gerektiren veriler,<br \/>\u2013 Veri Sorumlusu: Ki\u015fisel verilerin i\u015fleme ama\u00e7lar\u0131n\u0131 ve vas\u0131talar\u0131n\u0131 belirleyen, veri kay\u0131t sisteminin kurulmas\u0131ndan ve y\u00f6netilmesinden sorumlu olan Tezgel Clinic\u2019tir.<br \/>\u2013 Veri \u0130\u015fleyen: Veri Sorumlusu\u2019nun verdi\u011fi yetkiye dayanarak ki\u015fisel verileri i\u015fleyen ger\u00e7ek veya t\u00fczel ki\u015fidir.<\/p><p>4. K\u0130\u015e\u0130SEL VER\u0130LER\u0130N TOPLANMASI<br \/>Ki\u015fisel verileriniz, Klinik i\u00e7erisinde; y\u00fcz y\u00fcze doldurulan formlar, randevu sistemleri, web sitesi ba\u015fvurular\u0131, telefon g\u00f6r\u00fc\u015fmeleri, e-posta ve WhatsApp yaz\u0131\u015fmalar\u0131, klinik g\u00fcvenlik kameralar\u0131 gibi y\u00f6ntemlerle s\u00f6zl\u00fc, yaz\u0131l\u0131 veya elektronik ortamda toplanmaktad\u0131r.<\/p><p>5. \u0130\u015eLENEN K\u0130\u015e\u0130SEL VER\u0130LER\u0130N T\u00dcRLER\u0130<br \/>\u0130\u015flenen ki\u015fisel veriler genel olarak \u015funlard\u0131r:<br \/>\u2013 Kimlik Bilgileri: Ad, soyad, T.C. kimlik numaras\u0131, do\u011fum tarihi, cinsiyet<br \/>\u2013 \u0130leti\u015fim Bilgileri: Telefon, e-posta, adres<br \/>\u2013 Sa\u011fl\u0131k Bilgileri: T\u0131bbi ge\u00e7mi\u015f, muayene bilgileri, tetkik ve tedavi sonu\u00e7lar\u0131<br \/>\u2013 Finansal Bilgiler: \u00d6deme, fatura ve sigorta bilgileri<br \/>\u2013 \u0130\u015flem Bilgileri: Randevu kay\u0131tlar\u0131, hizmet ge\u00e7mi\u015fi<br \/>\u2013 G\u00f6rsel Veriler: Kamera kay\u0131tlar\u0131<\/p><p>6. K\u0130\u015e\u0130SEL VER\u0130LER\u0130N \u0130\u015eLENME AMA\u00c7LARI<br \/>Tezgel Clinic ki\u015fisel verilerinizi a\u015fa\u011f\u0131daki ama\u00e7larla i\u015fler:<br \/>\u2013 Tan\u0131 ve tedavi hizmetlerinin y\u00fcr\u00fct\u00fclmesi<br \/>\u2013 Randevu olu\u015fturma ve y\u00f6netimi<br \/>\u2013 \u0130leti\u015fim faaliyetlerinin y\u00fcr\u00fct\u00fclmesi<br \/>\u2013 Sa\u011fl\u0131k hizmetleri ile ilgili bilgilendirme yap\u0131lmas\u0131<br \/>\u2013 \u0130lgili mevzuat kapsam\u0131nda yasal y\u00fck\u00fcml\u00fcl\u00fcklerin yerine getirilmesi<br \/>\u2013 Finansal ve muhasebesel i\u015flemlerin ger\u00e7ekle\u015ftirilmesi<br \/>\u2013 Klinik i\u00e7i kalite ve denetim s\u00fcre\u00e7lerinin y\u00fcr\u00fct\u00fclmesi<br \/>\u2013 Hasta memnuniyetinin \u00f6l\u00e7\u00fclmesi ve art\u0131r\u0131lmas\u0131<br \/>\u2013 Klinik g\u00fcvenli\u011finin sa\u011flanmas\u0131<\/p><p>7. K\u0130\u015e\u0130SEL VER\u0130LER\u0130N AKTARILMASI<br \/>Ki\u015fisel verileriniz, KVKK\u2019n\u0131n ilgili maddeleri \u00e7er\u00e7evesinde:<br \/>\u2013 Sa\u011fl\u0131k Bakanl\u0131\u011f\u0131, SGK ve di\u011fer kamu kurumlar\u0131,<br \/>\u2013 \u0130\u015fbirli\u011fi yapt\u0131\u011f\u0131m\u0131z laboratuvarlar, g\u00f6r\u00fcnt\u00fcleme merkezleri,<br \/>\u2013 Hukuki y\u00fck\u00fcml\u00fcl\u00fckler kapsam\u0131nda yetkili mahkemeler ve avukatlar,<br \/>\u2013 Bili\u015fim altyap\u0131 hizmeti sunan \u00fc\u00e7\u00fcnc\u00fc taraf firmalar,<br \/>ile payla\u015f\u0131labilir. Veriler yaln\u0131zca hizmetin gerektirdi\u011fi \u00f6l\u00e7\u00fcde ve mevzuata uygun \u015fekilde aktar\u0131l\u0131r.<\/p><p>8. K\u0130\u015e\u0130SEL VER\u0130LER\u0130N SAKLANMASI VE \u0130MHASI<br \/>Ki\u015fisel verileriniz, ilgili mevzuatta \u00f6ng\u00f6r\u00fclen s\u00fcreler boyunca g\u00fcvenli \u015fekilde saklanmakta; bu s\u00fcrelerin dolmas\u0131 veya veri i\u015fleme amac\u0131 sona erdi\u011finde, Klinik taraf\u0131ndan silinmekte, yok edilmekte veya anonim hale getirilmektedir.<\/p><p>9. \u0130LG\u0130L\u0130 K\u0130\u015e\u0130LER\u0130N HAKLARI<br \/>KVKK\u2019n\u0131n 11. maddesi uyar\u0131nca, veri sahibi olarak a\u015fa\u011f\u0131daki haklara sahipsiniz:<br \/>\u2013 Ki\u015fisel verilerinizin i\u015flenip i\u015flenmedi\u011fini \u00f6\u011frenme<br \/>\u2013 \u0130\u015flenmi\u015fse buna ili\u015fkin bilgi talep etme<br \/>\u2013 \u0130\u015flenme amac\u0131n\u0131 ve amac\u0131na uygun kullan\u0131l\u0131p kullan\u0131lmad\u0131\u011f\u0131n\u0131 \u00f6\u011frenme<br \/>\u2013 Yurt i\u00e7inde veya yurt d\u0131\u015f\u0131nda aktar\u0131ld\u0131\u011f\u0131 \u00fc\u00e7\u00fcnc\u00fc ki\u015fileri bilme<br \/>\u2013 Eksik veya yanl\u0131\u015f i\u015flenmi\u015fse d\u00fczeltilmesini isteme<br \/>\u2013 Silinmesini veya yok edilmesini isteme<br \/>\u2013 \u0130\u015flemenin yaln\u0131zca otomatik sistemler ile analiz edilmesi sonucu ortaya \u00e7\u0131kan aleyhe sonu\u00e7lara itiraz etme<br \/>\u2013 Zarara u\u011framan\u0131z halinde zarar\u0131n giderilmesini talep etme<\/p><p>10. BA\u015eVURU USUL\u00dc<br \/>Haklar\u0131n\u0131za ili\u015fkin taleplerinizi:<br \/>\u2013 Yaz\u0131l\u0131 olarak klinik adresimize elden teslim ederek,<br \/>\u2013 Kay\u0131tl\u0131 Elektronik Posta (KEP) adresi \u00fczerinden,<br \/>\u2013 G\u00fcvenli elektronik imza kullanarak,<br \/>\u2013 info@tezgelclinic.com e-posta adresine e-posta g\u00f6ndererek<br \/>iletmeniz m\u00fcmk\u00fcnd\u00fcr.<\/p><p>Ba\u015fvurular\u0131n\u0131z, Klinik taraf\u0131ndan en ge\u00e7 30 g\u00fcn i\u00e7erisinde sonu\u00e7land\u0131r\u0131lacakt\u0131r.<\/p><p>11. \u00c7EREZLER VE WEB S\u0130TES\u0130 KULLANIMI<br \/>Tezgel Clinic web sitesi (www.tezgelclinic.com) ziyaret edildi\u011finde, kullan\u0131c\u0131 deneyimini geli\u015ftirmek, internet sitemizin verimli \u00e7al\u0131\u015fmas\u0131n\u0131 sa\u011flamak ve hizmetlerimizi iyile\u015ftirmek amac\u0131yla \u00e7erezler (\u201ccookies\u201d) kullan\u0131lmaktad\u0131r.<\/p><p>\u00c7erez Nedir?<br \/>\u00c7erezler, ziyaret edilen internet sitesi taraf\u0131ndan taray\u0131c\u0131lar arac\u0131l\u0131\u011f\u0131yla cihaz\u0131n\u0131za yerle\u015ftirilen k\u00fc\u00e7\u00fck metin dosyalar\u0131d\u0131r.<\/p><p>Kullan\u0131lan \u00c7erez T\u00fcrleri:<br \/>\u2013 Zorunlu \u00c7erezler<br \/>\u2013 \u0130\u015flevsellik \u00c7erezleri<br \/>\u2013 Analitik ve Performans \u00c7erezleri<br \/>\u2013 Reklam ve Pazarlama \u00c7erezleri<\/p><p>\u00c7erezlerin Toplad\u0131\u011f\u0131 Veriler:<br \/>\u2013 IP adresi, taray\u0131c\u0131 bilgileri, sitede ge\u00e7irilen s\u00fcre, ziyaret edilen sayfalar<\/p><p>\u00c7erezleri Y\u00f6netme:<br \/>Kullan\u0131c\u0131lar, taray\u0131c\u0131 ayarlar\u0131 \u00fczerinden \u00e7erez kullan\u0131m\u0131n\u0131 kontrol edebilir, reddedebilir veya silinmi\u015f \u00e7erezleri kald\u0131rabilir. Ancak baz\u0131 \u00e7erezlerin devre d\u0131\u015f\u0131 b\u0131rak\u0131lmas\u0131, web sitesinin baz\u0131 i\u015flevlerinin \u00e7al\u0131\u015fmamas\u0131na neden olabilir.<\/p>\t\t\t\t\t\t\t\t<\/div>\n\t\t\t\t<\/div>\n\t\t\t\t\t<\/div>\n\t\t\t\t<\/div>\n\t\t\t\t<\/div>\n\t\t","protected":false},"excerpt":{"rendered":"<p>Ki\u015fisel Verileri Koruma 1. AMA\u00c7Bu Ayd\u0131nlatma Metni, Tezgel Clinic taraf\u0131ndan, 6698 say\u0131l\u0131 Ki\u015fisel Verilerin Korunmas\u0131 Kanunu (\u201cKVKK\u201d) kapsam\u0131nda, ki\u015fisel verilerin i\u015flenmesine, saklanmas\u0131na, korunmas\u0131na ve aktar\u0131lmas\u0131na ili\u015fkin ilkelerin belirlenmesi amac\u0131yla haz\u0131rlanm\u0131\u015ft\u0131r. Klinik, hastalar\u0131n\u0131n ve ziyaret\u00e7ilerinin ki\u015fisel verilerinin gizlili\u011fini korumay\u0131, verilerin g\u00fcvenli\u011fini sa\u011flamay\u0131 ve mevzuata uygun \u015fekilde i\u015flemeyi taahh\u00fct eder. 2. KAPSAMBu metin; Tezgel Clinic&#8217;ten sa\u011fl\u0131k hizmeti [&hellip;]<\/p>\n","protected":false},"author":1,"featured_media":0,"parent":0,"menu_order":0,"comment_status":"closed","ping_status":"closed","template":"elementor_header_footer","meta":{"footnotes":""},"class_list":["post-1375","page","type-page","status-publish","hentry"],"_links":{"self":[{"href":"https:\/\/www.tezgelclinic.com\/index.php?rest_route=\/wp\/v2\/pages\/1375","targetHints":{"allow":["GET"]}}],"collection":[{"href":"https:\/\/www.tezgelclinic.com\/index.php?rest_route=\/wp\/v2\/pages"}],"about":[{"href":"https:\/\/www.tezgelclinic.com\/index.php?rest_route=\/wp\/v2\/types\/page"}],"author":[{"embeddable":true,"href":"https:\/\/www.tezgelclinic.com\/index.php?rest_route=\/wp\/v2\/users\/1"}],"replies":[{"embeddable":true,"href":"https:\/\/www.tezgelclinic.com\/index.php?rest_route=%2Fwp%2Fv2%2Fcomments&post=1375"}],"version-history":[{"count":3,"href":"https:\/\/www.tezgelclinic.com\/index.php?rest_route=\/wp\/v2\/pages\/1375\/revisions"}],"predecessor-version":[{"id":1379,"href":"https:\/\/www.tezgelclinic.com\/index.php?rest_route=\/wp\/v2\/pages\/1375\/revisions\/1379"}],"wp:attachment":[{"href":"https:\/\/www.tezgelclinic.com\/index.php?rest_route=%2Fwp%2Fv2%2Fmedia&parent=1375"}],"curies":[{"name":"wp","href":"https:\/\/api.w.org\/{rel}","templated":true}]}}