{"id":1391,"date":"2026-02-22T00:33:51","date_gmt":"2026-02-21T21:33:51","guid":{"rendered":"https:\/\/www.tezgelclinic.com\/?page_id=1391"},"modified":"2026-02-22T00:35:15","modified_gmt":"2026-02-21T21:35:15","slug":"kalitepolitikamiz","status":"publish","type":"page","link":"https:\/\/www.tezgelclinic.com\/?page_id=1391","title":{"rendered":"kalitepolitikam\u0131z"},"content":{"rendered":"\t\t<div data-elementor-type=\"wp-page\" data-elementor-id=\"1391\" class=\"elementor elementor-1391\" data-elementor-post-type=\"page\">\n\t\t\t\t\t\t<section class=\"elementor-section elementor-top-section elementor-element elementor-element-4057d26a elementor-section-boxed elementor-section-height-default elementor-section-height-default\" data-id=\"4057d26a\" data-element_type=\"section\" data-settings=\"{&quot;background_background&quot;:&quot;classic&quot;}\">\n\t\t\t\t\t\t<div class=\"elementor-container elementor-column-gap-default\">\n\t\t\t\t\t<div class=\"elementor-column elementor-col-100 elementor-top-column elementor-element elementor-element-79fd9be4\" data-id=\"79fd9be4\" data-element_type=\"column\">\n\t\t\t<div class=\"elementor-widget-wrap elementor-element-populated\">\n\t\t\t\t\t\t<div class=\"elementor-element elementor-element-1eefb4ea elementor-invisible elementor-widget elementor-widget-heading\" data-id=\"1eefb4ea\" data-element_type=\"widget\" data-settings=\"{&quot;_animation&quot;:&quot;fadeInDown&quot;}\" data-widget_type=\"heading.default\">\n\t\t\t\t\t<h4 class=\"elementor-heading-title elementor-size-default\">Kalite Politikam\u0131z<\/h4>\t\t\t\t<\/div>\n\t\t\t\t\t<\/div>\n\t\t<\/div>\n\t\t\t\t\t<\/div>\n\t\t<\/section>\n\t\t<div class=\"elementor-element elementor-element-a98a1ab e-flex e-con-boxed e-con e-parent\" data-id=\"a98a1ab\" data-element_type=\"container\">\n\t\t\t\t\t<div class=\"e-con-inner\">\n\t\t<div class=\"elementor-element elementor-element-45060cc e-con-full e-flex e-con e-child\" data-id=\"45060cc\" data-element_type=\"container\">\n\t\t\t\t<div class=\"elementor-element elementor-element-f81e442 elementor-widget elementor-widget-text-editor\" data-id=\"f81e442\" data-element_type=\"widget\" data-widget_type=\"text-editor.default\">\n\t\t\t\t\t\t\t\t\t<p data-start=\"0\" data-end=\"464\">Tezgel Clinic olarak var olu\u015f amac\u0131m\u0131z; \u015feffafl\u0131k, g\u00fcven ve \u015fefkat temelleri \u00fczerine kurulmu\u015f bir sa\u011fl\u0131k anlay\u0131\u015f\u0131yla her ge\u00e7en g\u00fcn hasta memnuniyetini daha da yukar\u0131 ta\u015f\u0131makt\u0131r. Di\u015f sa\u011fl\u0131\u011f\u0131n\u0131n yaln\u0131zca tedavi edilmesi gereken bir sorun de\u011fil, ya\u015fam kalitesini do\u011frudan etkileyen \u00f6nemli bir de\u011fer oldu\u011funun bilinciyle hareket ediyor; toplumun her kesimine ula\u015fabilen, eri\u015filebilir ve uluslararas\u0131 standartlara uygun a\u011f\u0131z ve di\u015f sa\u011fl\u0131\u011f\u0131 hizmeti sunmay\u0131 hedefliyoruz.<\/p><p data-start=\"466\" data-end=\"914\">Hastalar\u0131m\u0131zla kurdu\u011fumuz ili\u015fkiyi yaln\u0131zca hekim\u2013hasta ileti\u015fimi olarak de\u011fil, kar\u015f\u0131l\u0131kl\u0131 g\u00fcvene dayal\u0131 uzun soluklu bir yol arkada\u015fl\u0131\u011f\u0131 olarak g\u00f6r\u00fcyoruz. Bu nedenle t\u00fcm s\u00fcre\u00e7lerimizi a\u00e7\u0131k, anla\u015f\u0131l\u0131r ve etik ilkelere ba\u011fl\u0131 \u015fekilde y\u00fcr\u00fct\u00fcyor; hastalar\u0131m\u0131z\u0131n haklar\u0131n\u0131, konforunu ve g\u00fcvenli\u011fini her \u015feyin \u00f6n\u00fcnde tutuyoruz. Tan\u0131 a\u015famas\u0131ndan tedavi sonras\u0131na kadar ge\u00e7en her ad\u0131mda bilgilendiren, y\u00f6nlendiren ve destekleyen bir yakla\u015f\u0131m\u0131 benimsiyoruz.<\/p><p data-start=\"916\" data-end=\"1373\">Geli\u015fen teknolojiyi yak\u0131ndan takip ederek klini\u011fimizde uygulanan tedavi y\u00f6ntemlerini s\u00fcrekli yeniliyor, modern ekipmanlar ve g\u00fcncel bilimsel yakla\u015f\u0131mlar ile desteklenen \u00e7\u00f6z\u00fcmler sunuyoruz. Amac\u0131m\u0131z yaln\u0131zca ba\u015far\u0131l\u0131 bir tedavi ger\u00e7ekle\u015ftirmek de\u011fil; hastalar\u0131m\u0131za kendilerini g\u00fcvende, rahat ve de\u011ferli hissettikleri bir deneyim ya\u015fatmakt\u0131r. \u00c7\u00fcnk\u00fc bizim i\u00e7in ger\u00e7ek ba\u015far\u0131, hastan\u0131n klini\u011fimizden memnuniyetle ayr\u0131lmas\u0131 ve g\u00fcl\u00fc\u015f\u00fcn\u00fc \u00f6zg\u00fcrce kullanabilmesidir.<\/p><p data-start=\"1375\" data-end=\"1687\">Ayn\u0131 \u00f6zeni \u00e7al\u0131\u015fma ekibimize de g\u00f6steriyor, t\u00fcm \u00e7al\u0131\u015fanlar\u0131m\u0131z\u0131n mesleki geli\u015fimlerini destekleyen, huzurlu ve motivasyonu y\u00fcksek bir \u00e7al\u0131\u015fma ortam\u0131 olu\u015fturmay\u0131 \u00f6nemsiyoruz. Mutlu \u00e7al\u0131\u015fanlar\u0131n mutlu hastalar yarataca\u011f\u0131na inan\u0131yor; ekip ruhunu, sayg\u0131y\u0131 ve s\u00fcrekli geli\u015fimi kurum k\u00fclt\u00fcr\u00fcm\u00fcz\u00fcn merkezinde tutuyoruz.<\/p><p data-start=\"1689\" data-end=\"2095\" data-is-last-node=\"\" data-is-only-node=\"\">Tezgel Clinic olarak hedefimiz; etik de\u011ferlere ba\u011fl\u0131, bilimsel yakla\u015f\u0131m\u0131 rehber edinen, teknolojiyi etkin kullanan ve insan odakl\u0131 hizmet anlay\u0131\u015f\u0131n\u0131 s\u00fcrd\u00fcr\u00fclebilir k\u0131lan bir sa\u011fl\u0131k kurumu olarak di\u015f sa\u011fl\u0131\u011f\u0131 sekt\u00f6r\u00fcnde \u00f6nc\u00fc ve g\u00fcvenilir bir marka olmay\u0131 s\u00fcrd\u00fcrmektir. G\u00fcl\u00fc\u015flere dokunan her ad\u0131mda kal\u0131c\u0131 g\u00fcven b\u0131rakmak ve her hastam\u0131z\u0131n kendini \u00f6zel hissetti\u011fi bir deneyim sunmak en b\u00fcy\u00fck motivasyonumuzdur.<\/p>\t\t\t\t\t\t\t\t<\/div>\n\t\t\t\t<\/div>\n\t\t\t\t\t<\/div>\n\t\t\t\t<\/div>\n\t\t\t\t<\/div>\n\t\t","protected":false},"excerpt":{"rendered":"<p>Kalite Politikam\u0131z Tezgel Clinic olarak var olu\u015f amac\u0131m\u0131z; \u015feffafl\u0131k, g\u00fcven ve \u015fefkat temelleri \u00fczerine kurulmu\u015f bir sa\u011fl\u0131k anlay\u0131\u015f\u0131yla her ge\u00e7en g\u00fcn hasta memnuniyetini daha da yukar\u0131 ta\u015f\u0131makt\u0131r. Di\u015f sa\u011fl\u0131\u011f\u0131n\u0131n yaln\u0131zca tedavi edilmesi gereken bir sorun de\u011fil, ya\u015fam kalitesini do\u011frudan etkileyen \u00f6nemli bir de\u011fer oldu\u011funun bilinciyle hareket ediyor; toplumun her kesimine ula\u015fabilen, eri\u015filebilir ve uluslararas\u0131 standartlara [&hellip;]<\/p>\n","protected":false},"author":1,"featured_media":0,"parent":0,"menu_order":0,"comment_status":"closed","ping_status":"closed","template":"elementor_header_footer","meta":{"footnotes":""},"class_list":["post-1391","page","type-page","status-publish","hentry"],"_links":{"self":[{"href":"https:\/\/www.tezgelclinic.com\/index.php?rest_route=\/wp\/v2\/pages\/1391","targetHints":{"allow":["GET"]}}],"collection":[{"href":"https:\/\/www.tezgelclinic.com\/index.php?rest_route=\/wp\/v2\/pages"}],"about":[{"href":"https:\/\/www.tezgelclinic.com\/index.php?rest_route=\/wp\/v2\/types\/page"}],"author":[{"embeddable":true,"href":"https:\/\/www.tezgelclinic.com\/index.php?rest_route=\/wp\/v2\/users\/1"}],"replies":[{"embeddable":true,"href":"https:\/\/www.tezgelclinic.com\/index.php?rest_route=%2Fwp%2Fv2%2Fcomments&post=1391"}],"version-history":[{"count":3,"href":"https:\/\/www.tezgelclinic.com\/index.php?rest_route=\/wp\/v2\/pages\/1391\/revisions"}],"predecessor-version":[{"id":1395,"href":"https:\/\/www.tezgelclinic.com\/index.php?rest_route=\/wp\/v2\/pages\/1391\/revisions\/1395"}],"wp:attachment":[{"href":"https:\/\/www.tezgelclinic.com\/index.php?rest_route=%2Fwp%2Fv2%2Fmedia&parent=1391"}],"curies":[{"name":"wp","href":"https:\/\/api.w.org\/{rel}","templated":true}]}}