{"id":332,"date":"2025-08-28T22:49:47","date_gmt":"2025-08-28T19:49:47","guid":{"rendered":"https:\/\/www.tezgelclinic.com\/?page_id=332"},"modified":"2026-02-22T00:02:16","modified_gmt":"2026-02-21T21:02:16","slug":"gulus-tasarimi","status":"publish","type":"page","link":"https:\/\/www.tezgelclinic.com\/?page_id=332","title":{"rendered":"G\u00fcl\u00fc\u015f Tasar\u0131m\u0131"},"content":{"rendered":"\t\t<div data-elementor-type=\"wp-page\" data-elementor-id=\"332\" class=\"elementor elementor-332\" data-elementor-post-type=\"page\">\n\t\t\t\t\t\t<section class=\"elementor-section elementor-top-section elementor-element elementor-element-10653d06 elementor-section-boxed elementor-section-height-default elementor-section-height-default\" data-id=\"10653d06\" data-element_type=\"section\" data-settings=\"{&quot;background_background&quot;:&quot;classic&quot;}\">\n\t\t\t\t\t\t\t<div class=\"elementor-background-overlay\"><\/div>\n\t\t\t\t\t\t\t<div class=\"elementor-container elementor-column-gap-default\">\n\t\t\t\t\t<div class=\"elementor-column elementor-col-100 elementor-top-column elementor-element elementor-element-4a481c88\" data-id=\"4a481c88\" data-element_type=\"column\">\n\t\t\t<div class=\"elementor-widget-wrap elementor-element-populated\">\n\t\t\t\t\t\t<div class=\"elementor-element elementor-element-39053b9e elementor-widget__width-initial elementor-widget elementor-widget-heading\" data-id=\"39053b9e\" data-element_type=\"widget\" data-widget_type=\"heading.default\">\n\t\t\t\t\t<h1 class=\"elementor-heading-title elementor-size-default\">Hayalinizdeki G\u00fcl\u00fc\u015f, Tecr\u00fcbemizle Ger\u00e7ekle\u015fir<\/h1>\t\t\t\t<\/div>\n\t\t\t\t<div class=\"elementor-element elementor-element-29a2d37d elementor-widget elementor-widget-text-editor\" data-id=\"29a2d37d\" data-element_type=\"widget\" data-widget_type=\"text-editor.default\">\n\t\t\t\t\t\t\t\t\t<p>G\u00fcl\u00fc\u015f tasar\u0131m\u0131 ile di\u015flerinizi sadece g\u00fczelle\u015ftirmiyoruz; sa\u011fl\u0131kl\u0131, estetik ve size \u00f6zel bir g\u00fcl\u00fc\u015f yarat\u0131yoruz.<\/p>\t\t\t\t\t\t\t\t<\/div>\n\t\t\t\t\t<\/div>\n\t\t<\/div>\n\t\t\t\t\t<\/div>\n\t\t<\/section>\n\t\t\t\t<section class=\"elementor-section elementor-top-section elementor-element elementor-element-40a6bcb4 elementor-section-boxed elementor-section-height-default elementor-section-height-default\" data-id=\"40a6bcb4\" data-element_type=\"section\" data-settings=\"{&quot;background_background&quot;:&quot;classic&quot;}\">\n\t\t\t\t\t\t\t<div class=\"elementor-background-overlay\"><\/div>\n\t\t\t\t\t\t\t<div class=\"elementor-container elementor-column-gap-default\">\n\t\t\t\t\t<div class=\"elementor-column elementor-col-100 elementor-top-column elementor-element elementor-element-2edea49d\" data-id=\"2edea49d\" data-element_type=\"column\">\n\t\t\t<div class=\"elementor-widget-wrap elementor-element-populated\">\n\t\t\t\t\t\t<div class=\"elementor-element elementor-element-d450d87 elementor-widget elementor-widget-heading\" data-id=\"d450d87\" data-element_type=\"widget\" data-widget_type=\"heading.default\">\n\t\t\t\t\t<h3 class=\"elementor-heading-title elementor-size-default\">G\u00fcl\u00fc\u015f Tasar\u0131m\u0131<\/h3>\t\t\t\t<\/div>\n\t\t\t\t<div class=\"elementor-element elementor-element-378d4a91 elementor-widget elementor-widget-text-editor\" data-id=\"378d4a91\" data-element_type=\"widget\" data-widget_type=\"text-editor.default\">\n\t\t\t\t\t\t\t\t\t<p>G\u00fcl\u00fc\u015f tasar\u0131m\u0131, di\u015f hekimli\u011finin teknik ve teknolojilerinin sanat ile birle\u015ferek ki\u015fiye \u00f6zel g\u00fcl\u00fc\u015f kazand\u0131rma uygulamas\u0131d\u0131r. G\u00fcl\u00fc\u015f tasar\u0131m\u0131nda y\u00fcz\u00fcn anatomi yap\u0131s\u0131, hastan\u0131n istekleri ve hekimin tavsiyeleri etkili olmaktad\u0131r. G\u00fcl\u00fc\u015f tasar\u0131m\u0131n\u0131n amac\u0131, ge\u00e7mi\u015fin aksine m\u00fcmk\u00fcn oldu\u011funca konservatif yakla\u015f\u0131mla, di\u015f yap\u0131lar\u0131nda minimum d\u00fczeyde haz\u0131rl\u0131k ile estetik sa\u011flamak ve en do\u011fal estetik g\u00f6r\u00fcnt\u00fcy\u00fc kazand\u0131rmakt\u0131r. Bu yaratt\u0131\u011f\u0131m\u0131z g\u00fcl\u00fcmseme estetik olarak \u00e7ekici olmas\u0131 gerekti\u011fi gibi fonksiyonel olarak da ideal seviyede olmas\u0131 gerekmektedir.<\/p>\t\t\t\t\t\t\t\t<\/div>\n\t\t\t\t<div class=\"elementor-element elementor-element-5b28dbfb elementor-widget elementor-widget-text-editor\" data-id=\"5b28dbfb\" data-element_type=\"widget\" data-widget_type=\"text-editor.default\">\n\t\t\t\t\t\t\t\t\t<p>G\u00fcl\u00fc\u015f, bir insan\u0131n \u00f6zg\u00fcvenini yans\u0131tan en \u00f6nemli unsurdur. Tezgel Clinic olarak \u0130zmir Bal\u00e7ova\u2019da elit ve premium di\u015f tedavileri sunuyoruz. 20 y\u0131l\u0131 a\u015fk\u0131n tecr\u00fcbesiyle hekimlerimiz, her g\u00fcl\u00fc\u015f\u00fc sanatsal bir dokunu\u015fla yeniden tasarl\u0131yor. Bizim i\u00e7in g\u00fcl\u00fc\u015f tasar\u0131m\u0131 sadece estetik de\u011fil; ayn\u0131 zamanda sa\u011fl\u0131kl\u0131 ve fonksiyonel bir a\u011f\u0131z yap\u0131s\u0131 olu\u015fturma s\u00fcrecidir. \u0130ster yerel bir hasta olun, ister sa\u011fl\u0131k turizmi kapsam\u0131nda \u0130zmir\u2019e gelen misafirimiz, g\u00fcl\u00fc\u015f tasar\u0131m\u0131yla hayat\u0131n\u0131za estetik ve g\u00fcven kat\u0131yoruz.<\/p><p><img fetchpriority=\"high\" decoding=\"async\" class=\"aligncenter wp-image-799 size-large\" src=\"http:\/\/www.tezgelclinic.com\/wp-content\/uploads\/2026\/02\/3D-smile-1024x1024.webp\" alt=\"\" width=\"800\" height=\"800\" srcset=\"https:\/\/www.tezgelclinic.com\/wp-content\/uploads\/2026\/02\/3D-smile-1024x1024.webp 1024w, https:\/\/www.tezgelclinic.com\/wp-content\/uploads\/2026\/02\/3D-smile-300x300.webp 300w, https:\/\/www.tezgelclinic.com\/wp-content\/uploads\/2026\/02\/3D-smile-150x150.webp 150w, https:\/\/www.tezgelclinic.com\/wp-content\/uploads\/2026\/02\/3D-smile-768x768.webp 768w, https:\/\/www.tezgelclinic.com\/wp-content\/uploads\/2026\/02\/3D-smile-1536x1536.webp 1536w, https:\/\/www.tezgelclinic.com\/wp-content\/uploads\/2026\/02\/3D-smile.webp 1667w\" sizes=\"(max-width: 800px) 100vw, 800px\" \/><\/p>\t\t\t\t\t\t\t\t<\/div>\n\t\t\t\t<div class=\"elementor-element elementor-element-720153e2 elementor-widget elementor-widget-heading\" data-id=\"720153e2\" data-element_type=\"widget\" data-widget_type=\"heading.default\">\n\t\t\t\t\t<h4 class=\"elementor-heading-title elementor-size-default\">Tedavi S\u00fcrecimiz<\/h4>\t\t\t\t<\/div>\n\t\t\t\t<div class=\"elementor-element elementor-element-3f19014e elementor-widget elementor-widget-text-editor\" data-id=\"3f19014e\" data-element_type=\"widget\" data-widget_type=\"text-editor.default\">\n\t\t\t\t\t\t\t\t\t<p>Her insan\u0131n A\u011f\u0131z Di\u015f ve \u00c7ene Kemi\u011fi Yap\u0131s\u0131 Farkl\u0131d\u0131r, buna ba\u011fl\u0131 olarak herkese farkl\u0131 tedavi plan\u0131 uygulamak gerekir.<\/p>\t\t\t\t\t\t\t\t<\/div>\n\t\t\t\t<div class=\"elementor-element elementor-element-71f29c52 elementor-view-stacked elementor-position-left elementor-tablet-position-left elementor-mobile-position-left elementor-widget__width-initial elementor-widget-tablet__width-initial elementor-shape-circle elementor-widget elementor-widget-icon-box\" data-id=\"71f29c52\" data-element_type=\"widget\" data-widget_type=\"icon-box.default\">\n\t\t\t\t\t\t\t<div class=\"elementor-icon-box-wrapper\">\n\n\t\t\t\t\t\t<div class=\"elementor-icon-box-icon\">\n\t\t\t\t<a href=\"#\" class=\"elementor-icon\" tabindex=\"-1\" aria-label=\"1. Kons\u00fcltasyon\">\n\t\t\t\t<svg aria-hidden=\"true\" class=\"e-font-icon-svg e-fas-check-circle\" viewBox=\"0 0 512 512\" xmlns=\"http:\/\/www.w3.org\/2000\/svg\"><path d=\"M504 256c0 136.967-111.033 248-248 248S8 392.967 8 256 119.033 8 256 8s248 111.033 248 248zM227.314 387.314l184-184c6.248-6.248 6.248-16.379 0-22.627l-22.627-22.627c-6.248-6.249-16.379-6.249-22.628 0L216 308.118l-70.059-70.059c-6.248-6.248-16.379-6.248-22.628 0l-22.627 22.627c-6.248 6.248-6.248 16.379 0 22.627l104 104c6.249 6.249 16.379 6.249 22.628.001z\"><\/path><\/svg>\t\t\t\t<\/a>\n\t\t\t<\/div>\n\t\t\t\n\t\t\t\t\t\t<div class=\"elementor-icon-box-content\">\n\n\t\t\t\t\t\t\t\t\t<h4 class=\"elementor-icon-box-title\">\n\t\t\t\t\t\t<a href=\"#\" >\n\t\t\t\t\t\t\t1. Kons\u00fcltasyon\t\t\t\t\t\t<\/a>\n\t\t\t\t\t<\/h4>\n\t\t\t\t\n\t\t\t\t\t\t\t\t\t<p class=\"elementor-icon-box-description\">\n\t\t\t\t\t\tHastam\u0131zla ilk g\u00f6r\u00fc\u015fmede a\u011f\u0131z ve di\u015f sa\u011fl\u0131\u011f\u0131n\u0131z\u0131 detayl\u0131 \u015fekilde inceliyor, beklentilerinizi dinliyor ve size \u00f6zel en uygun tedavi se\u00e7eneklerini sunuyoruz.\t\t\t\t\t<\/p>\n\t\t\t\t\n\t\t\t<\/div>\n\t\t\t\n\t\t<\/div>\n\t\t\t\t\t\t<\/div>\n\t\t\t\t<div class=\"elementor-element elementor-element-6c3f8aaa elementor-view-stacked elementor-position-left elementor-tablet-position-left elementor-mobile-position-left elementor-widget__width-initial elementor-widget-tablet__width-initial elementor-shape-circle elementor-widget elementor-widget-icon-box\" data-id=\"6c3f8aaa\" data-element_type=\"widget\" data-widget_type=\"icon-box.default\">\n\t\t\t\t\t\t\t<div class=\"elementor-icon-box-wrapper\">\n\n\t\t\t\t\t\t<div class=\"elementor-icon-box-icon\">\n\t\t\t\t<a href=\"#\" class=\"elementor-icon\" tabindex=\"-1\" aria-label=\"2. Check Up\">\n\t\t\t\t<svg aria-hidden=\"true\" class=\"e-font-icon-svg e-fas-check-circle\" viewBox=\"0 0 512 512\" xmlns=\"http:\/\/www.w3.org\/2000\/svg\"><path d=\"M504 256c0 136.967-111.033 248-248 248S8 392.967 8 256 119.033 8 256 8s248 111.033 248 248zM227.314 387.314l184-184c6.248-6.248 6.248-16.379 0-22.627l-22.627-22.627c-6.248-6.249-16.379-6.249-22.628 0L216 308.118l-70.059-70.059c-6.248-6.248-16.379-6.248-22.628 0l-22.627 22.627c-6.248 6.248-6.248 16.379 0 22.627l104 104c6.249 6.249 16.379 6.249 22.628.001z\"><\/path><\/svg>\t\t\t\t<\/a>\n\t\t\t<\/div>\n\t\t\t\n\t\t\t\t\t\t<div class=\"elementor-icon-box-content\">\n\n\t\t\t\t\t\t\t\t\t<h4 class=\"elementor-icon-box-title\">\n\t\t\t\t\t\t<a href=\"#\" >\n\t\t\t\t\t\t\t2. Check Up\t\t\t\t\t\t<\/a>\n\t\t\t\t\t<\/h4>\n\t\t\t\t\n\t\t\t\t\t\t\t\t\t<p class=\"elementor-icon-box-description\">\n\t\t\t\t\t\tD\u00fczenli check-up ile di\u015f ve a\u011f\u0131z sa\u011fl\u0131\u011f\u0131n\u0131z\u0131 koruyor, olas\u0131 sorunlar\u0131 erken a\u015famada tespit ederek \u00f6nlem al\u0131yoruz.\t\t\t\t\t<\/p>\n\t\t\t\t\n\t\t\t<\/div>\n\t\t\t\n\t\t<\/div>\n\t\t\t\t\t\t<\/div>\n\t\t\t\t<div class=\"elementor-element elementor-element-1a19bd8b elementor-view-stacked elementor-position-left elementor-tablet-position-left elementor-mobile-position-left elementor-widget__width-initial elementor-widget-tablet__width-initial elementor-shape-circle elementor-widget elementor-widget-icon-box\" data-id=\"1a19bd8b\" data-element_type=\"widget\" data-widget_type=\"icon-box.default\">\n\t\t\t\t\t\t\t<div class=\"elementor-icon-box-wrapper\">\n\n\t\t\t\t\t\t<div class=\"elementor-icon-box-icon\">\n\t\t\t\t<a href=\"#\" class=\"elementor-icon\" tabindex=\"-1\" aria-label=\"3. Tedavi\">\n\t\t\t\t<svg aria-hidden=\"true\" class=\"e-font-icon-svg e-fas-check-circle\" viewBox=\"0 0 512 512\" xmlns=\"http:\/\/www.w3.org\/2000\/svg\"><path d=\"M504 256c0 136.967-111.033 248-248 248S8 392.967 8 256 119.033 8 256 8s248 111.033 248 248zM227.314 387.314l184-184c6.248-6.248 6.248-16.379 0-22.627l-22.627-22.627c-6.248-6.249-16.379-6.249-22.628 0L216 308.118l-70.059-70.059c-6.248-6.248-16.379-6.248-22.628 0l-22.627 22.627c-6.248 6.248-6.248 16.379 0 22.627l104 104c6.249 6.249 16.379 6.249 22.628.001z\"><\/path><\/svg>\t\t\t\t<\/a>\n\t\t\t<\/div>\n\t\t\t\n\t\t\t\t\t\t<div class=\"elementor-icon-box-content\">\n\n\t\t\t\t\t\t\t\t\t<h4 class=\"elementor-icon-box-title\">\n\t\t\t\t\t\t<a href=\"#\" >\n\t\t\t\t\t\t\t3. Tedavi\t\t\t\t\t\t<\/a>\n\t\t\t\t\t<\/h4>\n\t\t\t\t\n\t\t\t\t\t\t\t\t\t<p class=\"elementor-icon-box-description\">\n\t\t\t\t\t\tTecr\u00fcbeli hekimlerimiz, ki\u015fiye \u00f6zel planlanan tedaviyi konforlu ve g\u00fcvenli bir \u015fekilde uygulayarak sa\u011fl\u0131kl\u0131 ve estetik sonu\u00e7lar sa\u011fl\u0131yor.\t\t\t\t\t<\/p>\n\t\t\t\t\n\t\t\t<\/div>\n\t\t\t\n\t\t<\/div>\n\t\t\t\t\t\t<\/div>\n\t\t\t\t<div class=\"elementor-element elementor-element-477765b6 elementor-view-stacked elementor-position-left elementor-tablet-position-left elementor-mobile-position-left elementor-widget__width-initial elementor-widget-tablet__width-initial elementor-shape-circle elementor-widget elementor-widget-icon-box\" data-id=\"477765b6\" data-element_type=\"widget\" data-widget_type=\"icon-box.default\">\n\t\t\t\t\t\t\t<div class=\"elementor-icon-box-wrapper\">\n\n\t\t\t\t\t\t<div class=\"elementor-icon-box-icon\">\n\t\t\t\t<a href=\"#\" class=\"elementor-icon\" tabindex=\"-1\" aria-label=\"4. Kontrol\">\n\t\t\t\t<svg aria-hidden=\"true\" class=\"e-font-icon-svg e-fas-check-circle\" viewBox=\"0 0 512 512\" xmlns=\"http:\/\/www.w3.org\/2000\/svg\"><path d=\"M504 256c0 136.967-111.033 248-248 248S8 392.967 8 256 119.033 8 256 8s248 111.033 248 248zM227.314 387.314l184-184c6.248-6.248 6.248-16.379 0-22.627l-22.627-22.627c-6.248-6.249-16.379-6.249-22.628 0L216 308.118l-70.059-70.059c-6.248-6.248-16.379-6.248-22.628 0l-22.627 22.627c-6.248 6.248-6.248 16.379 0 22.627l104 104c6.249 6.249 16.379 6.249 22.628.001z\"><\/path><\/svg>\t\t\t\t<\/a>\n\t\t\t<\/div>\n\t\t\t\n\t\t\t\t\t\t<div class=\"elementor-icon-box-content\">\n\n\t\t\t\t\t\t\t\t\t<h4 class=\"elementor-icon-box-title\">\n\t\t\t\t\t\t<a href=\"#\" >\n\t\t\t\t\t\t\t4. Kontrol\t\t\t\t\t\t<\/a>\n\t\t\t\t\t<\/h4>\n\t\t\t\t\n\t\t\t\t\t\t\t\t\t<p class=\"elementor-icon-box-description\">\n\t\t\t\t\t\tTedavi sonras\u0131 d\u00fczenli kontroller ile g\u00fcl\u00fc\u015f\u00fcn\u00fcz\u00fcn kal\u0131c\u0131l\u0131\u011f\u0131n\u0131 ve a\u011f\u0131z sa\u011fl\u0131\u011f\u0131n\u0131z\u0131n devam\u0131n\u0131 garanti alt\u0131na al\u0131yoruz.\t\t\t\t\t<\/p>\n\t\t\t\t\n\t\t\t<\/div>\n\t\t\t\n\t\t<\/div>\n\t\t\t\t\t\t<\/div>\n\t\t\t\t\t<\/div>\n\t\t<\/div>\n\t\t\t\t\t<\/div>\n\t\t<\/section>\n\t\t<div class=\"elementor-element elementor-element-87b9a67 e-flex e-con-boxed e-con e-parent\" data-id=\"87b9a67\" data-element_type=\"container\">\n\t\t\t\t\t<div class=\"e-con-inner\">\n\t\t\t\t<div class=\"elementor-element elementor-element-3c4cc06 elementor-widget elementor-widget-text-editor\" data-id=\"3c4cc06\" data-element_type=\"widget\" data-widget_type=\"text-editor.default\">\n\t\t\t\t\t\t\t\t\t<p data-start=\"110\" data-end=\"611\">G\u00fcl\u00fc\u015f tasar\u0131m\u0131, di\u015flerinizin, dudaklar\u0131n\u0131z\u0131n ve di\u015f etlerinizin estetik uyumunu sa\u011flayan kapsaml\u0131 bir tedavi plan\u0131d\u0131r. Her bireyin y\u00fcz hatlar\u0131 ve ki\u015fisel beklentileri farkl\u0131d\u0131r; bu nedenle tedavi tamamen ki\u015fiye \u00f6zel planlan\u0131r. Hayalinizdeki g\u00fcl\u00fc\u015f yaln\u0131zca bir ad\u0131m \u00f6tenizde! G\u00fcl\u00fc\u015f\u00fcn\u00fcz, sizin en de\u011ferli aksesuar\u0131n\u0131zd\u0131r; ona hak etti\u011fi de\u011feri verin. Tezgel Clinic\u2019te g\u00fcl\u00fc\u015f tasar\u0131m\u0131, yaln\u0131zca di\u015flerin g\u00f6r\u00fcn\u00fcm\u00fcn\u00fc iyile\u015ftirmekle kalmaz, ayn\u0131 zamanda dikkat \u00e7eken ve do\u011fal bir estetik yarat\u0131r. \u0130zmir\u2019in prestijli b\u00f6lgesi Bal\u00e7ova\u2019da sundu\u011fumuz premium hizmetlerle her hasta, kendine \u00f6zel bir deneyim ya\u015far.<\/p><p data-start=\"1218\" data-end=\"1686\">Tezgel Clinic\u2019te g\u00fcl\u00fc\u015f tasar\u0131m s\u00fcrecimiz, net ve anla\u015f\u0131l\u0131r ad\u0131mlardan olu\u015fur. \u00d6ncelikle detayl\u0131 muayene ve analiz ile ba\u015fl\u0131yoruz. Hastam\u0131zla ilk g\u00f6r\u00fc\u015fmede a\u011f\u0131z sa\u011fl\u0131\u011f\u0131 durumu, di\u015f yap\u0131s\u0131 ve estetik beklentiler analiz edilir. Gerekli r\u00f6ntgen, foto\u011fraf ve dijital \u00f6l\u00e7\u00fcmler al\u0131n\u0131r. Ard\u0131ndan tecr\u00fcbeli hekimlerimiz, 20 y\u0131l\u0131 a\u015fk\u0131n deneyimleriyle en uygun tedavi se\u00e7eneklerini sunar. Planlama a\u015famas\u0131nda hastan\u0131n g\u00fcl\u00fc\u015f esteti\u011fi, y\u00fcz hatlar\u0131 ve beklentileri dikkate al\u0131n\u0131r.<\/p><p data-start=\"1688\" data-end=\"2134\">Modern teknolojiler kullan\u0131larak 3D sim\u00fclasyon ve dijital mock-up haz\u0131rlan\u0131r. Hastalar, tedavi sonras\u0131 g\u00fcl\u00fc\u015flerini \u00f6nceden g\u00f6rebilir. G\u00fcl\u00fc\u015f tasar\u0131m\u0131, zirkonyum kaplama, laminat veneer, implant veya kompozit uygulamalarla hayata ge\u00e7irilir. Tedavi s\u0131ras\u0131nda konforunuz \u00f6nceli\u011fimizdir. Tedavi tamamland\u0131ktan sonra d\u00fczenli kontroller ile g\u00fcl\u00fc\u015f\u00fcn\u00fcz\u00fcn kal\u0131c\u0131 ve sa\u011fl\u0131kl\u0131 kalmas\u0131 sa\u011flan\u0131r. Her ad\u0131mda, hastam\u0131z\u0131n memnuniyeti ve rahatl\u0131\u011f\u0131 \u00f6n plandad\u0131r.<\/p><p data-start=\"2136\" data-end=\"2647\">\u0130zmir, sadece modern di\u015f tedavileri ve deneyimli hekimleriyle de\u011fil, ayn\u0131 zamanda sa\u011fl\u0131k turizmi i\u00e7in de cazip bir destinasyondur. Tezgel Clinic olarak, yurtd\u0131\u015f\u0131ndan gelen misafirlerimize konaklama, ula\u015f\u0131m ve rehberlik hizmetleri de sunuyoruz. Hastalar\u0131m\u0131z, tedavi s\u00fcrecini \u0130zmir\u2019in g\u00fczellikleriyle birle\u015ftirerek hem sa\u011fl\u0131k hem de tatil deneyimi ya\u015fayabilir. \u0130zmir\u2019in \u00f6ne \u00e7\u0131kan turistik ve tarihi yerleri aras\u0131nda Efes Antik Kenti, \u00c7e\u015fme ve Ala\u00e7at\u0131, \u0130zmir Saat Kulesi, Kemeralt\u0131 \u00c7ar\u015f\u0131s\u0131 ve Kadifekale bulunur.<\/p><h4 data-start=\"2649\" data-end=\"3123\">Neden Tezgel Clinic?<\/h4><p data-start=\"2649\" data-end=\"3123\">Hekimlerimiz 20 y\u0131l\u0131 a\u015fk\u0131n tecr\u00fcbesiyle g\u00fcvenli ve etkili \u00e7\u00f6z\u00fcmler sunar. G\u00fcl\u00fc\u015f tasar\u0131m\u0131nda en kaliteli malzemeler ve modern teknikler kullan\u0131l\u0131r. Her tedavi, hastan\u0131n y\u00fcz hatlar\u0131 ve beklentilerine \u00f6zel planlan\u0131r. \u0130zmir\u2019de tedavi olurken \u015fehrin k\u00fclt\u00fcrel ve tarihi g\u00fczelliklerini ke\u015ffetme f\u0131rsat\u0131 sunuyoruz. Her ad\u0131mda rahatl\u0131k, g\u00fcven ve estetik \u00f6n plandad\u0131r. G\u00fcl\u00fc\u015f\u00fcn\u00fczdeki fark\u0131 yaln\u0131zca biz yaratabiliriz. Tecr\u00fcbemizle esteti\u011fi bir araya getiriyoruz.<\/p><p data-start=\"3125\" data-end=\"3367\">\u0130zmir Bal\u00e7ova g\u00fcl\u00fc\u015f tasar\u0131m\u0131, premium di\u015f tedavisi \u0130zmir, sa\u011fl\u0131k turizmi \u0130zmir di\u015f, tecr\u00fcbeli di\u015f hekimleri \u0130zmir, zirkonyum kaplama \u0130zmir, lamine veneer Bal\u00e7ova, estetik di\u015f tedavisi \u0130zmir.<\/p><p data-start=\"3369\" data-end=\"3695\">Hayalinizdeki g\u00fcl\u00fc\u015f art\u0131k \u00e7ok yak\u0131n! Tezgel Clinic, \u0130zmir Bal\u00e7ova\u2019daki premium di\u015f klini\u011fi olarak size sa\u011fl\u0131kl\u0131, estetik ve g\u00fcven veren \u00e7\u00f6z\u00fcmler sunuyor. G\u00fcl\u00fc\u015f tasar\u0131m\u0131yla sadece estetik kazanmaz, ayn\u0131 zamanda \u00f6zg\u00fcven ve ya\u015fam kalitenizi y\u00fckseltirsiniz. G\u00fcl\u00fc\u015f\u00fcn\u00fcz\u00fc gelece\u011fe ta\u015f\u0131yacak ad\u0131m\u0131 at\u0131n, randevunuzu bug\u00fcn olu\u015fturun!<\/p>\t\t\t\t\t\t\t\t<\/div>\n\t\t\t\t\t<\/div>\n\t\t\t\t<\/div>\n\t\t\t\t<\/div>\n\t\t","protected":false},"excerpt":{"rendered":"<p>Hayalinizdeki G\u00fcl\u00fc\u015f, Tecr\u00fcbemizle Ger\u00e7ekle\u015fir G\u00fcl\u00fc\u015f tasar\u0131m\u0131 ile di\u015flerinizi sadece g\u00fczelle\u015ftirmiyoruz; sa\u011fl\u0131kl\u0131, estetik ve size \u00f6zel bir g\u00fcl\u00fc\u015f yarat\u0131yoruz. G\u00fcl\u00fc\u015f Tasar\u0131m\u0131 G\u00fcl\u00fc\u015f tasar\u0131m\u0131, di\u015f hekimli\u011finin teknik ve teknolojilerinin sanat ile birle\u015ferek ki\u015fiye \u00f6zel g\u00fcl\u00fc\u015f kazand\u0131rma uygulamas\u0131d\u0131r. G\u00fcl\u00fc\u015f tasar\u0131m\u0131nda y\u00fcz\u00fcn anatomi yap\u0131s\u0131, hastan\u0131n istekleri ve hekimin tavsiyeleri etkili olmaktad\u0131r. G\u00fcl\u00fc\u015f tasar\u0131m\u0131n\u0131n amac\u0131, ge\u00e7mi\u015fin aksine m\u00fcmk\u00fcn oldu\u011funca konservatif [&hellip;]<\/p>\n","protected":false},"author":1,"featured_media":0,"parent":142,"menu_order":0,"comment_status":"closed","ping_status":"closed","template":"elementor_header_footer","meta":{"footnotes":""},"class_list":["post-332","page","type-page","status-publish","hentry"],"_links":{"self":[{"href":"https:\/\/www.tezgelclinic.com\/index.php?rest_route=\/wp\/v2\/pages\/332","targetHints":{"allow":["GET"]}}],"collection":[{"href":"https:\/\/www.tezgelclinic.com\/index.php?rest_route=\/wp\/v2\/pages"}],"about":[{"href":"https:\/\/www.tezgelclinic.com\/index.php?rest_route=\/wp\/v2\/types\/page"}],"author":[{"embeddable":true,"href":"https:\/\/www.tezgelclinic.com\/index.php?rest_route=\/wp\/v2\/users\/1"}],"replies":[{"embeddable":true,"href":"https:\/\/www.tezgelclinic.com\/index.php?rest_route=%2Fwp%2Fv2%2Fcomments&post=332"}],"version-history":[{"count":10,"href":"https:\/\/www.tezgelclinic.com\/index.php?rest_route=\/wp\/v2\/pages\/332\/revisions"}],"predecessor-version":[{"id":1330,"href":"https:\/\/www.tezgelclinic.com\/index.php?rest_route=\/wp\/v2\/pages\/332\/revisions\/1330"}],"up":[{"embeddable":true,"href":"https:\/\/www.tezgelclinic.com\/index.php?rest_route=\/wp\/v2\/pages\/142"}],"wp:attachment":[{"href":"https:\/\/www.tezgelclinic.com\/index.php?rest_route=%2Fwp%2Fv2%2Fmedia&parent=332"}],"curies":[{"name":"wp","href":"https:\/\/api.w.org\/{rel}","templated":true}]}}