{"id":334,"date":"2025-08-28T22:50:00","date_gmt":"2025-08-28T19:50:00","guid":{"rendered":"https:\/\/www.tezgelclinic.com\/?page_id=334"},"modified":"2026-02-22T00:08:54","modified_gmt":"2026-02-21T21:08:54","slug":"kanal-tedavisi","status":"publish","type":"page","link":"https:\/\/www.tezgelclinic.com\/?page_id=334","title":{"rendered":"Kanal Tedavisi"},"content":{"rendered":"\t\t<div data-elementor-type=\"wp-page\" data-elementor-id=\"334\" class=\"elementor elementor-334\" data-elementor-post-type=\"page\">\n\t\t\t\t\t\t<section class=\"elementor-section elementor-top-section elementor-element elementor-element-10653d06 elementor-section-boxed elementor-section-height-default elementor-section-height-default\" data-id=\"10653d06\" data-element_type=\"section\" data-settings=\"{&quot;background_background&quot;:&quot;classic&quot;}\">\n\t\t\t\t\t\t\t<div class=\"elementor-background-overlay\"><\/div>\n\t\t\t\t\t\t\t<div class=\"elementor-container elementor-column-gap-default\">\n\t\t\t\t\t<div class=\"elementor-column elementor-col-100 elementor-top-column elementor-element elementor-element-4a481c88\" data-id=\"4a481c88\" data-element_type=\"column\">\n\t\t\t<div class=\"elementor-widget-wrap elementor-element-populated\">\n\t\t\t\t\t\t<div class=\"elementor-element elementor-element-39053b9e elementor-widget__width-initial elementor-widget elementor-widget-heading\" data-id=\"39053b9e\" data-element_type=\"widget\" data-widget_type=\"heading.default\">\n\t\t\t\t\t<h1 class=\"elementor-heading-title elementor-size-default\">Kanal Tedavisi (Endodonti): Di\u015finizi Kurtaran Uzmanl\u0131k<\/h1>\t\t\t\t<\/div>\n\t\t\t\t\t<\/div>\n\t\t<\/div>\n\t\t\t\t\t<\/div>\n\t\t<\/section>\n\t\t\t\t<section class=\"elementor-section elementor-top-section elementor-element elementor-element-40a6bcb4 elementor-section-boxed elementor-section-height-default elementor-section-height-default\" data-id=\"40a6bcb4\" data-element_type=\"section\" data-settings=\"{&quot;background_background&quot;:&quot;classic&quot;}\">\n\t\t\t\t\t\t\t<div class=\"elementor-background-overlay\"><\/div>\n\t\t\t\t\t\t\t<div class=\"elementor-container elementor-column-gap-default\">\n\t\t\t\t\t<div class=\"elementor-column elementor-col-100 elementor-top-column elementor-element elementor-element-2edea49d\" data-id=\"2edea49d\" data-element_type=\"column\">\n\t\t\t<div class=\"elementor-widget-wrap elementor-element-populated\">\n\t\t\t\t\t\t<div class=\"elementor-element elementor-element-d450d87 elementor-widget elementor-widget-heading\" data-id=\"d450d87\" data-element_type=\"widget\" data-widget_type=\"heading.default\">\n\t\t\t\t\t<h3 class=\"elementor-heading-title elementor-size-default\">Kanal Tedavisi - Endodonti<\/h3>\t\t\t\t<\/div>\n\t\t\t\t<div class=\"elementor-element elementor-element-378d4a91 elementor-widget elementor-widget-text-editor\" data-id=\"378d4a91\" data-element_type=\"widget\" data-widget_type=\"text-editor.default\">\n\t\t\t\t\t\t\t\t\t<p>Endodontik tedavi, ileri derecede \u00e7\u00fcr\u00fcm\u00fc\u015f, enfekte olmu\u015f veya k\u0131r\u0131lm\u0131\u015f di\u015flerin tedavisinde vazge\u00e7ilmez bir i\u015flemdir etkilenen di\u015fi \u00e7ekimden kurtar\u0131r ve uzun y\u0131llar muhafaza eder.\u00a0<a href=\"https:\/\/www.modernklinik.com.tr\/endodonti-kanal-tedavisi\">Endodonti kanal tedavisi,<\/a>\u00a0do\u011fal di\u015flerin herhangi bir nedenle zarar g\u00f6rmesi ve di\u015fte olu\u015fan baz\u0131 nedenler ile i\u015flevini yerine getirememesi durumunda s\u0131kl\u0131kla uygulanmaktad\u0131r.<\/p><p>Genelde di\u015fi enfeksiyon, a\u011fr\u0131 ve di\u011fer komplikasyonlardan korumak ad\u0131na yap\u0131l\u0131r.<\/p><p>Endodontik tedavi, genelde<\/p><ul><li>Di\u015f apsesi<\/li><li>\u00d6l\u00fc di\u015f ve derin \u00e7\u00fcr\u00fckler<\/li><li>Ciddi di\u015f k\u0131r\u0131\u011f\u0131<\/li><li>Derin bo\u015fluklar<\/li><li>\u015eiddetli di\u015f hassasiyeti veya a\u011fr\u0131s\u0131 gibi durumlarda \u00f6nerilir<\/li><\/ul>\t\t\t\t\t\t\t\t<\/div>\n\t\t\t\t<div class=\"elementor-element elementor-element-5b28dbfb elementor-widget elementor-widget-text-editor\" data-id=\"5b28dbfb\" data-element_type=\"widget\" data-widget_type=\"text-editor.default\">\n\t\t\t\t\t\t\t\t\t<p data-start=\"163\" data-end=\"473\">Di\u015f a\u011fr\u0131s\u0131, hassasiyet veya enfeksiyon \u00e7o\u011fu zaman di\u015fin i\u00e7indeki <strong data-start=\"228\" data-end=\"269\">pulpa dokusunun (sinir ve damarlar\u0131n)<\/strong> iltihaplanmas\u0131ndan kaynaklan\u0131r. Bu noktada <strong data-start=\"313\" data-end=\"326\">endodonti<\/strong>, yani kanal tedavisi devreye girer. Kanal tedavisi, di\u015fi \u00e7ekmeden kurtararak hem estetik hem fonksiyonel a\u00e7\u0131dan sa\u011fl\u0131kl\u0131 bir a\u011f\u0131z yap\u0131s\u0131 sa\u011flar.<\/p>\n<p data-start=\"475\" data-end=\"689\">Endodonti, di\u015fin k\u00f6k kanallar\u0131ndaki enfekte dokular\u0131n temizlenip \u015fekillendirilmesi ve \u00f6zel dolgu materyalleri ile kaplanmas\u0131n\u0131 kapsar. Bu sayede di\u015f, \u00e7i\u011fneme fonksiyonunu kaybetmeden uzun y\u0131llar a\u011f\u0131zda kalabilir.<\/p>\n<p data-start=\"475\" data-end=\"689\"><center><img fetchpriority=\"high\" decoding=\"async\" class=\"alignnone size-large wp-image-849\" src=\"http:\/\/www.tezgelclinic.com\/wp-content\/uploads\/2026\/02\/Root-Canal-Treatment.jpg-849x1024.webp\" alt=\"\" width=\"800\" height=\"965\" srcset=\"https:\/\/www.tezgelclinic.com\/wp-content\/uploads\/2026\/02\/Root-Canal-Treatment.jpg-849x1024.webp 849w, https:\/\/www.tezgelclinic.com\/wp-content\/uploads\/2026\/02\/Root-Canal-Treatment.jpg-249x300.webp 249w, https:\/\/www.tezgelclinic.com\/wp-content\/uploads\/2026\/02\/Root-Canal-Treatment.jpg-768x926.webp 768w, https:\/\/www.tezgelclinic.com\/wp-content\/uploads\/2026\/02\/Root-Canal-Treatment.jpg.webp 1244w\" sizes=\"(max-width: 800px) 100vw, 800px\" \/><\/p>\t\t\t\t\t\t\t\t<\/div>\n\t\t\t\t<div class=\"elementor-element elementor-element-720153e2 elementor-widget elementor-widget-heading\" data-id=\"720153e2\" data-element_type=\"widget\" data-widget_type=\"heading.default\">\n\t\t\t\t\t<h4 class=\"elementor-heading-title elementor-size-default\">Kanal Tedavisi S\u00fcre\u00e7leri<\/h4>\t\t\t\t<\/div>\n\t\t\t\t<div class=\"elementor-element elementor-element-71f29c52 elementor-view-stacked elementor-position-left elementor-tablet-position-left elementor-mobile-position-left elementor-widget__width-initial elementor-widget-tablet__width-initial elementor-shape-circle elementor-widget elementor-widget-icon-box\" data-id=\"71f29c52\" data-element_type=\"widget\" data-widget_type=\"icon-box.default\">\n\t\t\t\t\t\t\t<div class=\"elementor-icon-box-wrapper\">\n\n\t\t\t\t\t\t<div class=\"elementor-icon-box-icon\">\n\t\t\t\t<a href=\"#\" class=\"elementor-icon\" tabindex=\"-1\" aria-label=\"1. Muayene ve R\u00f6ntgen:\">\n\t\t\t\t<svg aria-hidden=\"true\" class=\"e-font-icon-svg e-fas-check-circle\" viewBox=\"0 0 512 512\" xmlns=\"http:\/\/www.w3.org\/2000\/svg\"><path d=\"M504 256c0 136.967-111.033 248-248 248S8 392.967 8 256 119.033 8 256 8s248 111.033 248 248zM227.314 387.314l184-184c6.248-6.248 6.248-16.379 0-22.627l-22.627-22.627c-6.248-6.249-16.379-6.249-22.628 0L216 308.118l-70.059-70.059c-6.248-6.248-16.379-6.248-22.628 0l-22.627 22.627c-6.248 6.248-6.248 16.379 0 22.627l104 104c6.249 6.249 16.379 6.249 22.628.001z\"><\/path><\/svg>\t\t\t\t<\/a>\n\t\t\t<\/div>\n\t\t\t\n\t\t\t\t\t\t<div class=\"elementor-icon-box-content\">\n\n\t\t\t\t\t\t\t\t\t<h4 class=\"elementor-icon-box-title\">\n\t\t\t\t\t\t<a href=\"#\" >\n\t\t\t\t\t\t\t1. Muayene ve R\u00f6ntgen:\t\t\t\t\t\t<\/a>\n\t\t\t\t\t<\/h4>\n\t\t\t\t\n\t\t\t\t\t\t\t\t\t<p class=\"elementor-icon-box-description\">\n\t\t\t\t\t\tDi\u015fin durumu ve k\u00f6k kanallar\u0131n\u0131n yap\u0131s\u0131 detayl\u0131 \u015fekilde incelenir.\t\t\t\t\t<\/p>\n\t\t\t\t\n\t\t\t<\/div>\n\t\t\t\n\t\t<\/div>\n\t\t\t\t\t\t<\/div>\n\t\t\t\t<div class=\"elementor-element elementor-element-6c3f8aaa elementor-view-stacked elementor-position-left elementor-tablet-position-left elementor-mobile-position-left elementor-widget__width-initial elementor-widget-tablet__width-initial elementor-shape-circle elementor-widget elementor-widget-icon-box\" data-id=\"6c3f8aaa\" data-element_type=\"widget\" data-widget_type=\"icon-box.default\">\n\t\t\t\t\t\t\t<div class=\"elementor-icon-box-wrapper\">\n\n\t\t\t\t\t\t<div class=\"elementor-icon-box-icon\">\n\t\t\t\t<a href=\"#\" class=\"elementor-icon\" tabindex=\"-1\" aria-label=\"2. Anestezi:\">\n\t\t\t\t<svg aria-hidden=\"true\" class=\"e-font-icon-svg e-fas-check-circle\" viewBox=\"0 0 512 512\" xmlns=\"http:\/\/www.w3.org\/2000\/svg\"><path d=\"M504 256c0 136.967-111.033 248-248 248S8 392.967 8 256 119.033 8 256 8s248 111.033 248 248zM227.314 387.314l184-184c6.248-6.248 6.248-16.379 0-22.627l-22.627-22.627c-6.248-6.249-16.379-6.249-22.628 0L216 308.118l-70.059-70.059c-6.248-6.248-16.379-6.248-22.628 0l-22.627 22.627c-6.248 6.248-6.248 16.379 0 22.627l104 104c6.249 6.249 16.379 6.249 22.628.001z\"><\/path><\/svg>\t\t\t\t<\/a>\n\t\t\t<\/div>\n\t\t\t\n\t\t\t\t\t\t<div class=\"elementor-icon-box-content\">\n\n\t\t\t\t\t\t\t\t\t<h4 class=\"elementor-icon-box-title\">\n\t\t\t\t\t\t<a href=\"#\" >\n\t\t\t\t\t\t\t2. Anestezi:\t\t\t\t\t\t<\/a>\n\t\t\t\t\t<\/h4>\n\t\t\t\t\n\t\t\t\t\t\t\t\t\t<p class=\"elementor-icon-box-description\">\n\t\t\t\t\t\t\u0130\u015flem lokal anestezi ile ger\u00e7ekle\u015ftirilir, hasta a\u011fr\u0131 hissetmez.\t\t\t\t\t<\/p>\n\t\t\t\t\n\t\t\t<\/div>\n\t\t\t\n\t\t<\/div>\n\t\t\t\t\t\t<\/div>\n\t\t\t\t<div class=\"elementor-element elementor-element-1a19bd8b elementor-view-stacked elementor-position-left elementor-tablet-position-left elementor-mobile-position-left elementor-widget__width-initial elementor-widget-tablet__width-initial elementor-shape-circle elementor-widget elementor-widget-icon-box\" data-id=\"1a19bd8b\" data-element_type=\"widget\" data-widget_type=\"icon-box.default\">\n\t\t\t\t\t\t\t<div class=\"elementor-icon-box-wrapper\">\n\n\t\t\t\t\t\t<div class=\"elementor-icon-box-icon\">\n\t\t\t\t<a href=\"#\" class=\"elementor-icon\" tabindex=\"-1\" aria-label=\"3. Kanal A\u00e7ma ve Temizleme:\">\n\t\t\t\t<svg aria-hidden=\"true\" class=\"e-font-icon-svg e-fas-check-circle\" viewBox=\"0 0 512 512\" xmlns=\"http:\/\/www.w3.org\/2000\/svg\"><path d=\"M504 256c0 136.967-111.033 248-248 248S8 392.967 8 256 119.033 8 256 8s248 111.033 248 248zM227.314 387.314l184-184c6.248-6.248 6.248-16.379 0-22.627l-22.627-22.627c-6.248-6.249-16.379-6.249-22.628 0L216 308.118l-70.059-70.059c-6.248-6.248-16.379-6.248-22.628 0l-22.627 22.627c-6.248 6.248-6.248 16.379 0 22.627l104 104c6.249 6.249 16.379 6.249 22.628.001z\"><\/path><\/svg>\t\t\t\t<\/a>\n\t\t\t<\/div>\n\t\t\t\n\t\t\t\t\t\t<div class=\"elementor-icon-box-content\">\n\n\t\t\t\t\t\t\t\t\t<h4 class=\"elementor-icon-box-title\">\n\t\t\t\t\t\t<a href=\"#\" >\n\t\t\t\t\t\t\t3. Kanal A\u00e7ma ve Temizleme:\t\t\t\t\t\t<\/a>\n\t\t\t\t\t<\/h4>\n\t\t\t\t\n\t\t\t\t\t\t\t\t\t<p class=\"elementor-icon-box-description\">\n\t\t\t\t\t\tDi\u015fin \u00fcst k\u0131sm\u0131ndan kanal sistemine ula\u015f\u0131l\u0131r, enfekte pulpa dokusu temizlenir.\t\t\t\t\t<\/p>\n\t\t\t\t\n\t\t\t<\/div>\n\t\t\t\n\t\t<\/div>\n\t\t\t\t\t\t<\/div>\n\t\t\t\t<div class=\"elementor-element elementor-element-477765b6 elementor-view-stacked elementor-position-left elementor-tablet-position-left elementor-mobile-position-left elementor-widget__width-initial elementor-widget-tablet__width-initial elementor-shape-circle elementor-widget elementor-widget-icon-box\" data-id=\"477765b6\" data-element_type=\"widget\" data-widget_type=\"icon-box.default\">\n\t\t\t\t\t\t\t<div class=\"elementor-icon-box-wrapper\">\n\n\t\t\t\t\t\t<div class=\"elementor-icon-box-icon\">\n\t\t\t\t<a href=\"#\" class=\"elementor-icon\" tabindex=\"-1\" aria-label=\"4. Kanal \u015eekillendirme:\">\n\t\t\t\t<svg aria-hidden=\"true\" class=\"e-font-icon-svg e-fas-check-circle\" viewBox=\"0 0 512 512\" xmlns=\"http:\/\/www.w3.org\/2000\/svg\"><path d=\"M504 256c0 136.967-111.033 248-248 248S8 392.967 8 256 119.033 8 256 8s248 111.033 248 248zM227.314 387.314l184-184c6.248-6.248 6.248-16.379 0-22.627l-22.627-22.627c-6.248-6.249-16.379-6.249-22.628 0L216 308.118l-70.059-70.059c-6.248-6.248-16.379-6.248-22.628 0l-22.627 22.627c-6.248 6.248-6.248 16.379 0 22.627l104 104c6.249 6.249 16.379 6.249 22.628.001z\"><\/path><\/svg>\t\t\t\t<\/a>\n\t\t\t<\/div>\n\t\t\t\n\t\t\t\t\t\t<div class=\"elementor-icon-box-content\">\n\n\t\t\t\t\t\t\t\t\t<h4 class=\"elementor-icon-box-title\">\n\t\t\t\t\t\t<a href=\"#\" >\n\t\t\t\t\t\t\t4. Kanal \u015eekillendirme:\t\t\t\t\t\t<\/a>\n\t\t\t\t\t<\/h4>\n\t\t\t\t\n\t\t\t\t\t\t\t\t\t<p class=\"elementor-icon-box-description\">\n\t\t\t\t\t\tKanallar \u00f6zel aletlerle \u015fekillendirilir ve enfeksiyonun tekrar etmemesi sa\u011flan\u0131r.\t\t\t\t\t<\/p>\n\t\t\t\t\n\t\t\t<\/div>\n\t\t\t\n\t\t<\/div>\n\t\t\t\t\t\t<\/div>\n\t\t\t\t<div class=\"elementor-element elementor-element-fcbfc18 elementor-view-stacked elementor-position-left elementor-tablet-position-left elementor-mobile-position-left elementor-widget__width-initial elementor-widget-tablet__width-initial elementor-shape-circle elementor-widget elementor-widget-icon-box\" data-id=\"fcbfc18\" data-element_type=\"widget\" data-widget_type=\"icon-box.default\">\n\t\t\t\t\t\t\t<div class=\"elementor-icon-box-wrapper\">\n\n\t\t\t\t\t\t<div class=\"elementor-icon-box-icon\">\n\t\t\t\t<a href=\"#\" class=\"elementor-icon\" tabindex=\"-1\" aria-label=\"5. Kanal Dolgusu:\">\n\t\t\t\t<svg aria-hidden=\"true\" class=\"e-font-icon-svg e-fas-check-circle\" viewBox=\"0 0 512 512\" xmlns=\"http:\/\/www.w3.org\/2000\/svg\"><path d=\"M504 256c0 136.967-111.033 248-248 248S8 392.967 8 256 119.033 8 256 8s248 111.033 248 248zM227.314 387.314l184-184c6.248-6.248 6.248-16.379 0-22.627l-22.627-22.627c-6.248-6.249-16.379-6.249-22.628 0L216 308.118l-70.059-70.059c-6.248-6.248-16.379-6.248-22.628 0l-22.627 22.627c-6.248 6.248-6.248 16.379 0 22.627l104 104c6.249 6.249 16.379 6.249 22.628.001z\"><\/path><\/svg>\t\t\t\t<\/a>\n\t\t\t<\/div>\n\t\t\t\n\t\t\t\t\t\t<div class=\"elementor-icon-box-content\">\n\n\t\t\t\t\t\t\t\t\t<h4 class=\"elementor-icon-box-title\">\n\t\t\t\t\t\t<a href=\"#\" >\n\t\t\t\t\t\t\t5. Kanal Dolgusu:\t\t\t\t\t\t<\/a>\n\t\t\t\t\t<\/h4>\n\t\t\t\t\n\t\t\t\t\t\t\t\t\t<p class=\"elementor-icon-box-description\">\n\t\t\t\t\t\tKanallar, biyouyumlu dolgu materyalleri ile kapat\u0131l\u0131r ve di\u015f korunur.\t\t\t\t\t<\/p>\n\t\t\t\t\n\t\t\t<\/div>\n\t\t\t\n\t\t<\/div>\n\t\t\t\t\t\t<\/div>\n\t\t\t\t<div class=\"elementor-element elementor-element-daa9ba4 elementor-view-stacked elementor-position-left elementor-tablet-position-left elementor-mobile-position-left elementor-widget__width-initial elementor-widget-tablet__width-initial elementor-shape-circle elementor-widget elementor-widget-icon-box\" data-id=\"daa9ba4\" data-element_type=\"widget\" data-widget_type=\"icon-box.default\">\n\t\t\t\t\t\t\t<div class=\"elementor-icon-box-wrapper\">\n\n\t\t\t\t\t\t<div class=\"elementor-icon-box-icon\">\n\t\t\t\t<a href=\"#\" class=\"elementor-icon\" tabindex=\"-1\" aria-label=\"4. Takip ve Kaplama:\">\n\t\t\t\t<svg aria-hidden=\"true\" class=\"e-font-icon-svg e-fas-check-circle\" viewBox=\"0 0 512 512\" xmlns=\"http:\/\/www.w3.org\/2000\/svg\"><path d=\"M504 256c0 136.967-111.033 248-248 248S8 392.967 8 256 119.033 8 256 8s248 111.033 248 248zM227.314 387.314l184-184c6.248-6.248 6.248-16.379 0-22.627l-22.627-22.627c-6.248-6.249-16.379-6.249-22.628 0L216 308.118l-70.059-70.059c-6.248-6.248-16.379-6.248-22.628 0l-22.627 22.627c-6.248 6.248-6.248 16.379 0 22.627l104 104c6.249 6.249 16.379 6.249 22.628.001z\"><\/path><\/svg>\t\t\t\t<\/a>\n\t\t\t<\/div>\n\t\t\t\n\t\t\t\t\t\t<div class=\"elementor-icon-box-content\">\n\n\t\t\t\t\t\t\t\t\t<h4 class=\"elementor-icon-box-title\">\n\t\t\t\t\t\t<a href=\"#\" >\n\t\t\t\t\t\t\t4. Takip ve Kaplama:\t\t\t\t\t\t<\/a>\n\t\t\t\t\t<\/h4>\n\t\t\t\t\n\t\t\t\t\t\t\t\t\t<p class=\"elementor-icon-box-description\">\n\t\t\t\t\t\tKanal tedavisi tamamland\u0131ktan sonra di\u015f genellikle dolgu veya porselen kaplama ile g\u00fc\u00e7lendirilir.\t\t\t\t\t<\/p>\n\t\t\t\t\n\t\t\t<\/div>\n\t\t\t\n\t\t<\/div>\n\t\t\t\t\t\t<\/div>\n\t\t\t\t<div class=\"elementor-element elementor-element-3f19014e elementor-widget elementor-widget-text-editor\" data-id=\"3f19014e\" data-element_type=\"widget\" data-widget_type=\"text-editor.default\">\n\t\t\t\t\t\t\t\t\t<h4 data-start=\"1395\" data-end=\"1429\">Kanal Tedavisinin Avantajlar\u0131<\/h4><ul data-start=\"1431\" data-end=\"1691\"><li data-start=\"1431\" data-end=\"1497\"><p data-start=\"1433\" data-end=\"1497\">Di\u015fi \u00e7ekmeden kurtar\u0131r ve a\u011f\u0131zda uzun \u00f6m\u00fcrl\u00fc kalmas\u0131n\u0131 sa\u011flar.<\/p><\/li><li data-start=\"1498\" data-end=\"1546\"><p data-start=\"1500\" data-end=\"1546\">A\u011fr\u0131y\u0131 ve enfeksiyonu h\u0131zl\u0131 \u015fekilde giderir.<\/p><\/li><li data-start=\"1547\" data-end=\"1589\"><p data-start=\"1549\" data-end=\"1589\">\u00c7i\u011fneme ve konu\u015fma fonksiyonunu korur.<\/p><\/li><li data-start=\"1590\" data-end=\"1638\"><p data-start=\"1592\" data-end=\"1638\">Estetik a\u00e7\u0131dan di\u015fin do\u011fal g\u00f6r\u00fcn\u00fcm\u00fcn\u00fc korur.<\/p><\/li><li data-start=\"1639\" data-end=\"1691\"><p data-start=\"1641\" data-end=\"1691\">Uzun vadede kom\u015fu di\u015flere zarar gelmesini \u00f6nler.<\/p><\/li><\/ul>\t\t\t\t\t\t\t\t<\/div>\n\t\t\t\t\t<\/div>\n\t\t<\/div>\n\t\t\t\t\t<\/div>\n\t\t<\/section>\n\t\t<div class=\"elementor-element elementor-element-87b9a67 e-flex e-con-boxed e-con e-parent\" data-id=\"87b9a67\" data-element_type=\"container\">\n\t\t\t\t\t<div class=\"e-con-inner\">\n\t\t\t\t<div class=\"elementor-element elementor-element-3c4cc06 elementor-widget elementor-widget-text-editor\" data-id=\"3c4cc06\" data-element_type=\"widget\" data-widget_type=\"text-editor.default\">\n\t\t\t\t\t\t\t\t\t<h2 data-start=\"1698\" data-end=\"1730\">S\u0131k\u00e7a Sorulan Sorular<\/h2><p data-start=\"1732\" data-end=\"1851\"><strong data-start=\"1732\" data-end=\"1760\">1. Kanal tedavisi nedir?<\/strong><br data-start=\"1760\" data-end=\"1763\" \/>Di\u015fin k\u00f6k kanallar\u0131ndaki enfekte dokular\u0131n temizlenip dolgu ile kapat\u0131lmas\u0131 i\u015flemidir.<\/p><p data-start=\"1853\" data-end=\"1963\"><strong data-start=\"1853\" data-end=\"1888\">2. Kanal tedavisi a\u011fr\u0131l\u0131 m\u0131d\u0131r?<\/strong><br data-start=\"1888\" data-end=\"1891\" \/>Hay\u0131r, lokal anestezi ile yap\u0131l\u0131r ve i\u015flem s\u0131ras\u0131nda a\u011fr\u0131 hissedilmez.<\/p><p data-start=\"1965\" data-end=\"2055\"><strong data-start=\"1965\" data-end=\"2003\">3. Kanal tedavisi ka\u00e7 seans s\u00fcrer?<\/strong><br data-start=\"2003\" data-end=\"2006\" \/>Di\u015fin durumuna g\u00f6re 1\u20133 seans aras\u0131nda de\u011fi\u015fir.<\/p><p data-start=\"2057\" data-end=\"2172\"><strong data-start=\"2057\" data-end=\"2102\">4. Kanal tedavisinden sonra di\u015f a\u011fr\u0131r m\u0131?<\/strong><br data-start=\"2102\" data-end=\"2105\" \/>\u0130\u015flem sonras\u0131 hafif hassasiyet olabilir, ancak k\u0131sa s\u00fcrede ge\u00e7er.<\/p><p data-start=\"2174\" data-end=\"2291\"><strong data-start=\"2174\" data-end=\"2221\">5. Kanal tedavisi hangi durumlarda gerekir?<\/strong><br data-start=\"2221\" data-end=\"2224\" \/>Di\u015f \u00e7\u00fcr\u00fc\u011f\u00fc, travma, k\u0131r\u0131k veya enfeksiyon durumlar\u0131nda uygulan\u0131r.<\/p><p data-start=\"2293\" data-end=\"2405\"><strong data-start=\"2293\" data-end=\"2336\">6. Kanal tedavisi ile di\u015f \u00f6mr\u00fc uzar m\u0131?<\/strong><br data-start=\"2336\" data-end=\"2339\" \/>Evet, di\u015f \u00e7ekilmeden kurtar\u0131l\u0131r ve uzun y\u0131llar a\u011f\u0131zda kalabilir.<\/p><p data-start=\"2407\" data-end=\"2510\"><strong data-start=\"2407\" data-end=\"2459\">7. Kanal tedavisinden sonra di\u015f tekrar \u00e7\u00fcr\u00fcr m\u00fc?<\/strong><br data-start=\"2459\" data-end=\"2462\" \/>Do\u011fru bak\u0131m ve kaplama ile di\u015f tekrar \u00e7\u00fcr\u00fcmez.<\/p><p data-start=\"2512\" data-end=\"2626\"><strong data-start=\"2512\" data-end=\"2560\">8. Tedavi sonras\u0131 nelere dikkat edilmelidir?<\/strong><br data-start=\"2560\" data-end=\"2563\" \/>D\u00fczenli f\u0131r\u00e7alama, di\u015f ipi kullan\u0131m\u0131 ve kontroller \u00f6nemlidir.<\/p><p data-start=\"2628\" data-end=\"2758\"><strong data-start=\"2628\" data-end=\"2678\">9. \u00c7ocuklarda kanal tedavisi uygulanabilir mi?<\/strong><br data-start=\"2678\" data-end=\"2681\" \/>Evet, s\u00fct di\u015fleri veya erken kal\u0131c\u0131 di\u015flerde endodontik tedavi yap\u0131labilir.<\/p><p data-start=\"2760\" data-end=\"2910\"><strong data-start=\"2760\" data-end=\"2796\">10. Kanal tedavisi pahal\u0131 m\u0131d\u0131r?<\/strong><br data-start=\"2796\" data-end=\"2799\" \/>Tedavi maliyeti di\u015fin durumuna ve kaplama gereksinimine g\u00f6re de\u011fi\u015fir, ancak di\u015f \u00e7ekiminden daha avantajl\u0131d\u0131r.<\/p>\t\t\t\t\t\t\t\t<\/div>\n\t\t\t\t\t<\/div>\n\t\t\t\t<\/div>\n\t\t\t\t<\/div>\n\t\t","protected":false},"excerpt":{"rendered":"<p>Kanal Tedavisi (Endodonti): Di\u015finizi Kurtaran Uzmanl\u0131k Kanal Tedavisi &#8211; Endodonti Endodontik tedavi, ileri derecede \u00e7\u00fcr\u00fcm\u00fc\u015f, enfekte olmu\u015f veya k\u0131r\u0131lm\u0131\u015f di\u015flerin tedavisinde vazge\u00e7ilmez bir i\u015flemdir etkilenen di\u015fi \u00e7ekimden kurtar\u0131r ve uzun y\u0131llar muhafaza eder.\u00a0Endodonti kanal tedavisi,\u00a0do\u011fal di\u015flerin herhangi bir nedenle zarar g\u00f6rmesi ve di\u015fte olu\u015fan baz\u0131 nedenler ile i\u015flevini yerine getirememesi durumunda s\u0131kl\u0131kla uygulanmaktad\u0131r. Genelde di\u015fi [&hellip;]<\/p>\n","protected":false},"author":1,"featured_media":0,"parent":142,"menu_order":0,"comment_status":"closed","ping_status":"closed","template":"elementor_header_footer","meta":{"footnotes":""},"class_list":["post-334","page","type-page","status-publish","hentry"],"_links":{"self":[{"href":"https:\/\/www.tezgelclinic.com\/index.php?rest_route=\/wp\/v2\/pages\/334","targetHints":{"allow":["GET"]}}],"collection":[{"href":"https:\/\/www.tezgelclinic.com\/index.php?rest_route=\/wp\/v2\/pages"}],"about":[{"href":"https:\/\/www.tezgelclinic.com\/index.php?rest_route=\/wp\/v2\/types\/page"}],"author":[{"embeddable":true,"href":"https:\/\/www.tezgelclinic.com\/index.php?rest_route=\/wp\/v2\/users\/1"}],"replies":[{"embeddable":true,"href":"https:\/\/www.tezgelclinic.com\/index.php?rest_route=%2Fwp%2Fv2%2Fcomments&post=334"}],"version-history":[{"count":17,"href":"https:\/\/www.tezgelclinic.com\/index.php?rest_route=\/wp\/v2\/pages\/334\/revisions"}],"predecessor-version":[{"id":1363,"href":"https:\/\/www.tezgelclinic.com\/index.php?rest_route=\/wp\/v2\/pages\/334\/revisions\/1363"}],"up":[{"embeddable":true,"href":"https:\/\/www.tezgelclinic.com\/index.php?rest_route=\/wp\/v2\/pages\/142"}],"wp:attachment":[{"href":"https:\/\/www.tezgelclinic.com\/index.php?rest_route=%2Fwp%2Fv2%2Fmedia&parent=334"}],"curies":[{"name":"wp","href":"https:\/\/api.w.org\/{rel}","templated":true}]}}