{"id":336,"date":"2025-08-28T22:49:08","date_gmt":"2025-08-28T19:49:08","guid":{"rendered":"https:\/\/www.tezgelclinic.com\/?page_id=336"},"modified":"2026-02-22T00:07:00","modified_gmt":"2026-02-21T21:07:00","slug":"dis-dolgusu","status":"publish","type":"page","link":"https:\/\/www.tezgelclinic.com\/?page_id=336","title":{"rendered":"Di\u015f Dolgusu"},"content":{"rendered":"\t\t<div data-elementor-type=\"wp-page\" data-elementor-id=\"336\" class=\"elementor elementor-336\" data-elementor-post-type=\"page\">\n\t\t\t\t\t\t<section class=\"elementor-section elementor-top-section elementor-element elementor-element-10653d06 elementor-section-boxed elementor-section-height-default elementor-section-height-default\" data-id=\"10653d06\" data-element_type=\"section\" data-settings=\"{&quot;background_background&quot;:&quot;classic&quot;}\">\n\t\t\t\t\t\t\t<div class=\"elementor-background-overlay\"><\/div>\n\t\t\t\t\t\t\t<div class=\"elementor-container elementor-column-gap-default\">\n\t\t\t\t\t<div class=\"elementor-column elementor-col-100 elementor-top-column elementor-element elementor-element-4a481c88\" data-id=\"4a481c88\" data-element_type=\"column\">\n\t\t\t<div class=\"elementor-widget-wrap elementor-element-populated\">\n\t\t\t\t\t\t<div class=\"elementor-element elementor-element-39053b9e elementor-widget__width-initial elementor-widget elementor-widget-heading\" data-id=\"39053b9e\" data-element_type=\"widget\" data-widget_type=\"heading.default\">\n\t\t\t\t\t<h1 class=\"elementor-heading-title elementor-size-default\">Di\u015f Dolgusu: Sa\u011fl\u0131kl\u0131 ve Estetik Di\u015fler \u0130\u00e7in Temel Tedavi<\/h1>\t\t\t\t<\/div>\n\t\t\t\t\t<\/div>\n\t\t<\/div>\n\t\t\t\t\t<\/div>\n\t\t<\/section>\n\t\t\t\t<section class=\"elementor-section elementor-top-section elementor-element elementor-element-40a6bcb4 elementor-section-boxed elementor-section-height-default elementor-section-height-default\" data-id=\"40a6bcb4\" data-element_type=\"section\" data-settings=\"{&quot;background_background&quot;:&quot;classic&quot;}\">\n\t\t\t\t\t\t\t<div class=\"elementor-background-overlay\"><\/div>\n\t\t\t\t\t\t\t<div class=\"elementor-container elementor-column-gap-default\">\n\t\t\t\t\t<div class=\"elementor-column elementor-col-100 elementor-top-column elementor-element elementor-element-2edea49d\" data-id=\"2edea49d\" data-element_type=\"column\">\n\t\t\t<div class=\"elementor-widget-wrap elementor-element-populated\">\n\t\t\t\t\t\t<div class=\"elementor-element elementor-element-d450d87 elementor-widget elementor-widget-heading\" data-id=\"d450d87\" data-element_type=\"widget\" data-widget_type=\"heading.default\">\n\t\t\t\t\t<h3 class=\"elementor-heading-title elementor-size-default\">G\u00fcl\u00fc\u015f Tasar\u0131m\u0131<\/h3>\t\t\t\t<\/div>\n\t\t\t\t<div class=\"elementor-element elementor-element-378d4a91 elementor-widget elementor-widget-text-editor\" data-id=\"378d4a91\" data-element_type=\"widget\" data-widget_type=\"text-editor.default\">\n\t\t\t\t\t\t\t\t\t<p data-start=\"151\" data-end=\"508\">Di\u015fler, a\u011f\u0131z sa\u011fl\u0131\u011f\u0131m\u0131z\u0131n en \u00f6nemli par\u00e7alar\u0131ndan biridir. Ancak yanl\u0131\u015f beslenme, a\u011f\u0131z hijyenine yeterince dikkat edilmemesi veya travmalar di\u015flerde <strong data-start=\"300\" data-end=\"328\">\u00e7\u00fcr\u00fck, k\u0131r\u0131k veya a\u015f\u0131nma<\/strong> gibi sorunlara yol a\u00e7abilir. Bu gibi durumlarda <strong data-start=\"377\" data-end=\"392\">di\u015f dolgusu<\/strong>, di\u015fi koruyan, i\u015flevini devam ettiren ve estetik a\u00e7\u0131dan do\u011fal bir g\u00f6r\u00fcn\u00fcm sa\u011flayan en etkili \u00e7\u00f6z\u00fcmlerden biridir.<\/p>\t\t\t\t\t\t\t\t<\/div>\n\t\t\t\t<div class=\"elementor-element elementor-element-5b28dbfb elementor-widget elementor-widget-text-editor\" data-id=\"5b28dbfb\" data-element_type=\"widget\" data-widget_type=\"text-editor.default\">\n\t\t\t\t\t\t\t\t\t<p>Di\u015f dolgusu, di\u015fin \u00e7\u00fcr\u00fcyen veya k\u0131r\u0131lan k\u0131sm\u0131n\u0131n temizlenip \u00f6zel dolgu materyali ile doldurulmas\u0131 i\u015flemidir. Bu sayede di\u015f hem g\u00fc\u00e7lenir hem de daha fazla hasara kar\u015f\u0131 korunmu\u015f olur.<\/p>\t\t\t\t\t\t\t\t<\/div>\n\t\t\t\t<div class=\"elementor-element elementor-element-720153e2 elementor-widget elementor-widget-heading\" data-id=\"720153e2\" data-element_type=\"widget\" data-widget_type=\"heading.default\">\n\t\t\t\t\t<h4 class=\"elementor-heading-title elementor-size-default\">Di\u015f Dolgusu Tedavi S\u00fcreci<\/h4>\t\t\t\t<\/div>\n\t\t\t\t<div class=\"elementor-element elementor-element-71f29c52 elementor-view-stacked elementor-position-left elementor-tablet-position-left elementor-mobile-position-left elementor-widget__width-initial elementor-widget-tablet__width-initial elementor-shape-circle elementor-widget elementor-widget-icon-box\" data-id=\"71f29c52\" data-element_type=\"widget\" data-widget_type=\"icon-box.default\">\n\t\t\t\t\t\t\t<div class=\"elementor-icon-box-wrapper\">\n\n\t\t\t\t\t\t<div class=\"elementor-icon-box-icon\">\n\t\t\t\t<a href=\"#\" class=\"elementor-icon\" tabindex=\"-1\" aria-label=\"1. Kons\u00fcltasyon - Anestezi\">\n\t\t\t\t<svg aria-hidden=\"true\" class=\"e-font-icon-svg e-fas-check-circle\" viewBox=\"0 0 512 512\" xmlns=\"http:\/\/www.w3.org\/2000\/svg\"><path d=\"M504 256c0 136.967-111.033 248-248 248S8 392.967 8 256 119.033 8 256 8s248 111.033 248 248zM227.314 387.314l184-184c6.248-6.248 6.248-16.379 0-22.627l-22.627-22.627c-6.248-6.249-16.379-6.249-22.628 0L216 308.118l-70.059-70.059c-6.248-6.248-16.379-6.248-22.628 0l-22.627 22.627c-6.248 6.248-6.248 16.379 0 22.627l104 104c6.249 6.249 16.379 6.249 22.628.001z\"><\/path><\/svg>\t\t\t\t<\/a>\n\t\t\t<\/div>\n\t\t\t\n\t\t\t\t\t\t<div class=\"elementor-icon-box-content\">\n\n\t\t\t\t\t\t\t\t\t<h4 class=\"elementor-icon-box-title\">\n\t\t\t\t\t\t<a href=\"#\" >\n\t\t\t\t\t\t\t1. Kons\u00fcltasyon - Anestezi\t\t\t\t\t\t<\/a>\n\t\t\t\t\t<\/h4>\n\t\t\t\t\n\t\t\t\t\t\t\t\t\t<p class=\"elementor-icon-box-description\">\n\t\t\t\t\t\t\u00c7\u00fcr\u00fc\u011f\u00fcn derinli\u011fi, di\u015fin durumu ve kanal ihtiyac\u0131 de\u011ferlendirilir. Lokal anestezi ile di\u015f ve \u00e7evresi uyu\u015fturulur, i\u015flem s\u0131ras\u0131nda a\u011fr\u0131 hissetmezsiniz.\t\t\t\t\t<\/p>\n\t\t\t\t\n\t\t\t<\/div>\n\t\t\t\n\t\t<\/div>\n\t\t\t\t\t\t<\/div>\n\t\t\t\t<div class=\"elementor-element elementor-element-6c3f8aaa elementor-view-stacked elementor-position-left elementor-tablet-position-left elementor-mobile-position-left elementor-widget__width-initial elementor-widget-tablet__width-initial elementor-shape-circle elementor-widget elementor-widget-icon-box\" data-id=\"6c3f8aaa\" data-element_type=\"widget\" data-widget_type=\"icon-box.default\">\n\t\t\t\t\t\t\t<div class=\"elementor-icon-box-wrapper\">\n\n\t\t\t\t\t\t<div class=\"elementor-icon-box-icon\">\n\t\t\t\t<a href=\"#\" class=\"elementor-icon\" tabindex=\"-1\" aria-label=\"2. \u00c7\u00fcr\u00fc\u011f\u00fcn Temizlenmesi ve Haz\u0131rl\u0131k\">\n\t\t\t\t<svg aria-hidden=\"true\" class=\"e-font-icon-svg e-fas-check-circle\" viewBox=\"0 0 512 512\" xmlns=\"http:\/\/www.w3.org\/2000\/svg\"><path d=\"M504 256c0 136.967-111.033 248-248 248S8 392.967 8 256 119.033 8 256 8s248 111.033 248 248zM227.314 387.314l184-184c6.248-6.248 6.248-16.379 0-22.627l-22.627-22.627c-6.248-6.249-16.379-6.249-22.628 0L216 308.118l-70.059-70.059c-6.248-6.248-16.379-6.248-22.628 0l-22.627 22.627c-6.248 6.248-6.248 16.379 0 22.627l104 104c6.249 6.249 16.379 6.249 22.628.001z\"><\/path><\/svg>\t\t\t\t<\/a>\n\t\t\t<\/div>\n\t\t\t\n\t\t\t\t\t\t<div class=\"elementor-icon-box-content\">\n\n\t\t\t\t\t\t\t\t\t<h4 class=\"elementor-icon-box-title\">\n\t\t\t\t\t\t<a href=\"#\" >\n\t\t\t\t\t\t\t2. \u00c7\u00fcr\u00fc\u011f\u00fcn Temizlenmesi ve Haz\u0131rl\u0131k\t\t\t\t\t\t<\/a>\n\t\t\t\t\t<\/h4>\n\t\t\t\t\n\t\t\t\t\t\t\t\t\t<p class=\"elementor-icon-box-description\">\n\t\t\t\t\t\t\u00d6zel aletlerle \u00e7\u00fcr\u00fck di\u015f dokusu temizlenir. Dolgu materyalinin di\u015fe uyum sa\u011flamas\u0131 i\u00e7in di\u015f \u015fekillendirilir.\t\t\t\t\t<\/p>\n\t\t\t\t\n\t\t\t<\/div>\n\t\t\t\n\t\t<\/div>\n\t\t\t\t\t\t<\/div>\n\t\t\t\t<div class=\"elementor-element elementor-element-1a19bd8b elementor-view-stacked elementor-position-left elementor-tablet-position-left elementor-mobile-position-left elementor-widget__width-initial elementor-widget-tablet__width-initial elementor-shape-circle elementor-widget elementor-widget-icon-box\" data-id=\"1a19bd8b\" data-element_type=\"widget\" data-widget_type=\"icon-box.default\">\n\t\t\t\t\t\t\t<div class=\"elementor-icon-box-wrapper\">\n\n\t\t\t\t\t\t<div class=\"elementor-icon-box-icon\">\n\t\t\t\t<a href=\"#\" class=\"elementor-icon\" tabindex=\"-1\" aria-label=\"3. Dolgu Uygulamas\u0131\">\n\t\t\t\t<svg aria-hidden=\"true\" class=\"e-font-icon-svg e-fas-check-circle\" viewBox=\"0 0 512 512\" xmlns=\"http:\/\/www.w3.org\/2000\/svg\"><path d=\"M504 256c0 136.967-111.033 248-248 248S8 392.967 8 256 119.033 8 256 8s248 111.033 248 248zM227.314 387.314l184-184c6.248-6.248 6.248-16.379 0-22.627l-22.627-22.627c-6.248-6.249-16.379-6.249-22.628 0L216 308.118l-70.059-70.059c-6.248-6.248-16.379-6.248-22.628 0l-22.627 22.627c-6.248 6.248-6.248 16.379 0 22.627l104 104c6.249 6.249 16.379 6.249 22.628.001z\"><\/path><\/svg>\t\t\t\t<\/a>\n\t\t\t<\/div>\n\t\t\t\n\t\t\t\t\t\t<div class=\"elementor-icon-box-content\">\n\n\t\t\t\t\t\t\t\t\t<h4 class=\"elementor-icon-box-title\">\n\t\t\t\t\t\t<a href=\"#\" >\n\t\t\t\t\t\t\t3. Dolgu Uygulamas\u0131\t\t\t\t\t\t<\/a>\n\t\t\t\t\t<\/h4>\n\t\t\t\t\n\t\t\t\t\t\t\t\t\t<p class=\"elementor-icon-box-description\">\n\t\t\t\t\t\tSe\u00e7ilen dolgu materyali di\u015fe uygulan\u0131r, katman katman \u0131\u015f\u0131k ile sertle\u015ftirilir (kompozit dolgu i\u00e7in).\t\t\t\t\t<\/p>\n\t\t\t\t\n\t\t\t<\/div>\n\t\t\t\n\t\t<\/div>\n\t\t\t\t\t\t<\/div>\n\t\t\t\t<div class=\"elementor-element elementor-element-477765b6 elementor-view-stacked elementor-position-left elementor-tablet-position-left elementor-mobile-position-left elementor-widget__width-initial elementor-widget-tablet__width-initial elementor-shape-circle elementor-widget elementor-widget-icon-box\" data-id=\"477765b6\" data-element_type=\"widget\" data-widget_type=\"icon-box.default\">\n\t\t\t\t\t\t\t<div class=\"elementor-icon-box-wrapper\">\n\n\t\t\t\t\t\t<div class=\"elementor-icon-box-icon\">\n\t\t\t\t<a href=\"#\" class=\"elementor-icon\" tabindex=\"-1\" aria-label=\"4. Kontrol ve Parlatma\">\n\t\t\t\t<svg aria-hidden=\"true\" class=\"e-font-icon-svg e-fas-check-circle\" viewBox=\"0 0 512 512\" xmlns=\"http:\/\/www.w3.org\/2000\/svg\"><path d=\"M504 256c0 136.967-111.033 248-248 248S8 392.967 8 256 119.033 8 256 8s248 111.033 248 248zM227.314 387.314l184-184c6.248-6.248 6.248-16.379 0-22.627l-22.627-22.627c-6.248-6.249-16.379-6.249-22.628 0L216 308.118l-70.059-70.059c-6.248-6.248-16.379-6.248-22.628 0l-22.627 22.627c-6.248 6.248-6.248 16.379 0 22.627l104 104c6.249 6.249 16.379 6.249 22.628.001z\"><\/path><\/svg>\t\t\t\t<\/a>\n\t\t\t<\/div>\n\t\t\t\n\t\t\t\t\t\t<div class=\"elementor-icon-box-content\">\n\n\t\t\t\t\t\t\t\t\t<h4 class=\"elementor-icon-box-title\">\n\t\t\t\t\t\t<a href=\"#\" >\n\t\t\t\t\t\t\t4. Kontrol ve Parlatma\t\t\t\t\t\t<\/a>\n\t\t\t\t\t<\/h4>\n\t\t\t\t\n\t\t\t\t\t\t\t\t\t<p class=\"elementor-icon-box-description\">\n\t\t\t\t\t\tDolgu y\u00fczeyi d\u00fczeltilir ve di\u015fin do\u011fal g\u00f6r\u00fcn\u00fcm\u00fc sa\u011flan\u0131r.\t\t\t\t\t<\/p>\n\t\t\t\t\n\t\t\t<\/div>\n\t\t\t\n\t\t<\/div>\n\t\t\t\t\t\t<\/div>\n\t\t\t\t<div class=\"elementor-element elementor-element-3f19014e elementor-widget elementor-widget-text-editor\" data-id=\"3f19014e\" data-element_type=\"widget\" data-widget_type=\"text-editor.default\">\n\t\t\t\t\t\t\t\t\t<center><h4 data-start=\"700\" data-end=\"724\"><img fetchpriority=\"high\" decoding=\"async\" class=\"alignnone size-large wp-image-854\" src=\"http:\/\/www.tezgelclinic.com\/wp-content\/uploads\/2026\/02\/dolgu-1024x683.webp\" alt=\"\" width=\"800\" height=\"534\" srcset=\"https:\/\/www.tezgelclinic.com\/wp-content\/uploads\/2026\/02\/dolgu-1024x683.webp 1024w, https:\/\/www.tezgelclinic.com\/wp-content\/uploads\/2026\/02\/dolgu-300x200.webp 300w, https:\/\/www.tezgelclinic.com\/wp-content\/uploads\/2026\/02\/dolgu-768x512.webp 768w, https:\/\/www.tezgelclinic.com\/wp-content\/uploads\/2026\/02\/dolgu.webp 1254w\" sizes=\"(max-width: 800px) 100vw, 800px\" \/><\/center><\/h4>\n<h4 data-start=\"700\" data-end=\"724\">Di\u015f Dolgusu T\u00fcrleri<\/h4>\n<ul data-start=\"726\" data-end=\"1291\">\n \t<li data-start=\"726\" data-end=\"857\">\n<p data-start=\"728\" data-end=\"857\"><strong data-start=\"728\" data-end=\"746\">Amalgam Dolgu:<\/strong><br data-start=\"746\" data-end=\"749\" \/>G\u00fcm\u00fc\u015f ve metal ala\u015f\u0131mlardan yap\u0131lan dayan\u0131kl\u0131 dolgulard\u0131r. Genellikle arka az\u0131 di\u015flerinde tercih edilir.<\/p>\n<\/li>\n \t<li data-start=\"859\" data-end=\"1014\">\n<p data-start=\"861\" data-end=\"1014\"><strong data-start=\"861\" data-end=\"888\">Kompozit (Beyaz) Dolgu:<\/strong><br data-start=\"888\" data-end=\"891\" \/>Di\u015f renginde yap\u0131ld\u0131\u011f\u0131 i\u00e7in estetik a\u00e7\u0131dan en \u00e7ok tercih edilen dolgu t\u00fcr\u00fcd\u00fcr. Hem \u00f6n hem arka di\u015flerde kullan\u0131labilir.<\/p>\n<\/li>\n \t<li data-start=\"1016\" data-end=\"1150\">\n<p data-start=\"1018\" data-end=\"1150\"><strong data-start=\"1018\" data-end=\"1041\">Cam \u0130yonomer Dolgu:<\/strong><br data-start=\"1041\" data-end=\"1044\" \/>\u00d6zellikle \u00e7ocuk di\u015flerinde ve di\u015f k\u00f6klerinde tercih edilir; flor sal\u0131n\u0131m\u0131 ile \u00e7\u00fcr\u00fck olu\u015fumunu azalt\u0131r.<\/p>\n<\/li>\n \t<li data-start=\"1152\" data-end=\"1291\">\n<p data-start=\"1154\" data-end=\"1291\"><strong data-start=\"1154\" data-end=\"1187\">Porselen Dolgu (\u0130nley\/Onley):<\/strong><br data-start=\"1187\" data-end=\"1190\" \/>Di\u015fe \u00f6zel laboratuvar \u00fcretimi ile haz\u0131rlan\u0131r; b\u00fcy\u00fck \u00e7\u00fcr\u00fcklerde dayan\u0131kl\u0131 ve estetik bir \u00e7\u00f6z\u00fcmd\u00fcr.<\/p>\n<\/li>\n<\/ul>\t\t\t\t\t\t\t\t<\/div>\n\t\t\t\t<div class=\"elementor-element elementor-element-4396d15 elementor-widget elementor-widget-text-editor\" data-id=\"4396d15\" data-element_type=\"widget\" data-widget_type=\"text-editor.default\">\n\t\t\t\t\t\t\t\t\t<h4 data-start=\"1961\" data-end=\"1992\">Di\u015f Dolgusunun Avantajlar\u0131<\/h4><ul data-start=\"1994\" data-end=\"2197\"><li data-start=\"1994\" data-end=\"2025\"><p data-start=\"1996\" data-end=\"2025\">\u00c7\u00fcr\u00fck ve di\u015f kayb\u0131n\u0131 \u00f6nler.<\/p><\/li><li data-start=\"2026\" data-end=\"2074\"><p data-start=\"2028\" data-end=\"2074\">Di\u015fin \u00e7i\u011fneme ve konu\u015fma fonksiyonunu korur.<\/p><\/li><li data-start=\"2075\" data-end=\"2115\"><p data-start=\"2077\" data-end=\"2115\">Estetik ve do\u011fal bir g\u00f6r\u00fcn\u00fcm sa\u011flar.<\/p><\/li><li data-start=\"2116\" data-end=\"2164\"><p data-start=\"2118\" data-end=\"2164\">Di\u015fi g\u00fc\u00e7lendirir ve daha fazla hasar\u0131 \u00f6nler.<\/p><\/li><li data-start=\"2165\" data-end=\"2197\"><p data-start=\"2167\" data-end=\"2197\">A\u011fr\u0131 ve hassasiyeti azalt\u0131r.<\/p><\/li><\/ul>\t\t\t\t\t\t\t\t<\/div>\n\t\t\t\t\t<\/div>\n\t\t<\/div>\n\t\t\t\t\t<\/div>\n\t\t<\/section>\n\t\t<div class=\"elementor-element elementor-element-87b9a67 e-flex e-con-boxed e-con e-parent\" data-id=\"87b9a67\" data-element_type=\"container\">\n\t\t\t\t\t<div class=\"e-con-inner\">\n\t\t\t\t<div class=\"elementor-element elementor-element-3c4cc06 elementor-widget elementor-widget-text-editor\" data-id=\"3c4cc06\" data-element_type=\"widget\" data-widget_type=\"text-editor.default\">\n\t\t\t\t\t\t\t\t\t<h2 data-start=\"2204\" data-end=\"2236\">S\u0131k\u00e7a Sorulan Sorular<\/h2>\n<p data-start=\"2238\" data-end=\"2347\"><strong data-start=\"2238\" data-end=\"2263\">1. Di\u015f dolgusu nedir?<\/strong><br data-start=\"2263\" data-end=\"2266\">\u00c7\u00fcr\u00fck veya k\u0131r\u0131k di\u015fin temizlenip \u00f6zel bir materyal ile doldurulmas\u0131 i\u015flemidir.<\/p>\n<p data-start=\"2349\" data-end=\"2453\"><strong data-start=\"2349\" data-end=\"2381\">2. Di\u015f dolgusu a\u011fr\u0131l\u0131 m\u0131d\u0131r?<\/strong><br data-start=\"2381\" data-end=\"2384\">Hay\u0131r, lokal anestezi ile yap\u0131lan i\u015flem s\u0131ras\u0131nda a\u011fr\u0131 hissedilmez.<\/p>\n<p data-start=\"2455\" data-end=\"2597\"><strong data-start=\"2455\" data-end=\"2490\">3. Dolgu ne kadar s\u00fcre dayan\u0131r?<\/strong><br data-start=\"2490\" data-end=\"2493\">Dolgunun t\u00fcr\u00fcne ba\u011fl\u0131 olarak 5\u201315 y\u0131l aras\u0131 dayanabilir; d\u00fczenli bak\u0131m ile daha uzun s\u00fcre korunabilir.<\/p>\n<p data-start=\"2599\" data-end=\"2709\"><strong data-start=\"2599\" data-end=\"2644\">4. Dolgu sonras\u0131 di\u015f hassasiyeti olur mu?<\/strong><br data-start=\"2644\" data-end=\"2647\">\u0130lk birka\u00e7 g\u00fcn hafif hassasiyet olabilir; k\u0131sa s\u00fcrede ge\u00e7er.<\/p>\n<p data-start=\"2711\" data-end=\"2826\"><strong data-start=\"2711\" data-end=\"2749\">5. Hangi durumlarda dolgu gerekir?<\/strong><br data-start=\"2749\" data-end=\"2752\">Di\u015f \u00e7\u00fcr\u00fc\u011f\u00fc, \u00e7atlak, a\u015f\u0131nma veya estetik bozukluk durumlar\u0131nda uygulan\u0131r.<\/p>\n<p data-start=\"2828\" data-end=\"3020\"><strong data-start=\"2828\" data-end=\"2884\">6. Beyaz dolgu m\u0131, amalgam dolgu mu tercih edilmeli?<\/strong><br data-start=\"2884\" data-end=\"2887\">Estetik ve \u00f6n di\u015flerde kompozit beyaz dolgu, arka di\u015flerde dayan\u0131kl\u0131l\u0131k \u00f6n plandaysa amalgam veya porselen dolgu tercih edilebilir.<\/p>\n<p data-start=\"3022\" data-end=\"3161\"><strong data-start=\"3022\" data-end=\"3066\">7. Dolgu sonras\u0131 nelere dikkat edilmeli?<\/strong><br data-start=\"3066\" data-end=\"3069\">Sert ve yap\u0131\u015fkan yiyeceklerden ka\u00e7\u0131nmak, d\u00fczenli f\u0131r\u00e7alama ve di\u015f ipi kullan\u0131m\u0131 \u00f6nemlidir.<\/p>\n<p data-start=\"3163\" data-end=\"3270\"><strong data-start=\"3163\" data-end=\"3203\">8. \u00c7ocuklara dolgu uygulanabilir mi?<\/strong><br data-start=\"3203\" data-end=\"3206\">Evet, s\u00fct ve kal\u0131c\u0131 di\u015flerde \u00e7\u00fcr\u00fck \u00f6nlemek i\u00e7in uygulanabilir.<\/p>\n<p data-start=\"3272\" data-end=\"3442\"><strong data-start=\"3272\" data-end=\"3322\">9. Dolgu ile di\u015f tamamen eski haline gelir mi?<\/strong><br data-start=\"3322\" data-end=\"3325\">Dolgu, di\u015fin i\u015flevini ve g\u00f6r\u00fcn\u00fcm\u00fcn\u00fc eski haline getirir, ancak do\u011fal di\u015f dokusunun t\u00fcm \u00f6zelliklerini geri getirmez.<\/p>\n<p data-start=\"3444\" data-end=\"3562\"><strong data-start=\"3444\" data-end=\"3486\">10. Dolgu fiyatlar\u0131 neye g\u00f6re de\u011fi\u015fir?<\/strong><br data-start=\"3486\" data-end=\"3489\">Dolgunun t\u00fcr\u00fc, di\u015fin durumu ve i\u015flem s\u00fcresine g\u00f6re de\u011fi\u015fiklik g\u00f6sterir.<\/p>\t\t\t\t\t\t\t\t<\/div>\n\t\t\t\t\t<\/div>\n\t\t\t\t<\/div>\n\t\t\t\t<\/div>\n\t\t","protected":false},"excerpt":{"rendered":"<p>Di\u015f Dolgusu: Sa\u011fl\u0131kl\u0131 ve Estetik Di\u015fler \u0130\u00e7in Temel Tedavi G\u00fcl\u00fc\u015f Tasar\u0131m\u0131 Di\u015fler, a\u011f\u0131z sa\u011fl\u0131\u011f\u0131m\u0131z\u0131n en \u00f6nemli par\u00e7alar\u0131ndan biridir. Ancak yanl\u0131\u015f beslenme, a\u011f\u0131z hijyenine yeterince dikkat edilmemesi veya travmalar di\u015flerde \u00e7\u00fcr\u00fck, k\u0131r\u0131k veya a\u015f\u0131nma gibi sorunlara yol a\u00e7abilir. Bu gibi durumlarda di\u015f dolgusu, di\u015fi koruyan, i\u015flevini devam ettiren ve estetik a\u00e7\u0131dan do\u011fal bir g\u00f6r\u00fcn\u00fcm sa\u011flayan en [&hellip;]<\/p>\n","protected":false},"author":1,"featured_media":0,"parent":142,"menu_order":0,"comment_status":"closed","ping_status":"closed","template":"elementor_header_footer","meta":{"footnotes":""},"class_list":["post-336","page","type-page","status-publish","hentry"],"_links":{"self":[{"href":"https:\/\/www.tezgelclinic.com\/index.php?rest_route=\/wp\/v2\/pages\/336","targetHints":{"allow":["GET"]}}],"collection":[{"href":"https:\/\/www.tezgelclinic.com\/index.php?rest_route=\/wp\/v2\/pages"}],"about":[{"href":"https:\/\/www.tezgelclinic.com\/index.php?rest_route=\/wp\/v2\/types\/page"}],"author":[{"embeddable":true,"href":"https:\/\/www.tezgelclinic.com\/index.php?rest_route=\/wp\/v2\/users\/1"}],"replies":[{"embeddable":true,"href":"https:\/\/www.tezgelclinic.com\/index.php?rest_route=%2Fwp%2Fv2%2Fcomments&post=336"}],"version-history":[{"count":13,"href":"https:\/\/www.tezgelclinic.com\/index.php?rest_route=\/wp\/v2\/pages\/336\/revisions"}],"predecessor-version":[{"id":1351,"href":"https:\/\/www.tezgelclinic.com\/index.php?rest_route=\/wp\/v2\/pages\/336\/revisions\/1351"}],"up":[{"embeddable":true,"href":"https:\/\/www.tezgelclinic.com\/index.php?rest_route=\/wp\/v2\/pages\/142"}],"wp:attachment":[{"href":"https:\/\/www.tezgelclinic.com\/index.php?rest_route=%2Fwp%2Fv2%2Fmedia&parent=336"}],"curies":[{"name":"wp","href":"https:\/\/api.w.org\/{rel}","templated":true}]}}