{"id":337,"date":"2025-08-28T22:50:12","date_gmt":"2025-08-28T19:50:12","guid":{"rendered":"https:\/\/www.tezgelclinic.com\/?page_id=337"},"modified":"2026-02-22T00:07:49","modified_gmt":"2026-02-21T21:07:49","slug":"ortodonti","status":"publish","type":"page","link":"https:\/\/www.tezgelclinic.com\/?page_id=337","title":{"rendered":"Ortodonti &#8211; Di\u015f Teli"},"content":{"rendered":"\t\t<div data-elementor-type=\"wp-page\" data-elementor-id=\"337\" class=\"elementor elementor-337\" data-elementor-post-type=\"page\">\n\t\t\t\t\t\t<section class=\"elementor-section elementor-top-section elementor-element elementor-element-10653d06 elementor-section-boxed elementor-section-height-default elementor-section-height-default\" data-id=\"10653d06\" data-element_type=\"section\" data-settings=\"{&quot;background_background&quot;:&quot;classic&quot;}\">\n\t\t\t\t\t\t\t<div class=\"elementor-background-overlay\"><\/div>\n\t\t\t\t\t\t\t<div class=\"elementor-container elementor-column-gap-default\">\n\t\t\t\t\t<div class=\"elementor-column elementor-col-100 elementor-top-column elementor-element elementor-element-4a481c88\" data-id=\"4a481c88\" data-element_type=\"column\">\n\t\t\t<div class=\"elementor-widget-wrap elementor-element-populated\">\n\t\t\t\t\t\t<div class=\"elementor-element elementor-element-39053b9e elementor-widget__width-initial elementor-widget elementor-widget-heading\" data-id=\"39053b9e\" data-element_type=\"widget\" data-widget_type=\"heading.default\">\n\t\t\t\t\t<h1 class=\"elementor-heading-title elementor-size-default\">Ortodonti (Di\u015f Teli) Tedavisi<\/h1>\t\t\t\t<\/div>\n\t\t\t\t<div class=\"elementor-element elementor-element-29a2d37d elementor-widget elementor-widget-text-editor\" data-id=\"29a2d37d\" data-element_type=\"widget\" data-widget_type=\"text-editor.default\">\n\t\t\t\t\t\t\t\t\t<p>Di\u015f teli, \u00e7arp\u0131k veya aral\u0131kl\u0131 di\u015fleri d\u00fczelterek estetik ve fonksiyonel bir g\u00fcl\u00fc\u015f sa\u011flayan ortodontik bir tedavi y\u00f6ntemidir. Hem \u00e7ocuklar hem yeti\u015fkinler i\u00e7in uygulanabilir.<\/p>\t\t\t\t\t\t\t\t<\/div>\n\t\t\t\t\t<\/div>\n\t\t<\/div>\n\t\t\t\t\t<\/div>\n\t\t<\/section>\n\t\t\t\t<section class=\"elementor-section elementor-top-section elementor-element elementor-element-40a6bcb4 elementor-section-boxed elementor-section-height-default elementor-section-height-default\" data-id=\"40a6bcb4\" data-element_type=\"section\" data-settings=\"{&quot;background_background&quot;:&quot;classic&quot;}\">\n\t\t\t\t\t\t\t<div class=\"elementor-background-overlay\"><\/div>\n\t\t\t\t\t\t\t<div class=\"elementor-container elementor-column-gap-default\">\n\t\t\t\t\t<div class=\"elementor-column elementor-col-100 elementor-top-column elementor-element elementor-element-2edea49d\" data-id=\"2edea49d\" data-element_type=\"column\">\n\t\t\t<div class=\"elementor-widget-wrap elementor-element-populated\">\n\t\t\t\t\t\t<div class=\"elementor-element elementor-element-d450d87 elementor-widget elementor-widget-heading\" data-id=\"d450d87\" data-element_type=\"widget\" data-widget_type=\"heading.default\">\n\t\t\t\t\t<h3 class=\"elementor-heading-title elementor-size-default\">Ortodonti - Di\u015f Teli<\/h3>\t\t\t\t<\/div>\n\t\t\t\t<div class=\"elementor-element elementor-element-378d4a91 elementor-widget elementor-widget-text-editor\" data-id=\"378d4a91\" data-element_type=\"widget\" data-widget_type=\"text-editor.default\">\n\t\t\t\t\t\t\t\t\t<p>Ortodontik tedavi, k\u00fc\u00e7\u00fck \u00e7ocuklarda \u00e7ene geli\u015fimine yard\u0131m ederek di\u015flerin do\u011fru pozisyonlarda olmalar\u0131na yard\u0131mc\u0131 olur, yeti\u015fkinlerde ise var olan \u00e7apra\u015f\u0131kl\u0131k ve kapan\u0131\u015f d\u00fczensizliklerinin, ayr\u0131ca \u00e7ene y\u00fcz bozukluklar\u0131n\u0131n d\u00fczeltilmesini sa\u011flar.<\/p>\t\t\t\t\t\t\t\t<\/div>\n\t\t\t\t<div class=\"elementor-element elementor-element-5b28dbfb elementor-widget elementor-widget-text-editor\" data-id=\"5b28dbfb\" data-element_type=\"widget\" data-widget_type=\"text-editor.default\">\n\t\t\t\t\t\t\t\t\t<p>Ortodonti, di\u015flerin ve \u00e7enelerin do\u011fru konumland\u0131r\u0131lmas\u0131n\u0131 sa\u011flayan di\u015f hekimli\u011fi dal\u0131d\u0131r. \u00c7arp\u0131k, aral\u0131kl\u0131 veya \u00fcst \u00fcste binmi\u015f di\u015fler yaln\u0131zca estetik bir sorun olu\u015fturmaz; ayn\u0131 zamanda \u00e7i\u011fneme, konu\u015fma ve a\u011f\u0131z sa\u011fl\u0131\u011f\u0131n\u0131 da olumsuz etkiler. Di\u015f teli tedavisi, bu sorunlar\u0131 kal\u0131c\u0131 ve sa\u011fl\u0131kl\u0131 bir \u015fekilde \u00e7\u00f6zerek hem estetik bir g\u00fcl\u00fc\u015f hem de fonksiyonel bir a\u011f\u0131z yap\u0131s\u0131 kazand\u0131r\u0131r.<\/p><center><img fetchpriority=\"high\" decoding=\"async\" class=\"alignnone size-full wp-image-834\" src=\"http:\/\/www.tezgelclinic.com\/wp-content\/uploads\/2026\/02\/ortodonti.png\" alt=\"\" width=\"800\" height=\"800\" srcset=\"https:\/\/www.tezgelclinic.com\/wp-content\/uploads\/2026\/02\/ortodonti.png 738w, https:\/\/www.tezgelclinic.com\/wp-content\/uploads\/2026\/02\/ortodonti-300x300.png 300w, https:\/\/www.tezgelclinic.com\/wp-content\/uploads\/2026\/02\/ortodonti-150x150.png 150w\" sizes=\"(max-width: 800px) 100vw, 800px\" \/><\/center>\t\t\t\t\t\t\t\t<\/div>\n\t\t\t\t<div class=\"elementor-element elementor-element-720153e2 elementor-widget elementor-widget-heading\" data-id=\"720153e2\" data-element_type=\"widget\" data-widget_type=\"heading.default\">\n\t\t\t\t\t<h4 class=\"elementor-heading-title elementor-size-default\">Tedavi S\u00fcrecimiz<\/h4>\t\t\t\t<\/div>\n\t\t\t\t<div class=\"elementor-element elementor-element-3f19014e elementor-widget elementor-widget-text-editor\" data-id=\"3f19014e\" data-element_type=\"widget\" data-widget_type=\"text-editor.default\">\n\t\t\t\t\t\t\t\t\t<p>G\u00fcn\u00fcm\u00fczde ortodonti tedavileri metal di\u015f telleri, \u015feffaf plaklar (Invisalign), estetik porselen braketler ve lingual di\u015f teli (di\u015flerin arkas\u0131na tak\u0131lan teller) gibi bir\u00e7ok se\u00e7enekle uygulanabilmektedir.<\/p>\t\t\t\t\t\t\t\t<\/div>\n\t\t\t\t<div class=\"elementor-element elementor-element-71f29c52 elementor-view-stacked elementor-position-left elementor-tablet-position-left elementor-mobile-position-left elementor-widget__width-initial elementor-widget-tablet__width-initial elementor-shape-circle elementor-widget elementor-widget-icon-box\" data-id=\"71f29c52\" data-element_type=\"widget\" data-widget_type=\"icon-box.default\">\n\t\t\t\t\t\t\t<div class=\"elementor-icon-box-wrapper\">\n\n\t\t\t\t\t\t<div class=\"elementor-icon-box-icon\">\n\t\t\t\t<a href=\"#\" class=\"elementor-icon\" tabindex=\"-1\" aria-label=\"1. \u0130lk Muayene ve Analiz\">\n\t\t\t\t<svg aria-hidden=\"true\" class=\"e-font-icon-svg e-fas-check-circle\" viewBox=\"0 0 512 512\" xmlns=\"http:\/\/www.w3.org\/2000\/svg\"><path d=\"M504 256c0 136.967-111.033 248-248 248S8 392.967 8 256 119.033 8 256 8s248 111.033 248 248zM227.314 387.314l184-184c6.248-6.248 6.248-16.379 0-22.627l-22.627-22.627c-6.248-6.249-16.379-6.249-22.628 0L216 308.118l-70.059-70.059c-6.248-6.248-16.379-6.248-22.628 0l-22.627 22.627c-6.248 6.248-6.248 16.379 0 22.627l104 104c6.249 6.249 16.379 6.249 22.628.001z\"><\/path><\/svg>\t\t\t\t<\/a>\n\t\t\t<\/div>\n\t\t\t\n\t\t\t\t\t\t<div class=\"elementor-icon-box-content\">\n\n\t\t\t\t\t\t\t\t\t<h4 class=\"elementor-icon-box-title\">\n\t\t\t\t\t\t<a href=\"#\" >\n\t\t\t\t\t\t\t1. \u0130lk Muayene ve Analiz\t\t\t\t\t\t<\/a>\n\t\t\t\t\t<\/h4>\n\t\t\t\t\n\t\t\t\t\t\t\t\t\t<p class=\"elementor-icon-box-description\">\n\t\t\t\t\t\tHastan\u0131n a\u011f\u0131z i\u00e7i muayenesi yap\u0131l\u0131r, r\u00f6ntgenler \u00e7ekilir ve di\u015flerin mevcut durumu analiz edilir.\t\t\t\t\t<\/p>\n\t\t\t\t\n\t\t\t<\/div>\n\t\t\t\n\t\t<\/div>\n\t\t\t\t\t\t<\/div>\n\t\t\t\t<div class=\"elementor-element elementor-element-6c3f8aaa elementor-view-stacked elementor-position-left elementor-tablet-position-left elementor-mobile-position-left elementor-widget__width-initial elementor-widget-tablet__width-initial elementor-shape-circle elementor-widget elementor-widget-icon-box\" data-id=\"6c3f8aaa\" data-element_type=\"widget\" data-widget_type=\"icon-box.default\">\n\t\t\t\t\t\t\t<div class=\"elementor-icon-box-wrapper\">\n\n\t\t\t\t\t\t<div class=\"elementor-icon-box-icon\">\n\t\t\t\t<a href=\"#\" class=\"elementor-icon\" tabindex=\"-1\" aria-label=\"2. Tedavi Planlamas\u0131\">\n\t\t\t\t<svg aria-hidden=\"true\" class=\"e-font-icon-svg e-fas-check-circle\" viewBox=\"0 0 512 512\" xmlns=\"http:\/\/www.w3.org\/2000\/svg\"><path d=\"M504 256c0 136.967-111.033 248-248 248S8 392.967 8 256 119.033 8 256 8s248 111.033 248 248zM227.314 387.314l184-184c6.248-6.248 6.248-16.379 0-22.627l-22.627-22.627c-6.248-6.249-16.379-6.249-22.628 0L216 308.118l-70.059-70.059c-6.248-6.248-16.379-6.248-22.628 0l-22.627 22.627c-6.248 6.248-6.248 16.379 0 22.627l104 104c6.249 6.249 16.379 6.249 22.628.001z\"><\/path><\/svg>\t\t\t\t<\/a>\n\t\t\t<\/div>\n\t\t\t\n\t\t\t\t\t\t<div class=\"elementor-icon-box-content\">\n\n\t\t\t\t\t\t\t\t\t<h4 class=\"elementor-icon-box-title\">\n\t\t\t\t\t\t<a href=\"#\" >\n\t\t\t\t\t\t\t2. Tedavi Planlamas\u0131\t\t\t\t\t\t<\/a>\n\t\t\t\t\t<\/h4>\n\t\t\t\t\n\t\t\t\t\t\t\t\t\t<p class=\"elementor-icon-box-description\">\n\t\t\t\t\t\tHastan\u0131n ihtiyac\u0131na uygun tedavi t\u00fcr\u00fc belirlenir: metal, estetik, \u015feffaf plak ya da lingual.\t\t\t\t\t<\/p>\n\t\t\t\t\n\t\t\t<\/div>\n\t\t\t\n\t\t<\/div>\n\t\t\t\t\t\t<\/div>\n\t\t\t\t<div class=\"elementor-element elementor-element-1a19bd8b elementor-view-stacked elementor-position-left elementor-tablet-position-left elementor-mobile-position-left elementor-widget__width-initial elementor-widget-tablet__width-initial elementor-shape-circle elementor-widget elementor-widget-icon-box\" data-id=\"1a19bd8b\" data-element_type=\"widget\" data-widget_type=\"icon-box.default\">\n\t\t\t\t\t\t\t<div class=\"elementor-icon-box-wrapper\">\n\n\t\t\t\t\t\t<div class=\"elementor-icon-box-icon\">\n\t\t\t\t<a href=\"#\" class=\"elementor-icon\" tabindex=\"-1\" aria-label=\"3. Di\u015flerin Haz\u0131rlanmas\u0131 ve Tel Tak\u0131lmas\u0131\">\n\t\t\t\t<svg aria-hidden=\"true\" class=\"e-font-icon-svg e-fas-check-circle\" viewBox=\"0 0 512 512\" xmlns=\"http:\/\/www.w3.org\/2000\/svg\"><path d=\"M504 256c0 136.967-111.033 248-248 248S8 392.967 8 256 119.033 8 256 8s248 111.033 248 248zM227.314 387.314l184-184c6.248-6.248 6.248-16.379 0-22.627l-22.627-22.627c-6.248-6.249-16.379-6.249-22.628 0L216 308.118l-70.059-70.059c-6.248-6.248-16.379-6.248-22.628 0l-22.627 22.627c-6.248 6.248-6.248 16.379 0 22.627l104 104c6.249 6.249 16.379 6.249 22.628.001z\"><\/path><\/svg>\t\t\t\t<\/a>\n\t\t\t<\/div>\n\t\t\t\n\t\t\t\t\t\t<div class=\"elementor-icon-box-content\">\n\n\t\t\t\t\t\t\t\t\t<h4 class=\"elementor-icon-box-title\">\n\t\t\t\t\t\t<a href=\"#\" >\n\t\t\t\t\t\t\t3. Di\u015flerin Haz\u0131rlanmas\u0131 ve Tel Tak\u0131lmas\u0131\t\t\t\t\t\t<\/a>\n\t\t\t\t\t<\/h4>\n\t\t\t\t\n\t\t\t\t\t\t\t\t\t<p class=\"elementor-icon-box-description\">\n\t\t\t\t\t\tBraketler di\u015flere yap\u0131\u015ft\u0131r\u0131l\u0131r veya \u015feffaf plak tedavisinde ilk plak seti haz\u0131rlan\u0131r.\t\t\t\t\t<\/p>\n\t\t\t\t\n\t\t\t<\/div>\n\t\t\t\n\t\t<\/div>\n\t\t\t\t\t\t<\/div>\n\t\t\t\t<div class=\"elementor-element elementor-element-477765b6 elementor-view-stacked elementor-position-left elementor-tablet-position-left elementor-mobile-position-left elementor-widget__width-initial elementor-widget-tablet__width-initial elementor-shape-circle elementor-widget elementor-widget-icon-box\" data-id=\"477765b6\" data-element_type=\"widget\" data-widget_type=\"icon-box.default\">\n\t\t\t\t\t\t\t<div class=\"elementor-icon-box-wrapper\">\n\n\t\t\t\t\t\t<div class=\"elementor-icon-box-icon\">\n\t\t\t\t<a href=\"#\" class=\"elementor-icon\" tabindex=\"-1\" aria-label=\"4. D\u00fczenli Kontroller\">\n\t\t\t\t<svg aria-hidden=\"true\" class=\"e-font-icon-svg e-fas-check-circle\" viewBox=\"0 0 512 512\" xmlns=\"http:\/\/www.w3.org\/2000\/svg\"><path d=\"M504 256c0 136.967-111.033 248-248 248S8 392.967 8 256 119.033 8 256 8s248 111.033 248 248zM227.314 387.314l184-184c6.248-6.248 6.248-16.379 0-22.627l-22.627-22.627c-6.248-6.249-16.379-6.249-22.628 0L216 308.118l-70.059-70.059c-6.248-6.248-16.379-6.248-22.628 0l-22.627 22.627c-6.248 6.248-6.248 16.379 0 22.627l104 104c6.249 6.249 16.379 6.249 22.628.001z\"><\/path><\/svg>\t\t\t\t<\/a>\n\t\t\t<\/div>\n\t\t\t\n\t\t\t\t\t\t<div class=\"elementor-icon-box-content\">\n\n\t\t\t\t\t\t\t\t\t<h4 class=\"elementor-icon-box-title\">\n\t\t\t\t\t\t<a href=\"#\" >\n\t\t\t\t\t\t\t4. D\u00fczenli Kontroller\t\t\t\t\t\t<\/a>\n\t\t\t\t\t<\/h4>\n\t\t\t\t\n\t\t\t\t\t\t\t\t\t<p class=\"elementor-icon-box-description\">\n\t\t\t\t\t\tAyda bir kez kontrol yap\u0131l\u0131r, teller s\u0131k\u0131l\u0131r veya \u015feffaf plaklar yenilenir.\t\t\t\t\t<\/p>\n\t\t\t\t\n\t\t\t<\/div>\n\t\t\t\n\t\t<\/div>\n\t\t\t\t\t\t<\/div>\n\t\t\t\t<div class=\"elementor-element elementor-element-1f38be7 elementor-view-stacked elementor-position-left elementor-tablet-position-left elementor-mobile-position-left elementor-widget__width-initial elementor-widget-tablet__width-initial elementor-shape-circle elementor-widget elementor-widget-icon-box\" data-id=\"1f38be7\" data-element_type=\"widget\" data-widget_type=\"icon-box.default\">\n\t\t\t\t\t\t\t<div class=\"elementor-icon-box-wrapper\">\n\n\t\t\t\t\t\t<div class=\"elementor-icon-box-icon\">\n\t\t\t\t<a href=\"#\" class=\"elementor-icon\" tabindex=\"-1\" aria-label=\"5. Tedavi S\u00fcresi\">\n\t\t\t\t<svg aria-hidden=\"true\" class=\"e-font-icon-svg e-fas-check-circle\" viewBox=\"0 0 512 512\" xmlns=\"http:\/\/www.w3.org\/2000\/svg\"><path d=\"M504 256c0 136.967-111.033 248-248 248S8 392.967 8 256 119.033 8 256 8s248 111.033 248 248zM227.314 387.314l184-184c6.248-6.248 6.248-16.379 0-22.627l-22.627-22.627c-6.248-6.249-16.379-6.249-22.628 0L216 308.118l-70.059-70.059c-6.248-6.248-16.379-6.248-22.628 0l-22.627 22.627c-6.248 6.248-6.248 16.379 0 22.627l104 104c6.249 6.249 16.379 6.249 22.628.001z\"><\/path><\/svg>\t\t\t\t<\/a>\n\t\t\t<\/div>\n\t\t\t\n\t\t\t\t\t\t<div class=\"elementor-icon-box-content\">\n\n\t\t\t\t\t\t\t\t\t<h4 class=\"elementor-icon-box-title\">\n\t\t\t\t\t\t<a href=\"#\" >\n\t\t\t\t\t\t\t5. Tedavi S\u00fcresi\t\t\t\t\t\t<\/a>\n\t\t\t\t\t<\/h4>\n\t\t\t\t\n\t\t\t\t\t\t\t\t\t<p class=\"elementor-icon-box-description\">\n\t\t\t\t\t\tOrtalama 12\u201324 ay s\u00fcrer. Hastan\u0131n ya\u015f\u0131na, di\u015f yap\u0131s\u0131na ve d\u00fczensizli\u011fin boyutuna g\u00f6re s\u00fcre de\u011fi\u015febilir.\t\t\t\t\t<\/p>\n\t\t\t\t\n\t\t\t<\/div>\n\t\t\t\n\t\t<\/div>\n\t\t\t\t\t\t<\/div>\n\t\t\t\t<div class=\"elementor-element elementor-element-9fb5775 elementor-view-stacked elementor-position-left elementor-tablet-position-left elementor-mobile-position-left elementor-widget__width-initial elementor-widget-tablet__width-initial elementor-shape-circle elementor-widget elementor-widget-icon-box\" data-id=\"9fb5775\" data-element_type=\"widget\" data-widget_type=\"icon-box.default\">\n\t\t\t\t\t\t\t<div class=\"elementor-icon-box-wrapper\">\n\n\t\t\t\t\t\t<div class=\"elementor-icon-box-icon\">\n\t\t\t\t<a href=\"#\" class=\"elementor-icon\" tabindex=\"-1\" aria-label=\"6. Tedavi Sonras\u0131 Peki\u015ftirme\">\n\t\t\t\t<svg aria-hidden=\"true\" class=\"e-font-icon-svg e-fas-check-circle\" viewBox=\"0 0 512 512\" xmlns=\"http:\/\/www.w3.org\/2000\/svg\"><path d=\"M504 256c0 136.967-111.033 248-248 248S8 392.967 8 256 119.033 8 256 8s248 111.033 248 248zM227.314 387.314l184-184c6.248-6.248 6.248-16.379 0-22.627l-22.627-22.627c-6.248-6.249-16.379-6.249-22.628 0L216 308.118l-70.059-70.059c-6.248-6.248-16.379-6.248-22.628 0l-22.627 22.627c-6.248 6.248-6.248 16.379 0 22.627l104 104c6.249 6.249 16.379 6.249 22.628.001z\"><\/path><\/svg>\t\t\t\t<\/a>\n\t\t\t<\/div>\n\t\t\t\n\t\t\t\t\t\t<div class=\"elementor-icon-box-content\">\n\n\t\t\t\t\t\t\t\t\t<h4 class=\"elementor-icon-box-title\">\n\t\t\t\t\t\t<a href=\"#\" >\n\t\t\t\t\t\t\t6. Tedavi Sonras\u0131 Peki\u015ftirme\t\t\t\t\t\t<\/a>\n\t\t\t\t\t<\/h4>\n\t\t\t\t\n\t\t\t\t\t\t\t\t\t<p class=\"elementor-icon-box-description\">\n\t\t\t\t\t\tDi\u015flerin tekrar bozulmamas\u0131 i\u00e7in retainer (peki\u015ftirme apareyi) kullan\u0131l\u0131r.\t\t\t\t\t<\/p>\n\t\t\t\t\n\t\t\t<\/div>\n\t\t\t\n\t\t<\/div>\n\t\t\t\t\t\t<\/div>\n\t\t\t\t\t<\/div>\n\t\t<\/div>\n\t\t\t\t\t<\/div>\n\t\t<\/section>\n\t\t<div class=\"elementor-element elementor-element-87b9a67 e-flex e-con-boxed e-con e-parent\" data-id=\"87b9a67\" data-element_type=\"container\">\n\t\t\t\t\t<div class=\"e-con-inner\">\n\t\t\t\t<div class=\"elementor-element elementor-element-3c4cc06 elementor-widget elementor-widget-text-editor\" data-id=\"3c4cc06\" data-element_type=\"widget\" data-widget_type=\"text-editor.default\">\n\t\t\t\t\t\t\t\t\t<h2 data-start=\"1536\" data-end=\"1568\">S\u0131k\u00e7a Sorulan Sorular (SSS)<\/h2><p data-start=\"1570\" data-end=\"1739\"><strong data-start=\"1570\" data-end=\"1614\">1. Ortodonti tedavisi kimlere uygulan\u0131r?<\/strong><br data-start=\"1614\" data-end=\"1617\" \/>\u00c7arp\u0131k, aral\u0131kl\u0131, yamuk veya \u00fcst \u00fcste binmi\u015f di\u015fleri olan, \u00e7ene bozuklu\u011fu ya\u015fayan her birey ortodonti tedavisi alabilir.<\/p><p data-start=\"1741\" data-end=\"1915\"><strong data-start=\"1741\" data-end=\"1786\">2. Di\u015f teli tedavisi ka\u00e7 ya\u015f\u0131nda yap\u0131l\u0131r?<\/strong><br data-start=\"1786\" data-end=\"1789\" \/>Ortodonti tedavisi \u00e7ocukluk \u00e7a\u011f\u0131nda daha kolay olsa da, yeti\u015fkinlere de ba\u015far\u0131l\u0131 \u015fekilde uygulanmaktad\u0131r. Ya\u015f s\u0131n\u0131r\u0131 yoktur.<\/p><p data-start=\"1917\" data-end=\"2105\"><strong data-start=\"1917\" data-end=\"1967\">3. Metal di\u015f teli mi, \u015feffaf plak m\u0131 daha iyi?<\/strong><br data-start=\"1967\" data-end=\"1970\" \/>Metal di\u015f telleri h\u0131zl\u0131 ve etkilidir; \u015feffaf plaklar ise estetik kayg\u0131s\u0131 olanlar i\u00e7in tercih edilir. \u0130htiyaca g\u00f6re hekim karar verir.<\/p><p data-start=\"2107\" data-end=\"2248\"><strong data-start=\"2107\" data-end=\"2137\">4. Di\u015f teli a\u011fr\u0131 yapar m\u0131?<\/strong><br data-start=\"2137\" data-end=\"2140\" \/>\u0130lk g\u00fcnlerde hafif bir bask\u0131 hissi olur, ancak bu k\u0131sa s\u00fcrede ge\u00e7er. S\u00fcrekli bir a\u011fr\u0131 s\u00f6z konusu de\u011fildir.<\/p><p data-start=\"2250\" data-end=\"2370\"><strong data-start=\"2250\" data-end=\"2291\">5. Ortodonti tedavisi ne kadar s\u00fcrer?<\/strong><br data-start=\"2291\" data-end=\"2294\" \/>Ortalama 1,5 \u2013 2 y\u0131l s\u00fcrer. Baz\u0131 durumlarda daha k\u0131sa ya da uzun olabilir.<\/p><p data-start=\"2372\" data-end=\"2535\"><strong data-start=\"2372\" data-end=\"2422\">6. \u015eeffaf plak tedavisi ger\u00e7ekten g\u00f6r\u00fcnmez mi?<\/strong><br data-start=\"2422\" data-end=\"2425\" \/>Evet, plaklar neredeyse fark edilmez. Bu nedenle estetik kayg\u0131s\u0131 olan yeti\u015fkinler i\u00e7in en pop\u00fcler y\u00f6ntemdir.<\/p><p data-start=\"2537\" data-end=\"2716\"><strong data-start=\"2537\" data-end=\"2590\">7. Di\u015f teli takan ki\u015fi normal yemek yiyebilir mi?<\/strong><br data-start=\"2590\" data-end=\"2593\" \/>Evet, fakat sert ve yap\u0131\u015fkan g\u0131dalardan ka\u00e7\u0131n\u0131lmas\u0131 gerekir. \u015eeffaf plak tedavisinde ise yemeklerden \u00f6nce plak \u00e7\u0131kar\u0131l\u0131r.<\/p><p data-start=\"2718\" data-end=\"2849\"><strong data-start=\"2718\" data-end=\"2758\">8. Di\u015f telleri konu\u015fmay\u0131 etkiler mi?<\/strong><br data-start=\"2758\" data-end=\"2761\" \/>\u0130lk birka\u00e7 g\u00fcn hafif al\u0131\u015fma s\u00fcreci olabilir. Daha sonra konu\u015fma tamamen normale d\u00f6ner.<\/p><p data-start=\"2851\" data-end=\"3002\"><strong data-start=\"2851\" data-end=\"2915\">9. Ortodonti tedavisinden sonra di\u015fler eski haline d\u00f6ner mi?<\/strong><br data-start=\"2915\" data-end=\"2918\" \/>Hay\u0131r. Peki\u015ftirme tedavisi (retainer) ile di\u015fler sabitlenir ve bozulma engellenir.<\/p><p data-start=\"3004\" data-end=\"3166\"><strong data-start=\"3004\" data-end=\"3044\">10. Ortodonti tedavisi pahal\u0131 m\u0131d\u0131r?<\/strong><br data-start=\"3044\" data-end=\"3047\" \/>Tedavi fiyatlar\u0131 kullan\u0131lan y\u00f6ntem ve s\u00fcrece g\u00f6re de\u011fi\u015fir. Ancak \u00f6m\u00fcr boyu kal\u0131c\u0131 bir g\u00fcl\u00fc\u015f i\u00e7in en do\u011fru yat\u0131r\u0131md\u0131r.<\/p>\t\t\t\t\t\t\t\t<\/div>\n\t\t\t\t\t<\/div>\n\t\t\t\t<\/div>\n\t\t\t\t<\/div>\n\t\t","protected":false},"excerpt":{"rendered":"<p>Ortodonti (Di\u015f Teli) Tedavisi Di\u015f teli, \u00e7arp\u0131k veya aral\u0131kl\u0131 di\u015fleri d\u00fczelterek estetik ve fonksiyonel bir g\u00fcl\u00fc\u015f sa\u011flayan ortodontik bir tedavi y\u00f6ntemidir. Hem \u00e7ocuklar hem yeti\u015fkinler i\u00e7in uygulanabilir. Ortodonti &#8211; Di\u015f Teli Ortodontik tedavi, k\u00fc\u00e7\u00fck \u00e7ocuklarda \u00e7ene geli\u015fimine yard\u0131m ederek di\u015flerin do\u011fru pozisyonlarda olmalar\u0131na yard\u0131mc\u0131 olur, yeti\u015fkinlerde ise var olan \u00e7apra\u015f\u0131kl\u0131k ve kapan\u0131\u015f d\u00fczensizliklerinin, ayr\u0131ca \u00e7ene [&hellip;]<\/p>\n","protected":false},"author":1,"featured_media":0,"parent":142,"menu_order":0,"comment_status":"closed","ping_status":"closed","template":"elementor_header_footer","meta":{"footnotes":""},"class_list":["post-337","page","type-page","status-publish","hentry"],"_links":{"self":[{"href":"https:\/\/www.tezgelclinic.com\/index.php?rest_route=\/wp\/v2\/pages\/337","targetHints":{"allow":["GET"]}}],"collection":[{"href":"https:\/\/www.tezgelclinic.com\/index.php?rest_route=\/wp\/v2\/pages"}],"about":[{"href":"https:\/\/www.tezgelclinic.com\/index.php?rest_route=\/wp\/v2\/types\/page"}],"author":[{"embeddable":true,"href":"https:\/\/www.tezgelclinic.com\/index.php?rest_route=\/wp\/v2\/users\/1"}],"replies":[{"embeddable":true,"href":"https:\/\/www.tezgelclinic.com\/index.php?rest_route=%2Fwp%2Fv2%2Fcomments&post=337"}],"version-history":[{"count":20,"href":"https:\/\/www.tezgelclinic.com\/index.php?rest_route=\/wp\/v2\/pages\/337\/revisions"}],"predecessor-version":[{"id":1354,"href":"https:\/\/www.tezgelclinic.com\/index.php?rest_route=\/wp\/v2\/pages\/337\/revisions\/1354"}],"up":[{"embeddable":true,"href":"https:\/\/www.tezgelclinic.com\/index.php?rest_route=\/wp\/v2\/pages\/142"}],"wp:attachment":[{"href":"https:\/\/www.tezgelclinic.com\/index.php?rest_route=%2Fwp%2Fv2%2Fmedia&parent=337"}],"curies":[{"name":"wp","href":"https:\/\/api.w.org\/{rel}","templated":true}]}}