{"id":351,"date":"2025-08-28T22:50:50","date_gmt":"2025-08-28T19:50:50","guid":{"rendered":"https:\/\/www.tezgelclinic.com\/?page_id=351"},"modified":"2026-02-22T00:03:23","modified_gmt":"2026-02-21T21:03:23","slug":"zirkonyum-dis","status":"publish","type":"page","link":"https:\/\/www.tezgelclinic.com\/?page_id=351","title":{"rendered":"Zirkonyum Di\u015f Kaplama"},"content":{"rendered":"\t\t<div data-elementor-type=\"wp-page\" data-elementor-id=\"351\" class=\"elementor elementor-351\" data-elementor-post-type=\"page\">\n\t\t\t\t\t\t<section class=\"elementor-section elementor-top-section elementor-element elementor-element-10653d06 elementor-section-boxed elementor-section-height-default elementor-section-height-default\" data-id=\"10653d06\" data-element_type=\"section\" data-settings=\"{&quot;background_background&quot;:&quot;classic&quot;}\">\n\t\t\t\t\t\t\t<div class=\"elementor-background-overlay\"><\/div>\n\t\t\t\t\t\t\t<div class=\"elementor-container elementor-column-gap-default\">\n\t\t\t\t\t<div class=\"elementor-column elementor-col-100 elementor-top-column elementor-element elementor-element-4a481c88\" data-id=\"4a481c88\" data-element_type=\"column\">\n\t\t\t<div class=\"elementor-widget-wrap elementor-element-populated\">\n\t\t\t\t\t\t<div class=\"elementor-element elementor-element-39053b9e elementor-widget__width-initial elementor-widget elementor-widget-heading\" data-id=\"39053b9e\" data-element_type=\"widget\" data-widget_type=\"heading.default\">\n\t\t\t\t\t<h1 class=\"elementor-heading-title elementor-size-default\">Hayalinizdeki G\u00fcl\u00fc\u015f, Tecr\u00fcbemizle Ger\u00e7ekle\u015fir<\/h1>\t\t\t\t<\/div>\n\t\t\t\t<div class=\"elementor-element elementor-element-29a2d37d elementor-widget elementor-widget-text-editor\" data-id=\"29a2d37d\" data-element_type=\"widget\" data-widget_type=\"text-editor.default\">\n\t\t\t\t\t\t\t\t\t<p>Zirkonyum Di\u015f Kaplamalar\u0131 ile di\u015flerinizi sadece g\u00fczelle\u015ftirmiyoruz; sa\u011fl\u0131kl\u0131, estetik ve size \u00f6zel bir g\u00fcl\u00fc\u015f yarat\u0131yoruz.<\/p>\t\t\t\t\t\t\t\t<\/div>\n\t\t\t\t\t<\/div>\n\t\t<\/div>\n\t\t\t\t\t<\/div>\n\t\t<\/section>\n\t\t\t\t<section class=\"elementor-section elementor-top-section elementor-element elementor-element-40a6bcb4 elementor-section-boxed elementor-section-height-default elementor-section-height-default\" data-id=\"40a6bcb4\" data-element_type=\"section\" data-settings=\"{&quot;background_background&quot;:&quot;classic&quot;}\">\n\t\t\t\t\t\t\t<div class=\"elementor-background-overlay\"><\/div>\n\t\t\t\t\t\t\t<div class=\"elementor-container elementor-column-gap-default\">\n\t\t\t\t\t<div class=\"elementor-column elementor-col-100 elementor-top-column elementor-element elementor-element-2edea49d\" data-id=\"2edea49d\" data-element_type=\"column\">\n\t\t\t<div class=\"elementor-widget-wrap elementor-element-populated\">\n\t\t\t\t\t\t<div class=\"elementor-element elementor-element-d450d87 elementor-widget elementor-widget-heading\" data-id=\"d450d87\" data-element_type=\"widget\" data-widget_type=\"heading.default\">\n\t\t\t\t\t<h3 class=\"elementor-heading-title elementor-size-default\">Zirkonyum Di\u015f Kaplama<\/h3>\t\t\t\t<\/div>\n\t\t\t\t<div class=\"elementor-element elementor-element-378d4a91 elementor-widget elementor-widget-text-editor\" data-id=\"378d4a91\" data-element_type=\"widget\" data-widget_type=\"text-editor.default\">\n\t\t\t\t\t\t\t\t\t<p>Di\u015f kaplamas\u0131 hasar g\u00f6rm\u00fc\u015f, renk de\u011fi\u015ftirmi\u015f veya estetik a\u00e7\u0131dan ho\u015f g\u00f6r\u00fcnmeyen di\u015fleri onarmak ve iyile\u015ftirmek i\u00e7in kullan\u0131lan bir dental tedavi y\u00f6ntemidir. Bu kaplamalar di\u015fin \u00fczerine yerle\u015ftirilen ince ve dayan\u0131kl\u0131 malzemelerden yap\u0131l\u0131r. Peki, zirkonyum kaplama nedir? Zirkonyum kaplama bu t\u00fcr kaplamalar\u0131n en pop\u00fclerlerinden biridir \u00e7\u00fcnk\u00fc estetik ve dayan\u0131kl\u0131l\u0131k a\u00e7\u0131s\u0131ndan \u00fcst\u00fcn \u00f6zellikler sunar. Zirkonyum kaplama di\u015flerin estetik ve fonksiyonel \u00f6zelliklerini restore etmek i\u00e7in kullan\u0131lan y\u00fcksek dayan\u0131kl\u0131l\u0131\u011fa ve do\u011fal g\u00f6r\u00fcn\u00fcme sahip seramik malzemeden yap\u0131lm\u0131\u015f bir di\u015f kaplama t\u00fcr\u00fcd\u00fcr. Bu kaplamalar di\u015f minesine benzer bir beyazl\u0131k ve transparanl\u0131k sunar. Bu da onlar\u0131 estetik kayg\u0131lar\u0131 olan ki\u015filer i\u00e7in ideal bir se\u00e7enek haline getirir.<\/p>\t\t\t\t\t\t\t\t<\/div>\n\t\t\t\t<div class=\"elementor-element elementor-element-5b28dbfb elementor-widget elementor-widget-text-editor\" data-id=\"5b28dbfb\" data-element_type=\"widget\" data-widget_type=\"text-editor.default\">\n\t\t\t\t\t\t\t\t\tZirkonyum di\u015f kaplama, di\u015f esteti\u011finde en g\u00fcvenilir ve uzun \u00f6m\u00fcrl\u00fc \u00e7\u00f6z\u00fcmlerden biridir. Tezgel Clinic olarak <strong data-start=\"306\" data-end=\"326\">\u0130zmir Bal\u00e7ova\u2019da<\/strong>, elit ve premium di\u015f tedavileri sunuyor, hastalar\u0131m\u0131za hem estetik hem de fonksiyonel a\u00e7\u0131dan m\u00fckemmel g\u00fcl\u00fc\u015fler kazand\u0131r\u0131yoruz. Hekimlerimiz 20 y\u0131l\u0131 a\u015fk\u0131n tecr\u00fcbesiyle, di\u015flerinize do\u011fal ve dayan\u0131kl\u0131 bir g\u00f6r\u00fcn\u00fcm kazand\u0131rmak i\u00e7in modern teknolojilerle \u00e7al\u0131\u015fmaktad\u0131r.\n\n<center><img fetchpriority=\"high\" decoding=\"async\" class=\"alignnone size-full wp-image-804\" src=\"http:\/\/www.tezgelclinic.com\/wp-content\/uploads\/2026\/02\/zirkonn.jpg\" alt=\"\" width=\"600\" height=\"400\" srcset=\"https:\/\/www.tezgelclinic.com\/wp-content\/uploads\/2026\/02\/zirkonn.jpg 600w, https:\/\/www.tezgelclinic.com\/wp-content\/uploads\/2026\/02\/zirkonn-300x200.jpg 300w\" sizes=\"(max-width: 600px) 100vw, 600px\" \/><\/center>\t\t\t\t\t\t\t\t<\/div>\n\t\t\t\t<div class=\"elementor-element elementor-element-dbd5d8e elementor-widget elementor-widget-text-editor\" data-id=\"dbd5d8e\" data-element_type=\"widget\" data-widget_type=\"text-editor.default\">\n\t\t\t\t\t\t\t\t\t<p>Zirkonyum kaplama, \u00f6zellikle renk uyumu ve do\u011fal di\u015f g\u00f6r\u00fcn\u00fcm\u00fc a\u00e7\u0131s\u0131ndan \u00fcst\u00fcn bir materyaldir. Metal destekli kaplamalara k\u0131yasla di\u015f etine dosttur ve \u0131\u015f\u0131k ge\u00e7irgenli\u011fi sayesinde ger\u00e7ek di\u015finizle neredeyse ay\u0131rt edilemez. Bu nedenle <strong data-start=\"828\" data-end=\"876\">premium estetik \u00e7\u00f6z\u00fcmler arayan hastalar\u0131m\u0131z<\/strong> i\u00e7in ideal bir tercihtir. Tezgel Clinic\u2019te her zirkonyum kaplama, hastan\u0131n a\u011f\u0131z yap\u0131s\u0131na ve y\u00fcz hatlar\u0131na \u00f6zel olarak tasarlan\u0131r, b\u00f6ylece hem sa\u011fl\u0131k hem de estetik m\u00fckemmelli\u011fe ula\u015f\u0131l\u0131r.<\/p>\t\t\t\t\t\t\t\t<\/div>\n\t\t\t\t<div class=\"elementor-element elementor-element-720153e2 elementor-widget elementor-widget-heading\" data-id=\"720153e2\" data-element_type=\"widget\" data-widget_type=\"heading.default\">\n\t\t\t\t\t<h4 class=\"elementor-heading-title elementor-size-default\">Zirkonyum Kaplama Tedavi S\u00fcrecimiz<\/h4>\t\t\t\t<\/div>\n\t\t\t\t<div class=\"elementor-element elementor-element-3f19014e elementor-widget elementor-widget-text-editor\" data-id=\"3f19014e\" data-element_type=\"widget\" data-widget_type=\"text-editor.default\">\n\t\t\t\t\t\t\t\t\t<h2 data-start=\"1370\" data-end=\"1409\">Zirkonyum Kaplama Tedavi A\u015famalar\u0131<\/h2><ol data-start=\"1411\" data-end=\"2356\"><li data-start=\"1411\" data-end=\"1580\"><p data-start=\"1414\" data-end=\"1580\"><strong data-start=\"1414\" data-end=\"1437\">Muayene ve Planlama<\/strong><br data-start=\"1437\" data-end=\"1440\" \/>Di\u015f hekimi, a\u011f\u0131z i\u00e7i muayene ve r\u00f6ntgen ile hastan\u0131n ihtiyac\u0131n\u0131 belirler. Kaplama yap\u0131lacak di\u015fler se\u00e7ilir ve tedavi plan\u0131 olu\u015fturulur.<\/p><\/li><li data-start=\"1582\" data-end=\"1746\"><p data-start=\"1585\" data-end=\"1746\"><strong data-start=\"1585\" data-end=\"1602\">Di\u015f Haz\u0131rl\u0131\u011f\u0131<\/strong><br data-start=\"1602\" data-end=\"1605\" \/>Kaplama yap\u0131lacak di\u015fler \u00f6zel aletlerle \u015fekillendirilir. Bu i\u015flem s\u0131ras\u0131nda lokal anestezi uygulan\u0131r, hasta herhangi bir a\u011fr\u0131 hissetmez.<\/p><\/li><li data-start=\"1748\" data-end=\"1878\"><p data-start=\"1751\" data-end=\"1878\"><strong data-start=\"1751\" data-end=\"1768\">\u00d6l\u00e7\u00fc Al\u0131nmas\u0131<\/strong><br data-start=\"1768\" data-end=\"1771\" \/>Haz\u0131rlanan di\u015flerin \u00f6l\u00e7\u00fcs\u00fc al\u0131narak laboratuvara g\u00f6nderilir. Bu a\u015famada hastaya ge\u00e7ici di\u015fler tak\u0131l\u0131r.<\/p><\/li><li data-start=\"1880\" data-end=\"2041\"><p data-start=\"1883\" data-end=\"2041\"><strong data-start=\"1883\" data-end=\"1920\">Zirkonyum Kaplaman\u0131n Haz\u0131rlanmas\u0131<\/strong><br data-start=\"1920\" data-end=\"1923\" \/>Laboratuvarda bilgisayar destekli CAD-CAM teknolojisi ile zirkonyum altyap\u0131 haz\u0131rlan\u0131r, \u00fczerine porselen i\u015flenir.<\/p><\/li><li data-start=\"2043\" data-end=\"2196\"><p data-start=\"2046\" data-end=\"2196\"><strong data-start=\"2046\" data-end=\"2068\">Deneme ve Uygulama<\/strong><br data-start=\"2068\" data-end=\"2071\" \/>Kaplamalar hastan\u0131n a\u011fz\u0131nda prova edilir, uyum ve renk kontrol\u00fc yap\u0131l\u0131r. Ard\u0131ndan \u00f6zel yap\u0131\u015ft\u0131r\u0131c\u0131larla di\u015fe sabitlenir.<\/p><\/li><li data-start=\"2198\" data-end=\"2356\"><p data-start=\"2201\" data-end=\"2356\"><strong data-start=\"2201\" data-end=\"2221\">Kontrol ve Sonu\u00e7<\/strong><br data-start=\"2221\" data-end=\"2224\" \/>Kaplama uyguland\u0131ktan sonra hasta d\u00fczenli kontrollere \u00e7a\u011fr\u0131l\u0131r. Uyum tamamland\u0131\u011f\u0131nda hasta do\u011fal ve estetik bir g\u00fcl\u00fc\u015fe kavu\u015fur.<\/p><\/li><\/ol>\t\t\t\t\t\t\t\t<\/div>\n\t\t\t\t\t<\/div>\n\t\t<\/div>\n\t\t\t\t\t<\/div>\n\t\t<\/section>\n\t\t<div class=\"elementor-element elementor-element-87b9a67 e-flex e-con-boxed e-con e-parent\" data-id=\"87b9a67\" data-element_type=\"container\">\n\t\t\t\t\t<div class=\"e-con-inner\">\n\t\t\t\t<div class=\"elementor-element elementor-element-3c4cc06 elementor-widget elementor-widget-text-editor\" data-id=\"3c4cc06\" data-element_type=\"widget\" data-widget_type=\"text-editor.default\">\n\t\t\t\t\t\t\t\t\t<h2 data-start=\"845\" data-end=\"882\">Zirkonyum Kaplaman\u0131n Avantajlar\u0131<\/h2>\n<ul data-start=\"883\" data-end=\"1363\">\n \t<li data-start=\"883\" data-end=\"978\">\n<p data-start=\"885\" data-end=\"978\"><strong data-start=\"885\" data-end=\"903\">Do\u011fal G\u00f6r\u00fcn\u00fcm:<\/strong> I\u015f\u0131k ge\u00e7irgenli\u011fi sayesinde di\u015flere estetik ve do\u011fal bir g\u00f6r\u00fcn\u00fcm sa\u011flar.<\/p>\n<\/li>\n \t<li data-start=\"979\" data-end=\"1058\">\n<p data-start=\"981\" data-end=\"1058\"><strong data-start=\"981\" data-end=\"998\">Dayan\u0131kl\u0131l\u0131k:<\/strong> \u00c7i\u011fneme kuvvetlerine dayan\u0131kl\u0131 yap\u0131s\u0131 ile uzun \u00f6m\u00fcrl\u00fcd\u00fcr.<\/p>\n<\/li>\n \t<li data-start=\"1059\" data-end=\"1132\">\n<p data-start=\"1061\" data-end=\"1132\"><strong data-start=\"1061\" data-end=\"1079\">Metal \u0130\u00e7ermez:<\/strong> Alerji riski yoktur, di\u015f etlerinde morarma yapmaz.<\/p>\n<\/li>\n \t<li data-start=\"1133\" data-end=\"1210\">\n<p data-start=\"1135\" data-end=\"1210\"><strong data-start=\"1135\" data-end=\"1150\">Biyouyumlu:<\/strong> A\u011f\u0131z dokular\u0131 ile uyumludur, di\u015f eti sa\u011fl\u0131\u011f\u0131n\u0131 destekler.<\/p>\n<\/li>\n \t<li data-start=\"1211\" data-end=\"1283\">\n<p data-start=\"1213\" data-end=\"1283\"><strong data-start=\"1213\" data-end=\"1229\">Leke Tutmaz:<\/strong> Kahve, \u00e7ay ve sigara kullan\u0131m\u0131na kar\u015f\u0131 diren\u00e7lidir.<\/p>\n<\/li>\n \t<li data-start=\"1284\" data-end=\"1363\">\n<p data-start=\"1286\" data-end=\"1363\"><strong data-start=\"1286\" data-end=\"1297\">Konfor:<\/strong> P\u00fcr\u00fczs\u00fcz y\u00fczeyi sayesinde dil ve yanak dokusunu rahats\u0131z etmez.<\/p>\n<\/li>\n<\/ul>\n<div><center><img decoding=\"async\" class=\"alignnone size-full wp-image-805\" src=\"http:\/\/www.tezgelclinic.com\/wp-content\/uploads\/2026\/02\/zirkon.jpg\" alt=\"\" width=\"770\" height=\"470\" srcset=\"https:\/\/www.tezgelclinic.com\/wp-content\/uploads\/2026\/02\/zirkon.jpg 770w, https:\/\/www.tezgelclinic.com\/wp-content\/uploads\/2026\/02\/zirkon-300x183.jpg 300w, https:\/\/www.tezgelclinic.com\/wp-content\/uploads\/2026\/02\/zirkon-768x469.jpg 768w\" sizes=\"(max-width: 770px) 100vw, 770px\" \/><\/center><\/div>\n<p data-start=\"1797\" data-end=\"2308\"><strong data-start=\"1797\" data-end=\"1822\">Zirkonyum di\u015f kaplama<\/strong>, \u00f6zellikle sa\u011fl\u0131k turizmi kapsam\u0131nda \u0130zmir\u2019e gelen hastalar i\u00e7in de b\u00fcy\u00fck avantaj sa\u011flar. \u0130zmir, sadece di\u015f tedavisinde modern teknikler ve deneyimli hekimleriyle de\u011fil, ayn\u0131 zamanda tarihi ve turistik g\u00fczellikleriyle de dikkat \u00e7eker. Tedavi s\u00fcrecini \u0130zmir\u2019de ge\u00e7irirken, Efes Antik Kenti, \u00c7e\u015fme ve Ala\u00e7at\u0131, \u0130zmir Saat Kulesi, Kemeralt\u0131 \u00c7ar\u015f\u0131s\u0131 ve Kadifekale gibi \u00f6nemli yerleri ke\u015ffetme f\u0131rsat\u0131 bulabilirsiniz. B\u00f6ylece hem sa\u011fl\u0131\u011f\u0131n\u0131z\u0131 hem de tatilinizi bir arada planlayabilirsiniz.<\/p>\n<p data-start=\"2310\" data-end=\"2688\">Tezgel Clinic, <strong data-start=\"2325\" data-end=\"2381\">20 y\u0131l\u0131 a\u015fk\u0131n deneyimi ve premium hizmet anlay\u0131\u015f\u0131yla<\/strong>, zirkonyum di\u015f kaplama alan\u0131nda g\u00fcven ve kaliteyi bir araya getirir. Hastalar\u0131m\u0131z, di\u015f sa\u011fl\u0131\u011f\u0131 ve esteti\u011finde fark yaratan \u00e7\u00f6z\u00fcmlerle, \u00f6zg\u00fcvenlerini art\u0131r\u0131r ve uzun \u00f6m\u00fcrl\u00fc g\u00fcl\u00fc\u015flere kavu\u015fur. \u0130zmir Bal\u00e7ova\u2019daki klini\u011fimizde sundu\u011fumuz ki\u015fiye \u00f6zel hizmetler, her hastan\u0131n ihtiya\u00e7 ve beklentisine odaklan\u0131r<\/p>\n<p data-start=\"2970\" data-end=\"3246\">Zirkonyum kaplama ile di\u015fleriniz yaln\u0131zca estetik olarak de\u011fil, fonksiyonel olarak da g\u00fc\u00e7lendirilir. Dayan\u0131kl\u0131 yap\u0131s\u0131 sayesinde uzun y\u0131llar boyunca g\u00fcvenle kullan\u0131labilir. Tezgel Clinic olarak her kaplamada, <strong data-start=\"3178\" data-end=\"3228\">hastalar\u0131m\u0131z\u0131n konforu, sa\u011fl\u0131\u011f\u0131 ve memnuniyeti<\/strong> \u00f6nceli\u011fimizdir.<\/p>\n<p data-start=\"3248\" data-end=\"3553\">Hayalinizdeki do\u011fal ve estetik g\u00fcl\u00fc\u015f art\u0131k \u00e7ok yak\u0131n! Zirkonyum di\u015f kaplama ile hem sa\u011fl\u0131kl\u0131 hem de g\u00f6z al\u0131c\u0131 bir g\u00fcl\u00fc\u015f kazanmak i\u00e7in <strong data-start=\"3382\" data-end=\"3451\">\u0130zmir Bal\u00e7ova\u2019daki Tezgel Clinic\u2019e gelin ve randevunuzu olu\u015fturun<\/strong>. G\u00fcl\u00fc\u015f\u00fcn\u00fczde fark yaratacak uzman ellerle tan\u0131\u015f\u0131n ve kaliteli, premium bir tedavi deneyimi ya\u015fay\u0131n.<\/p>\n\n<h2 data-start=\"2363\" data-end=\"2393\">S\u0131k\u00e7a Sorulan Sorular (SSS)<\/h2>\n<ol data-start=\"2395\" data-end=\"3838\">\n \t<li data-start=\"2395\" data-end=\"2535\">\n<p data-start=\"2398\" data-end=\"2535\"><strong data-start=\"2398\" data-end=\"2442\">Zirkonyum kaplama ne kadar dayan\u0131kl\u0131d\u0131r?<\/strong><br data-start=\"2442\" data-end=\"2445\" \/>Do\u011fru yap\u0131ld\u0131\u011f\u0131nda ve iyi bak\u0131ld\u0131\u011f\u0131nda 15-20 y\u0131l hatta daha uzun s\u00fcre kullan\u0131labilir.<\/p>\n<\/li>\n \t<li data-start=\"2537\" data-end=\"2671\">\n<p data-start=\"2540\" data-end=\"2671\"><strong data-start=\"2540\" data-end=\"2588\">Zirkonyum kaplama do\u011fal di\u015f gibi g\u00f6r\u00fcn\u00fcr m\u00fc?<\/strong><br data-start=\"2588\" data-end=\"2591\" \/>Evet. I\u015f\u0131k ge\u00e7irgenli\u011fi sayesinde do\u011fal di\u015fe en yak\u0131n estetik sonucu verir.<\/p>\n<\/li>\n \t<li data-start=\"2673\" data-end=\"2820\">\n<p data-start=\"2676\" data-end=\"2820\"><strong data-start=\"2676\" data-end=\"2718\">Zirkonyum kaplama kimlere yap\u0131labilir?<\/strong><br data-start=\"2718\" data-end=\"2721\" \/>Estetik kayg\u0131s\u0131 olan, metal alerjisi bulunan veya di\u015f yap\u0131s\u0131 zay\u0131f olan herkese uygulanabilir.<\/p>\n<\/li>\n \t<li data-start=\"2822\" data-end=\"3002\">\n<p data-start=\"2825\" data-end=\"3002\"><strong data-start=\"2825\" data-end=\"2875\">Zirkonyum kaplama di\u015f etlerine zarar verir mi?<\/strong><br data-start=\"2875\" data-end=\"2878\" \/>Hay\u0131r. Biyouyumlu oldu\u011fu i\u00e7in di\u015f eti sa\u011fl\u0131\u011f\u0131na zarar vermez, hatta metal destekli kaplamalara g\u00f6re \u00e7ok daha uyumludur.<\/p>\n<\/li>\n \t<li data-start=\"3004\" data-end=\"3159\">\n<p data-start=\"3007\" data-end=\"3159\"><strong data-start=\"3007\" data-end=\"3057\">Zirkonyum kaplama fiyatlar\u0131 neye g\u00f6re de\u011fi\u015fir?<\/strong><br data-start=\"3057\" data-end=\"3060\" \/>Kaplama yap\u0131lacak di\u015f say\u0131s\u0131, kullan\u0131lan malzeme kalitesi ve hekimin uzmanl\u0131\u011f\u0131 fiyat\u0131 etkiler.<\/p>\n<\/li>\n \t<li data-start=\"3161\" data-end=\"3302\">\n<p data-start=\"3164\" data-end=\"3302\"><strong data-start=\"3164\" data-end=\"3200\">Zirkonyum kaplama leke tutar m\u0131?<\/strong><br data-start=\"3200\" data-end=\"3203\" \/>Kahve, \u00e7ay ve sigaraya kar\u015f\u0131 olduk\u00e7a diren\u00e7lidir. D\u00fczenli bak\u0131m ile uzun y\u0131llar lekesiz kal\u0131r.<\/p>\n<\/li>\n \t<li data-start=\"3304\" data-end=\"3418\">\n<p data-start=\"3307\" data-end=\"3418\"><strong data-start=\"3307\" data-end=\"3333\">Tedavi ne kadar s\u00fcrer?<\/strong><br data-start=\"3333\" data-end=\"3336\" \/>Ortalama 1 hafta i\u00e7inde tamamlan\u0131r. Bu s\u00fcre laboratuvar \u00e7al\u0131\u015fmas\u0131na ba\u011fl\u0131d\u0131r.<\/p>\n<\/li>\n \t<li data-start=\"3420\" data-end=\"3548\">\n<p data-start=\"3423\" data-end=\"3548\"><strong data-start=\"3423\" data-end=\"3479\">Zirkonyum kaplama sonras\u0131 di\u015flerim nas\u0131l hissedilir?<\/strong><br data-start=\"3479\" data-end=\"3482\" \/>P\u00fcr\u00fczs\u00fcz y\u00fczeyi sayesinde do\u011fal di\u015f gibi konforlu hissedilir.<\/p>\n<\/li>\n \t<li data-start=\"3550\" data-end=\"3702\">\n<p data-start=\"3553\" data-end=\"3702\"><strong data-start=\"3553\" data-end=\"3600\">Zirkonyum kaplama ile k\u00f6pr\u00fc yap\u0131labilir mi?<\/strong><br data-start=\"3600\" data-end=\"3603\" \/>Evet. Tek di\u015f eksikliklerinde veya birden fazla di\u015f eksikli\u011finde k\u00f6pr\u00fc \u015feklinde uygulanabilir.<\/p>\n<\/li>\n \t<li data-start=\"3704\" data-end=\"3838\">\n<p data-start=\"3708\" data-end=\"3838\"><strong data-start=\"3708\" data-end=\"3746\">Zirkonyum mu porselen mi daha iyi?<\/strong><br data-start=\"3746\" data-end=\"3749\" \/>Zirkonyum, estetik ve dayan\u0131kl\u0131l\u0131k a\u00e7\u0131s\u0131ndan porselene g\u00f6re daha \u00fcst\u00fcn bir \u00e7\u00f6z\u00fcmd\u00fcr.<\/p>\n<\/li>\n<\/ol>\t\t\t\t\t\t\t\t<\/div>\n\t\t\t\t\t<\/div>\n\t\t\t\t<\/div>\n\t\t\t\t<\/div>\n\t\t","protected":false},"excerpt":{"rendered":"<p>Hayalinizdeki G\u00fcl\u00fc\u015f, Tecr\u00fcbemizle Ger\u00e7ekle\u015fir Zirkonyum Di\u015f Kaplamalar\u0131 ile di\u015flerinizi sadece g\u00fczelle\u015ftirmiyoruz; sa\u011fl\u0131kl\u0131, estetik ve size \u00f6zel bir g\u00fcl\u00fc\u015f yarat\u0131yoruz. Zirkonyum Di\u015f Kaplama Di\u015f kaplamas\u0131 hasar g\u00f6rm\u00fc\u015f, renk de\u011fi\u015ftirmi\u015f veya estetik a\u00e7\u0131dan ho\u015f g\u00f6r\u00fcnmeyen di\u015fleri onarmak ve iyile\u015ftirmek i\u00e7in kullan\u0131lan bir dental tedavi y\u00f6ntemidir. Bu kaplamalar di\u015fin \u00fczerine yerle\u015ftirilen ince ve dayan\u0131kl\u0131 malzemelerden yap\u0131l\u0131r. Peki, zirkonyum [&hellip;]<\/p>\n","protected":false},"author":1,"featured_media":0,"parent":142,"menu_order":0,"comment_status":"closed","ping_status":"closed","template":"elementor_header_footer","meta":{"footnotes":""},"class_list":["post-351","page","type-page","status-publish","hentry"],"_links":{"self":[{"href":"https:\/\/www.tezgelclinic.com\/index.php?rest_route=\/wp\/v2\/pages\/351","targetHints":{"allow":["GET"]}}],"collection":[{"href":"https:\/\/www.tezgelclinic.com\/index.php?rest_route=\/wp\/v2\/pages"}],"about":[{"href":"https:\/\/www.tezgelclinic.com\/index.php?rest_route=\/wp\/v2\/types\/page"}],"author":[{"embeddable":true,"href":"https:\/\/www.tezgelclinic.com\/index.php?rest_route=\/wp\/v2\/users\/1"}],"replies":[{"embeddable":true,"href":"https:\/\/www.tezgelclinic.com\/index.php?rest_route=%2Fwp%2Fv2%2Fcomments&post=351"}],"version-history":[{"count":19,"href":"https:\/\/www.tezgelclinic.com\/index.php?rest_route=\/wp\/v2\/pages\/351\/revisions"}],"predecessor-version":[{"id":1333,"href":"https:\/\/www.tezgelclinic.com\/index.php?rest_route=\/wp\/v2\/pages\/351\/revisions\/1333"}],"up":[{"embeddable":true,"href":"https:\/\/www.tezgelclinic.com\/index.php?rest_route=\/wp\/v2\/pages\/142"}],"wp:attachment":[{"href":"https:\/\/www.tezgelclinic.com\/index.php?rest_route=%2Fwp%2Fv2%2Fmedia&parent=351"}],"curies":[{"name":"wp","href":"https:\/\/api.w.org\/{rel}","templated":true}]}}