{"id":355,"date":"2025-08-28T22:50:35","date_gmt":"2025-08-28T19:50:35","guid":{"rendered":"https:\/\/www.tezgelclinic.com\/?page_id=355"},"modified":"2026-02-22T00:03:45","modified_gmt":"2026-02-21T21:03:45","slug":"porselen-dis","status":"publish","type":"page","link":"https:\/\/www.tezgelclinic.com\/?page_id=355","title":{"rendered":"Porselen Di\u015f Kaplama"},"content":{"rendered":"\t\t<div data-elementor-type=\"wp-page\" data-elementor-id=\"355\" class=\"elementor elementor-355\" data-elementor-post-type=\"page\">\n\t\t\t\t\t\t<section class=\"elementor-section elementor-top-section elementor-element elementor-element-10653d06 elementor-section-boxed elementor-section-height-default elementor-section-height-default\" data-id=\"10653d06\" data-element_type=\"section\" data-settings=\"{&quot;background_background&quot;:&quot;classic&quot;}\">\n\t\t\t\t\t\t\t<div class=\"elementor-background-overlay\"><\/div>\n\t\t\t\t\t\t\t<div class=\"elementor-container elementor-column-gap-default\">\n\t\t\t\t\t<div class=\"elementor-column elementor-col-100 elementor-top-column elementor-element elementor-element-4a481c88\" data-id=\"4a481c88\" data-element_type=\"column\">\n\t\t\t<div class=\"elementor-widget-wrap elementor-element-populated\">\n\t\t\t\t\t\t<div class=\"elementor-element elementor-element-39053b9e elementor-widget__width-initial elementor-widget elementor-widget-heading\" data-id=\"39053b9e\" data-element_type=\"widget\" data-widget_type=\"heading.default\">\n\t\t\t\t\t<h1 class=\"elementor-heading-title elementor-size-default\">Porselen Di\u015f Kaplama: Do\u011fal ve Dayan\u0131kl\u0131 G\u00fcl\u00fc\u015flerin S\u0131rr\u0131<\/h1>\t\t\t\t<\/div>\n\t\t\t\t<div class=\"elementor-element elementor-element-29a2d37d elementor-widget elementor-widget-text-editor\" data-id=\"29a2d37d\" data-element_type=\"widget\" data-widget_type=\"text-editor.default\">\n\t\t\t\t\t\t\t\t\t<p>Sa\u011fl\u0131kl\u0131, estetik ve size \u00f6zel bir g\u00fcl\u00fc\u015f yarat\u0131yoruz.<\/p>\t\t\t\t\t\t\t\t<\/div>\n\t\t\t\t\t<\/div>\n\t\t<\/div>\n\t\t\t\t\t<\/div>\n\t\t<\/section>\n\t\t\t\t<section class=\"elementor-section elementor-top-section elementor-element elementor-element-40a6bcb4 elementor-section-boxed elementor-section-height-default elementor-section-height-default\" data-id=\"40a6bcb4\" data-element_type=\"section\" data-settings=\"{&quot;background_background&quot;:&quot;classic&quot;}\">\n\t\t\t\t\t\t\t<div class=\"elementor-background-overlay\"><\/div>\n\t\t\t\t\t\t\t<div class=\"elementor-container elementor-column-gap-default\">\n\t\t\t\t\t<div class=\"elementor-column elementor-col-100 elementor-top-column elementor-element elementor-element-2edea49d\" data-id=\"2edea49d\" data-element_type=\"column\">\n\t\t\t<div class=\"elementor-widget-wrap elementor-element-populated\">\n\t\t\t\t\t\t<div class=\"elementor-element elementor-element-d450d87 elementor-widget elementor-widget-heading\" data-id=\"d450d87\" data-element_type=\"widget\" data-widget_type=\"heading.default\">\n\t\t\t\t\t<h3 class=\"elementor-heading-title elementor-size-default\">Porselen Di\u015f Kaplama<\/h3>\t\t\t\t<\/div>\n\t\t\t\t<div class=\"elementor-element elementor-element-378d4a91 elementor-widget elementor-widget-text-editor\" data-id=\"378d4a91\" data-element_type=\"widget\" data-widget_type=\"text-editor.default\">\n\t\t\t\t\t\t\t\t\t<p>Sa\u011fl\u0131kl\u0131, beyaz ve estetik bir g\u00fcl\u00fc\u015f, insanlar\u0131n sosyal ve i\u015f hayat\u0131nda \u00f6zg\u00fcvenini art\u0131ran en \u00f6nemli unsurlardan biridir. Ancak di\u015flerde k\u0131r\u0131k, \u00e7\u00fcr\u00fck, renklenme veya estetik bozukluklar oldu\u011funda, bu durum hem g\u00f6r\u00fcn\u00fcm\u00fc hem de ya\u015fam kalitesini olumsuz etkiler. \u0130\u015fte bu noktada <strong data-start=\"735\" data-end=\"763\">porselen di\u015f kaplamalar\u0131<\/strong>, hem estetik hem de fonksiyonel a\u00e7\u0131dan en \u00e7ok tercih edilen modern \u00e7\u00f6z\u00fcmlerden biri olarak \u00f6ne \u00e7\u0131kar.<\/p>\t\t\t\t\t\t\t\t<\/div>\n\t\t\t\t<div class=\"elementor-element elementor-element-5b28dbfb elementor-widget elementor-widget-text-editor\" data-id=\"5b28dbfb\" data-element_type=\"widget\" data-widget_type=\"text-editor.default\">\n\t\t\t\t\t\t\t\t\tPorselen kaplamalar, do\u011fal di\u015flere en yak\u0131n estetik g\u00f6r\u00fcn\u00fcm\u00fc sa\u011flayan, uzun \u00f6m\u00fcrl\u00fc ve dayan\u0131kl\u0131 materyallerden \u00fcretilir. G\u00fcn\u00fcm\u00fczde di\u015f hekimli\u011finde en yayg\u0131n kullan\u0131lan estetik tedavilerden biri haline gelmi\u015ftir.\n\n&nbsp;\n\n<center><img fetchpriority=\"high\" decoding=\"async\" class=\"alignnone size-full wp-image-815\" src=\"http:\/\/www.tezgelclinic.com\/wp-content\/uploads\/2026\/02\/metal-destekli-porselen-dis.jpg\" alt=\"\" width=\"600\" height=\"505\" \/><\/center>\t\t\t\t\t\t\t\t<\/div>\n\t\t\t\t<div class=\"elementor-element elementor-element-720153e2 elementor-widget elementor-widget-heading\" data-id=\"720153e2\" data-element_type=\"widget\" data-widget_type=\"heading.default\">\n\t\t\t\t\t<h4 class=\"elementor-heading-title elementor-size-default\">Porselen Di\u015f Kaplama Tedavi S\u00fcrecimiz<\/h4>\t\t\t\t<\/div>\n\t\t\t\t<div class=\"elementor-element elementor-element-3f19014e elementor-widget elementor-widget-text-editor\" data-id=\"3f19014e\" data-element_type=\"widget\" data-widget_type=\"text-editor.default\">\n\t\t\t\t\t\t\t\t\t<p>Her insan\u0131n A\u011f\u0131z Di\u015f ve \u00c7ene Kemi\u011fi Yap\u0131s\u0131 Farkl\u0131d\u0131r, buna ba\u011fl\u0131 olarak herkese farkl\u0131 tedavi plan\u0131 uygulamak gerekir.<\/p>\t\t\t\t\t\t\t\t<\/div>\n\t\t\t\t<div class=\"elementor-element elementor-element-71f29c52 elementor-view-stacked elementor-position-left elementor-tablet-position-left elementor-mobile-position-left elementor-widget__width-initial elementor-widget-tablet__width-initial elementor-shape-circle elementor-widget elementor-widget-icon-box\" data-id=\"71f29c52\" data-element_type=\"widget\" data-widget_type=\"icon-box.default\">\n\t\t\t\t\t\t\t<div class=\"elementor-icon-box-wrapper\">\n\n\t\t\t\t\t\t<div class=\"elementor-icon-box-icon\">\n\t\t\t\t<a href=\"#\" class=\"elementor-icon\" tabindex=\"-1\" aria-label=\"1. Muayene ve Planlama\">\n\t\t\t\t<svg aria-hidden=\"true\" class=\"e-font-icon-svg e-fas-check-circle\" viewBox=\"0 0 512 512\" xmlns=\"http:\/\/www.w3.org\/2000\/svg\"><path d=\"M504 256c0 136.967-111.033 248-248 248S8 392.967 8 256 119.033 8 256 8s248 111.033 248 248zM227.314 387.314l184-184c6.248-6.248 6.248-16.379 0-22.627l-22.627-22.627c-6.248-6.249-16.379-6.249-22.628 0L216 308.118l-70.059-70.059c-6.248-6.248-16.379-6.248-22.628 0l-22.627 22.627c-6.248 6.248-6.248 16.379 0 22.627l104 104c6.249 6.249 16.379 6.249 22.628.001z\"><\/path><\/svg>\t\t\t\t<\/a>\n\t\t\t<\/div>\n\t\t\t\n\t\t\t\t\t\t<div class=\"elementor-icon-box-content\">\n\n\t\t\t\t\t\t\t\t\t<h4 class=\"elementor-icon-box-title\">\n\t\t\t\t\t\t<a href=\"#\" >\n\t\t\t\t\t\t\t1. Muayene ve Planlama\t\t\t\t\t\t<\/a>\n\t\t\t\t\t<\/h4>\n\t\t\t\t\n\t\t\t\t\t\t\t\t\t<p class=\"elementor-icon-box-description\">\n\t\t\t\t\t\tHastan\u0131n a\u011f\u0131z yap\u0131s\u0131, di\u015f formu ve estetik beklentileri incelenir.\n\nTedavi plan\u0131 ki\u015fiye \u00f6zel haz\u0131rlan\u0131r.\t\t\t\t\t<\/p>\n\t\t\t\t\n\t\t\t<\/div>\n\t\t\t\n\t\t<\/div>\n\t\t\t\t\t\t<\/div>\n\t\t\t\t<div class=\"elementor-element elementor-element-6c3f8aaa elementor-view-stacked elementor-position-left elementor-tablet-position-left elementor-mobile-position-left elementor-widget__width-initial elementor-widget-tablet__width-initial elementor-shape-circle elementor-widget elementor-widget-icon-box\" data-id=\"6c3f8aaa\" data-element_type=\"widget\" data-widget_type=\"icon-box.default\">\n\t\t\t\t\t\t\t<div class=\"elementor-icon-box-wrapper\">\n\n\t\t\t\t\t\t<div class=\"elementor-icon-box-icon\">\n\t\t\t\t<a href=\"#\" class=\"elementor-icon\" tabindex=\"-1\" aria-label=\"2. Di\u015flerin Haz\u0131rlanmas\u0131 - \u00d6l\u00e7\u00fc\">\n\t\t\t\t<svg aria-hidden=\"true\" class=\"e-font-icon-svg e-fas-check-circle\" viewBox=\"0 0 512 512\" xmlns=\"http:\/\/www.w3.org\/2000\/svg\"><path d=\"M504 256c0 136.967-111.033 248-248 248S8 392.967 8 256 119.033 8 256 8s248 111.033 248 248zM227.314 387.314l184-184c6.248-6.248 6.248-16.379 0-22.627l-22.627-22.627c-6.248-6.249-16.379-6.249-22.628 0L216 308.118l-70.059-70.059c-6.248-6.248-16.379-6.248-22.628 0l-22.627 22.627c-6.248 6.248-6.248 16.379 0 22.627l104 104c6.249 6.249 16.379 6.249 22.628.001z\"><\/path><\/svg>\t\t\t\t<\/a>\n\t\t\t<\/div>\n\t\t\t\n\t\t\t\t\t\t<div class=\"elementor-icon-box-content\">\n\n\t\t\t\t\t\t\t\t\t<h4 class=\"elementor-icon-box-title\">\n\t\t\t\t\t\t<a href=\"#\" >\n\t\t\t\t\t\t\t2. Di\u015flerin Haz\u0131rlanmas\u0131 - \u00d6l\u00e7\u00fc\t\t\t\t\t\t<\/a>\n\t\t\t\t\t<\/h4>\n\t\t\t\t\n\t\t\t\t\t\t\t\t\t<p class=\"elementor-icon-box-description\">\n\t\t\t\t\t\tKaplama yap\u0131lacak di\u015fler minimal \u00f6l\u00e7\u00fcde k\u00fc\u00e7\u00fclt\u00fcl\u00fcr.\n\nGerekirse \u00e7\u00fcr\u00fckler temizlenir ve di\u015fler proteze haz\u0131r hale getirilir.\n\nDijital veya klasik y\u00f6ntemlerle \u00f6l\u00e7\u00fcler al\u0131n\u0131r.\n\nLaboratuvarda ki\u015fiye \u00f6zel porselen di\u015fler haz\u0131rlan\u0131r.\t\t\t\t\t<\/p>\n\t\t\t\t\n\t\t\t<\/div>\n\t\t\t\n\t\t<\/div>\n\t\t\t\t\t\t<\/div>\n\t\t\t\t<div class=\"elementor-element elementor-element-1a19bd8b elementor-view-stacked elementor-position-left elementor-tablet-position-left elementor-mobile-position-left elementor-widget__width-initial elementor-widget-tablet__width-initial elementor-shape-circle elementor-widget elementor-widget-icon-box\" data-id=\"1a19bd8b\" data-element_type=\"widget\" data-widget_type=\"icon-box.default\">\n\t\t\t\t\t\t\t<div class=\"elementor-icon-box-wrapper\">\n\n\t\t\t\t\t\t<div class=\"elementor-icon-box-icon\">\n\t\t\t\t<a href=\"#\" class=\"elementor-icon\" tabindex=\"-1\" aria-label=\"3. Ge\u00e7ici Kaplama Uygulamas\u0131\">\n\t\t\t\t<svg aria-hidden=\"true\" class=\"e-font-icon-svg e-fas-check-circle\" viewBox=\"0 0 512 512\" xmlns=\"http:\/\/www.w3.org\/2000\/svg\"><path d=\"M504 256c0 136.967-111.033 248-248 248S8 392.967 8 256 119.033 8 256 8s248 111.033 248 248zM227.314 387.314l184-184c6.248-6.248 6.248-16.379 0-22.627l-22.627-22.627c-6.248-6.249-16.379-6.249-22.628 0L216 308.118l-70.059-70.059c-6.248-6.248-16.379-6.248-22.628 0l-22.627 22.627c-6.248 6.248-6.248 16.379 0 22.627l104 104c6.249 6.249 16.379 6.249 22.628.001z\"><\/path><\/svg>\t\t\t\t<\/a>\n\t\t\t<\/div>\n\t\t\t\n\t\t\t\t\t\t<div class=\"elementor-icon-box-content\">\n\n\t\t\t\t\t\t\t\t\t<h4 class=\"elementor-icon-box-title\">\n\t\t\t\t\t\t<a href=\"#\" >\n\t\t\t\t\t\t\t3. Ge\u00e7ici Kaplama Uygulamas\u0131\t\t\t\t\t\t<\/a>\n\t\t\t\t\t<\/h4>\n\t\t\t\t\n\t\t\t\t\t\t\t\t\t<p class=\"elementor-icon-box-description\">\n\t\t\t\t\t\tKal\u0131c\u0131 kaplamalar haz\u0131rlan\u0131rken hastaya ge\u00e7ici kaplamalar tak\u0131l\u0131r.\t\t\t\t\t<\/p>\n\t\t\t\t\n\t\t\t<\/div>\n\t\t\t\n\t\t<\/div>\n\t\t\t\t\t\t<\/div>\n\t\t\t\t<div class=\"elementor-element elementor-element-477765b6 elementor-view-stacked elementor-position-left elementor-tablet-position-left elementor-mobile-position-left elementor-widget__width-initial elementor-widget-tablet__width-initial elementor-shape-circle elementor-widget elementor-widget-icon-box\" data-id=\"477765b6\" data-element_type=\"widget\" data-widget_type=\"icon-box.default\">\n\t\t\t\t\t\t\t<div class=\"elementor-icon-box-wrapper\">\n\n\t\t\t\t\t\t<div class=\"elementor-icon-box-icon\">\n\t\t\t\t<a href=\"#\" class=\"elementor-icon\" tabindex=\"-1\" aria-label=\"4. Porselen Kaplamalar\u0131n Yerle\u015ftirilmesi\">\n\t\t\t\t<svg aria-hidden=\"true\" class=\"e-font-icon-svg e-fas-check-circle\" viewBox=\"0 0 512 512\" xmlns=\"http:\/\/www.w3.org\/2000\/svg\"><path d=\"M504 256c0 136.967-111.033 248-248 248S8 392.967 8 256 119.033 8 256 8s248 111.033 248 248zM227.314 387.314l184-184c6.248-6.248 6.248-16.379 0-22.627l-22.627-22.627c-6.248-6.249-16.379-6.249-22.628 0L216 308.118l-70.059-70.059c-6.248-6.248-16.379-6.248-22.628 0l-22.627 22.627c-6.248 6.248-6.248 16.379 0 22.627l104 104c6.249 6.249 16.379 6.249 22.628.001z\"><\/path><\/svg>\t\t\t\t<\/a>\n\t\t\t<\/div>\n\t\t\t\n\t\t\t\t\t\t<div class=\"elementor-icon-box-content\">\n\n\t\t\t\t\t\t\t\t\t<h4 class=\"elementor-icon-box-title\">\n\t\t\t\t\t\t<a href=\"#\" >\n\t\t\t\t\t\t\t4. Porselen Kaplamalar\u0131n Yerle\u015ftirilmesi\t\t\t\t\t\t<\/a>\n\t\t\t\t\t<\/h4>\n\t\t\t\t\n\t\t\t\t\t\t\t\t\t<p class=\"elementor-icon-box-description\">\n\t\t\t\t\t\tHaz\u0131rlanan porselen kaplamalar \u00f6zel yap\u0131\u015ft\u0131r\u0131c\u0131larla di\u015flere sabitlenir.\n\nG\u00fcl\u00fc\u015f esteti\u011fi kontrol edilerek son d\u00fczenlemeler yap\u0131l\u0131r.\t\t\t\t\t<\/p>\n\t\t\t\t\n\t\t\t<\/div>\n\t\t\t\n\t\t<\/div>\n\t\t\t\t\t\t<\/div>\n\t\t\t\t\t<\/div>\n\t\t<\/div>\n\t\t\t\t\t<\/div>\n\t\t<\/section>\n\t\t<div class=\"elementor-element elementor-element-dcc6438 e-flex e-con-boxed e-con e-parent\" data-id=\"dcc6438\" data-element_type=\"container\">\n\t\t\t\t\t<div class=\"e-con-inner\">\n\t\t<div class=\"elementor-element elementor-element-cc78458 e-con-full e-flex e-con e-child\" data-id=\"cc78458\" data-element_type=\"container\">\n\t\t\t\t<div class=\"elementor-element elementor-element-42be674 elementor-widget elementor-widget-text-editor\" data-id=\"42be674\" data-element_type=\"widget\" data-widget_type=\"text-editor.default\">\n\t\t\t\t\t\t\t\t\t<h2 data-start=\"1090\" data-end=\"1115\">Porselen Di\u015f T\u00fcrleri<\/h2><ul data-start=\"1117\" data-end=\"1668\"><li data-start=\"1117\" data-end=\"1320\"><p data-start=\"1119\" data-end=\"1320\"><strong data-start=\"1119\" data-end=\"1154\">Metal Destekli Porselen Kaplama<\/strong><br data-start=\"1154\" data-end=\"1157\" \/>Dayan\u0131kl\u0131l\u0131\u011f\u0131 y\u00fcksek, arka b\u00f6lgelerde daha \u00e7ok tercih edilen bir y\u00f6ntemdir. Ancak \u0131\u015f\u0131k ge\u00e7irgenli\u011fi d\u00fc\u015f\u00fck oldu\u011fu i\u00e7in estetik a\u00e7\u0131dan \u00f6n di\u015flerde \u00e7ok \u00f6nerilmez.<\/p><\/li><li data-start=\"1322\" data-end=\"1491\"><p data-start=\"1324\" data-end=\"1491\"><strong data-start=\"1324\" data-end=\"1363\">Zirkonyum Destekli Porselen Kaplama<\/strong><br data-start=\"1363\" data-end=\"1366\" \/>Hem dayan\u0131kl\u0131 hem de estetik a\u00e7\u0131dan ba\u015far\u0131l\u0131d\u0131r. I\u015f\u0131k ge\u00e7irgenli\u011fi sayesinde do\u011fal di\u015flere \u00e7ok benzer bir g\u00f6r\u00fcn\u00fcm sa\u011flar.<\/p><\/li><li data-start=\"1493\" data-end=\"1668\"><p data-start=\"1495\" data-end=\"1668\"><strong data-start=\"1495\" data-end=\"1523\">Lamina (Yaprak) Porselen<\/strong><br data-start=\"1523\" data-end=\"1526\" \/>\u00d6n di\u015flerde estetik kayg\u0131lar\u0131 gidermek i\u00e7in en s\u0131k tercih edilen y\u00f6ntemdir. \u00c7ok ince porselen tabakalar di\u015flerin \u00f6n y\u00fczeyine yap\u0131\u015ft\u0131r\u0131l\u0131r.<\/p><\/li><\/ul>\t\t\t\t\t\t\t\t<\/div>\n\t\t\t\t<\/div>\n\t\t<div class=\"elementor-element elementor-element-58c94c9 e-con-full e-flex e-con e-child\" data-id=\"58c94c9\" data-element_type=\"container\">\n\t\t\t\t<div class=\"elementor-element elementor-element-f0b9681 elementor-widget elementor-widget-text-editor\" data-id=\"f0b9681\" data-element_type=\"widget\" data-widget_type=\"text-editor.default\">\n\t\t\t\t\t\t\t\t\t<h2 data-start=\"2476\" data-end=\"2516\">Porselen Di\u015f Kaplaman\u0131n Avantajlar\u0131<\/h2><ul data-start=\"2518\" data-end=\"2781\"><li data-start=\"2518\" data-end=\"2569\"><p data-start=\"2520\" data-end=\"2569\">Do\u011fal di\u015f g\u00f6r\u00fcn\u00fcm\u00fcne en yak\u0131n estetik \u00e7\u00f6z\u00fcmd\u00fcr.<\/p><\/li><li data-start=\"2570\" data-end=\"2616\"><p data-start=\"2572\" data-end=\"2616\">Dayan\u0131kl\u0131l\u0131\u011f\u0131 y\u00fcksektir ve uzun \u00f6m\u00fcrl\u00fcd\u00fcr.<\/p><\/li><li data-start=\"2617\" data-end=\"2663\"><p data-start=\"2619\" data-end=\"2663\">Renklenmeye ve lekelere kar\u015f\u0131 diren\u00e7lidir.<\/p><\/li><li data-start=\"2664\" data-end=\"2713\"><p data-start=\"2666\" data-end=\"2713\">Konu\u015fma ve \u00e7i\u011fneme fonksiyonlar\u0131n\u0131 destekler.<\/p><\/li><li data-start=\"2714\" data-end=\"2781\"><p data-start=\"2716\" data-end=\"2781\">Ki\u015fiye \u00f6zel tasar\u0131m sayesinde do\u011fal ve uyumlu bir g\u00fcl\u00fc\u015f sa\u011flar.<\/p><\/li><\/ul>\t\t\t\t\t\t\t\t<\/div>\n\t\t\t\t<\/div>\n\t\t\t\t\t<\/div>\n\t\t\t\t<\/div>\n\t\t<div class=\"elementor-element elementor-element-87b9a67 e-flex e-con-boxed e-con e-parent\" data-id=\"87b9a67\" data-element_type=\"container\">\n\t\t\t\t\t<div class=\"e-con-inner\">\n\t\t\t\t<div class=\"elementor-element elementor-element-3c4cc06 elementor-widget elementor-widget-text-editor\" data-id=\"3c4cc06\" data-element_type=\"widget\" data-widget_type=\"text-editor.default\">\n\t\t\t\t\t\t\t\t\t<h2 data-start=\"2788\" data-end=\"2828\">Porselen Di\u015f Kaplama Dezavantajlar\u0131<\/h2>\n<ul data-start=\"2830\" data-end=\"3040\">\n \t<li data-start=\"2830\" data-end=\"2904\">\n<p data-start=\"2832\" data-end=\"2904\">Metal destekli porselenler \u00f6n di\u015flerde estetik a\u00e7\u0131dan zay\u0131f kalabilir.<\/p>\n<\/li>\n \t<li data-start=\"2905\" data-end=\"2988\">\n<p data-start=\"2907\" data-end=\"2988\">Tedavi sonras\u0131 a\u011f\u0131z hijyenine dikkat edilmezse di\u015f etlerinde sorun ya\u015fanabilir.<\/p>\n<\/li>\n \t<li data-start=\"2989\" data-end=\"3040\">\n<p data-start=\"2991\" data-end=\"3040\">Kaplamalar d\u00fczenli bak\u0131m ve kontrol gerektirir.<\/p>\n<\/li>\n<\/ul>\n<center><img decoding=\"async\" class=\"alignnone size-large wp-image-816\" src=\"http:\/\/www.tezgelclinic.com\/wp-content\/uploads\/2026\/02\/porselenkaplama-1024x1005.jpg\" alt=\"\" width=\"800\" height=\"785\" srcset=\"https:\/\/www.tezgelclinic.com\/wp-content\/uploads\/2026\/02\/porselenkaplama-1024x1005.jpg 1024w, https:\/\/www.tezgelclinic.com\/wp-content\/uploads\/2026\/02\/porselenkaplama-300x294.jpg 300w, https:\/\/www.tezgelclinic.com\/wp-content\/uploads\/2026\/02\/porselenkaplama-768x754.jpg 768w, https:\/\/www.tezgelclinic.com\/wp-content\/uploads\/2026\/02\/porselenkaplama.jpg 1080w\" sizes=\"(max-width: 800px) 100vw, 800px\" \/><\/center>\n\n<hr data-start=\"3042\" data-end=\"3045\" \/>\n\n<h2 data-start=\"3047\" data-end=\"3079\">S\u0131k\u00e7a Sorulan Sorular (SSS)<\/h2>\n<p data-start=\"3081\" data-end=\"3219\"><strong data-start=\"3081\" data-end=\"3115\">1. Porselen di\u015f kaplama nedir?<\/strong><br data-start=\"3115\" data-end=\"3118\" \/>Do\u011fal di\u015flerin \u00fczerine porselen materyal kullan\u0131larak yap\u0131lan estetik ve fonksiyonel kaplamalard\u0131r.<\/p>\n<p data-start=\"3221\" data-end=\"3340\"><strong data-start=\"3221\" data-end=\"3265\">2. Porselen kaplamalar ne kadar dayan\u0131r?<\/strong><br data-start=\"3265\" data-end=\"3268\" \/>Do\u011fru bak\u0131m ve d\u00fczenli kontrollerle 15-20 y\u0131l aras\u0131nda kullan\u0131labilir.<\/p>\n<p data-start=\"3342\" data-end=\"3485\"><strong data-start=\"3342\" data-end=\"3369\">3. Kaplamalar d\u00fc\u015fer mi?<\/strong><br data-start=\"3369\" data-end=\"3372\" \/>Uzman hekim taraf\u0131ndan do\u011fru \u015fekilde uyguland\u0131\u011f\u0131nda d\u00fc\u015fmez. Ancak di\u015f s\u0131kma gibi al\u0131\u015fkanl\u0131klar zarar verebilir.<\/p>\n<p data-start=\"3487\" data-end=\"3611\"><strong data-start=\"3487\" data-end=\"3527\">4. Porselen di\u015fler do\u011fal g\u00f6r\u00fcn\u00fcr m\u00fc?<\/strong><br data-start=\"3527\" data-end=\"3530\" \/>Evet, \u00f6zellikle zirkonyum ve lamina porselenler do\u011fal di\u015flerden ay\u0131rt edilemez.<\/p>\n<p data-start=\"3613\" data-end=\"3712\"><strong data-start=\"3613\" data-end=\"3639\">5. \u0130\u015flem a\u011fr\u0131l\u0131 m\u0131d\u0131r?<\/strong><br data-start=\"3639\" data-end=\"3642\" \/>Hay\u0131r, i\u015flem lokal anestezi alt\u0131nda yap\u0131l\u0131r ve hasta a\u011fr\u0131 hissetmez.<\/p>\n<p data-start=\"3714\" data-end=\"3854\"><strong data-start=\"3714\" data-end=\"3756\">6. Porselen kaplama kimlere uygulan\u0131r?<\/strong><br data-start=\"3756\" data-end=\"3759\" \/>Di\u015flerinde k\u0131r\u0131k, renklenme, a\u015f\u0131nma, estetik bozukluk veya \u00e7\u00fcr\u00fck olan ki\u015filere uygulanabilir.<\/p>\n<p data-start=\"3856\" data-end=\"3987\"><strong data-start=\"3856\" data-end=\"3898\">7. Porselen di\u015fler renk de\u011fi\u015ftirir mi?<\/strong><br data-start=\"3898\" data-end=\"3901\" \/>Do\u011fal di\u015flere g\u00f6re \u00e7ok daha az renklenir, kahve, \u00e7ay ve sigaradan minimum etkilenir.<\/p>\n<p data-start=\"3989\" data-end=\"4146\"><strong data-start=\"3989\" data-end=\"4059\">8. Porselen kaplama yapt\u0131rd\u0131ktan sonra di\u015flerime nas\u0131l bakmal\u0131y\u0131m?<\/strong><br data-start=\"4059\" data-end=\"4062\" \/>D\u00fczenli f\u0131r\u00e7alama, di\u015f ipi ve hekim kontrolleri ile uzun \u00f6m\u00fcrl\u00fc kullan\u0131m sa\u011flan\u0131r.<\/p>\n<p data-start=\"4148\" data-end=\"4287\"><strong data-start=\"4148\" data-end=\"4196\">9. Porselen di\u015f fiyatlar\u0131 neye g\u00f6re de\u011fi\u015fir?<\/strong><br data-start=\"4196\" data-end=\"4199\" \/>Kullan\u0131lan materyale, kaplama t\u00fcr\u00fcne, di\u015f say\u0131s\u0131na ve klini\u011fe g\u00f6re farkl\u0131l\u0131k g\u00f6sterir.<\/p>\n<p data-start=\"4289\" data-end=\"4416\"><strong data-start=\"4289\" data-end=\"4353\">10. Porselen kaplama sonras\u0131 g\u00fcnl\u00fck ya\u015fama ne zaman d\u00f6n\u00fcl\u00fcr?<\/strong><br data-start=\"4353\" data-end=\"4356\" \/>\u0130\u015flemden hemen sonra hasta g\u00fcnl\u00fck hayat\u0131na devam edebilir.<\/p>\t\t\t\t\t\t\t\t<\/div>\n\t\t\t\t\t<\/div>\n\t\t\t\t<\/div>\n\t\t\t\t<\/div>\n\t\t","protected":false},"excerpt":{"rendered":"<p>Porselen Di\u015f Kaplama: Do\u011fal ve Dayan\u0131kl\u0131 G\u00fcl\u00fc\u015flerin S\u0131rr\u0131 Sa\u011fl\u0131kl\u0131, estetik ve size \u00f6zel bir g\u00fcl\u00fc\u015f yarat\u0131yoruz. Porselen Di\u015f Kaplama Sa\u011fl\u0131kl\u0131, beyaz ve estetik bir g\u00fcl\u00fc\u015f, insanlar\u0131n sosyal ve i\u015f hayat\u0131nda \u00f6zg\u00fcvenini art\u0131ran en \u00f6nemli unsurlardan biridir. Ancak di\u015flerde k\u0131r\u0131k, \u00e7\u00fcr\u00fck, renklenme veya estetik bozukluklar oldu\u011funda, bu durum hem g\u00f6r\u00fcn\u00fcm\u00fc hem de ya\u015fam kalitesini olumsuz etkiler. [&hellip;]<\/p>\n","protected":false},"author":1,"featured_media":0,"parent":142,"menu_order":0,"comment_status":"closed","ping_status":"closed","template":"elementor_header_footer","meta":{"footnotes":""},"class_list":["post-355","page","type-page","status-publish","hentry"],"_links":{"self":[{"href":"https:\/\/www.tezgelclinic.com\/index.php?rest_route=\/wp\/v2\/pages\/355","targetHints":{"allow":["GET"]}}],"collection":[{"href":"https:\/\/www.tezgelclinic.com\/index.php?rest_route=\/wp\/v2\/pages"}],"about":[{"href":"https:\/\/www.tezgelclinic.com\/index.php?rest_route=\/wp\/v2\/types\/page"}],"author":[{"embeddable":true,"href":"https:\/\/www.tezgelclinic.com\/index.php?rest_route=\/wp\/v2\/users\/1"}],"replies":[{"embeddable":true,"href":"https:\/\/www.tezgelclinic.com\/index.php?rest_route=%2Fwp%2Fv2%2Fcomments&post=355"}],"version-history":[{"count":16,"href":"https:\/\/www.tezgelclinic.com\/index.php?rest_route=\/wp\/v2\/pages\/355\/revisions"}],"predecessor-version":[{"id":1336,"href":"https:\/\/www.tezgelclinic.com\/index.php?rest_route=\/wp\/v2\/pages\/355\/revisions\/1336"}],"up":[{"embeddable":true,"href":"https:\/\/www.tezgelclinic.com\/index.php?rest_route=\/wp\/v2\/pages\/142"}],"wp:attachment":[{"href":"https:\/\/www.tezgelclinic.com\/index.php?rest_route=%2Fwp%2Fv2%2Fmedia&parent=355"}],"curies":[{"name":"wp","href":"https:\/\/api.w.org\/{rel}","templated":true}]}}