{"id":356,"date":"2025-08-28T22:48:49","date_gmt":"2025-08-28T19:48:49","guid":{"rendered":"https:\/\/www.tezgelclinic.com\/?page_id=356"},"modified":"2026-02-22T00:00:07","modified_gmt":"2026-02-21T21:00:07","slug":"cene-eklemi-tedavisi","status":"publish","type":"page","link":"https:\/\/www.tezgelclinic.com\/?page_id=356","title":{"rendered":"\u00c7ene Eklemi Tedavisi"},"content":{"rendered":"\t\t<div data-elementor-type=\"wp-page\" data-elementor-id=\"356\" class=\"elementor elementor-356\" data-elementor-post-type=\"page\">\n\t\t\t\t\t\t<section class=\"elementor-section elementor-top-section elementor-element elementor-element-10653d06 elementor-section-boxed elementor-section-height-default elementor-section-height-default\" data-id=\"10653d06\" data-element_type=\"section\" data-settings=\"{&quot;background_background&quot;:&quot;gradient&quot;}\">\n\t\t\t\t\t\t\t<div class=\"elementor-background-overlay\"><\/div>\n\t\t\t\t\t\t\t<div class=\"elementor-container elementor-column-gap-default\">\n\t\t\t\t\t<div class=\"elementor-column elementor-col-100 elementor-top-column elementor-element elementor-element-4a481c88\" data-id=\"4a481c88\" data-element_type=\"column\">\n\t\t\t<div class=\"elementor-widget-wrap elementor-element-populated\">\n\t\t\t\t\t\t<div class=\"elementor-element elementor-element-39053b9e elementor-widget__width-initial elementor-widget elementor-widget-heading\" data-id=\"39053b9e\" data-element_type=\"widget\" data-widget_type=\"heading.default\">\n\t\t\t\t\t<h1 class=\"elementor-heading-title elementor-size-default\">\u00c7ene Eklemi Rahats\u0131zl\u0131klar\u0131 (Temporomandibular Eklem \u2013 TME) Tedavisi<\/h1>\t\t\t\t<\/div>\n\t\t\t\t\t<\/div>\n\t\t<\/div>\n\t\t\t\t\t<\/div>\n\t\t<\/section>\n\t\t\t\t<section class=\"elementor-section elementor-top-section elementor-element elementor-element-40a6bcb4 elementor-section-boxed elementor-section-height-default elementor-section-height-default\" data-id=\"40a6bcb4\" data-element_type=\"section\" data-settings=\"{&quot;background_background&quot;:&quot;classic&quot;}\">\n\t\t\t\t\t\t\t<div class=\"elementor-background-overlay\"><\/div>\n\t\t\t\t\t\t\t<div class=\"elementor-container elementor-column-gap-default\">\n\t\t\t\t\t<div class=\"elementor-column elementor-col-100 elementor-top-column elementor-element elementor-element-2edea49d\" data-id=\"2edea49d\" data-element_type=\"column\">\n\t\t\t<div class=\"elementor-widget-wrap elementor-element-populated\">\n\t\t\t\t\t\t<div class=\"elementor-element elementor-element-d450d87 elementor-widget elementor-widget-heading\" data-id=\"d450d87\" data-element_type=\"widget\" data-widget_type=\"heading.default\">\n\t\t\t\t\t<h3 class=\"elementor-heading-title elementor-size-default\">\u00c7ene Eklemi Rahats\u0131zl\u0131klar\u0131 Tedavisi<\/h3>\t\t\t\t<\/div>\n\t\t\t\t<div class=\"elementor-element elementor-element-378d4a91 elementor-widget elementor-widget-text-editor\" data-id=\"378d4a91\" data-element_type=\"widget\" data-widget_type=\"text-editor.default\">\n\t\t\t\t\t\t\t\t\t<p>\u00c7ene eklemi, alt \u00e7eneyi kulak \u00f6n\u00fcnde kafa taban\u0131na ba\u011flayan, konu\u015fma ve \u00e7i\u011fneme s\u0131ras\u0131nda aktif olan \u00e7ok y\u00f6nl\u00fc hareket eden bir eklemdir. Bu eklem ve eklemi \u00e7evreleyen dokular yanl\u0131\u015f \u00e7i\u011fneme, travma veya di\u015f s\u0131kma gibi nedenlerden dolay\u0131 zarar g\u00f6rebilir ve eklem rahats\u0131zl\u0131klar\u0131 ortaya \u00e7\u0131kabilir.<\/p>\t\t\t\t\t\t\t\t<\/div>\n\t\t\t\t<div class=\"elementor-element elementor-element-5b28dbfb elementor-widget elementor-widget-text-editor\" data-id=\"5b28dbfb\" data-element_type=\"widget\" data-widget_type=\"text-editor.default\">\n\t\t\t\t\t\t\t\t\t<p>Bu durumda; ba\u015f a\u011fr\u0131s\u0131, \u00e7ene a\u00e7ma ve kapamada zorluk, kulak \u00e7\u0131nlamas\u0131 ve y\u00fcz kaslar\u0131nda sertlik gibi belirtiler s\u0131k g\u00f6r\u00fcl\u00fcr.<\/p><p>End\u00fcstriyel toplumlarda daha fazla olmak \u00fczere \u00e7ene eklemi bozukluklar\u0131 toplumda %30\u2019lara varan oranlarda g\u00f6zlenebilmektedir. Bunun temel nedenleri;<\/p><p>Depresyonel problemlere ba\u011fl\u0131 di\u015f s\u0131kma ve di\u015f g\u0131c\u0131rdatma,<\/p><p>G\u00f6m\u00fcl\u00fc di\u015flerin eklemin biyomekanik dengesini bozmas\u0131<\/p><p>\u00c7eneye al\u0131nan darbeye ba\u011fl\u0131 iltihabi durumlar<\/p><p>Kas spazm\u0131 olarak s\u0131ralanabilir.<\/p>\t\t\t\t\t\t\t\t<\/div>\n\t\t\t\t<div class=\"elementor-element elementor-element-3f19014e elementor-widget elementor-widget-text-editor\" data-id=\"3f19014e\" data-element_type=\"widget\" data-widget_type=\"text-editor.default\">\n\t\t\t\t\t\t\t\t\t<center><p data-start=\"205\" data-end=\"538\"><img fetchpriority=\"high\" decoding=\"async\" class=\"alignnone size-large wp-image-866\" src=\"http:\/\/www.tezgelclinic.com\/wp-content\/uploads\/2026\/02\/cene-eklemi-hastaliklari-1024x569.jpg\" alt=\"\" width=\"800\" height=\"445\" srcset=\"https:\/\/www.tezgelclinic.com\/wp-content\/uploads\/2026\/02\/cene-eklemi-hastaliklari-1024x569.jpg 1024w, https:\/\/www.tezgelclinic.com\/wp-content\/uploads\/2026\/02\/cene-eklemi-hastaliklari-300x167.jpg 300w, https:\/\/www.tezgelclinic.com\/wp-content\/uploads\/2026\/02\/cene-eklemi-hastaliklari-768x427.jpg 768w, https:\/\/www.tezgelclinic.com\/wp-content\/uploads\/2026\/02\/cene-eklemi-hastaliklari.jpg 1170w\" sizes=\"(max-width: 800px) 100vw, 800px\" \/><\/p><\/center>\n<p data-start=\"205\" data-end=\"538\">\u00c7ene eklemi, konu\u015fma, \u00e7i\u011fneme ve yutma gibi temel fonksiyonlar\u0131m\u0131z\u0131 sa\u011flayan kritik bir yap\u0131d\u0131r. Ancak stres, travma, di\u015f s\u0131kma veya yanl\u0131\u015f kapan\u0131\u015f gibi durumlar \u00e7ene ekleminde <strong data-start=\"382\" data-end=\"419\">a\u011fr\u0131, k\u0131s\u0131tl\u0131 hareket veya sesler<\/strong> gibi problemlere yol a\u00e7abilir. Bu rahats\u0131zl\u0131klar <strong data-start=\"469\" data-end=\"515\">Temporomandibular Eklem (TME) Bozukluklar\u0131<\/strong> olarak adland\u0131r\u0131l\u0131r.<\/p>\n<p data-start=\"540\" data-end=\"852\">TME bozukluklar\u0131, sadece a\u011f\u0131z sa\u011fl\u0131\u011f\u0131n\u0131 etkilemekle kalmaz; ba\u015f a\u011fr\u0131s\u0131, boyun ve omuz a\u011fr\u0131s\u0131, kulak \u00e7\u0131nlamas\u0131 ve y\u00fcz a\u011fr\u0131s\u0131 gibi belirtilerle ya\u015fam kalitesini ciddi \u015fekilde d\u00fc\u015f\u00fcrebilir. Neyse ki modern di\u015f hekimli\u011fi ve \u00e7ene eklemi tedavi y\u00f6ntemleri sayesinde bu rahats\u0131zl\u0131klar etkili bir \u015fekilde y\u00f6netilebilir.<\/p>\t\t\t\t\t\t\t\t<\/div>\n\t\t\t\t<div class=\"elementor-element elementor-element-949a050 elementor-widget elementor-widget-text-editor\" data-id=\"949a050\" data-element_type=\"widget\" data-widget_type=\"text-editor.default\">\n\t\t\t\t\t\t\t\t\t<h4 data-start=\"859\" data-end=\"898\">TME Rahats\u0131zl\u0131klar\u0131n\u0131n Belirtileri<\/h4><ul data-start=\"900\" data-end=\"1147\"><li data-start=\"900\" data-end=\"959\"><p data-start=\"902\" data-end=\"959\">\u00c7ene a\u00e7\u0131l\u0131rken veya kapat\u0131l\u0131rken klik sesi veya patlama<\/p><\/li><li data-start=\"960\" data-end=\"999\"><p data-start=\"962\" data-end=\"999\">Y\u00fcz, boyun ve kulak \u00e7evresinde a\u011fr\u0131<\/p><\/li><li data-start=\"1000\" data-end=\"1050\"><p data-start=\"1002\" data-end=\"1050\">\u00c7ene hareketlerinde k\u0131s\u0131tl\u0131l\u0131k veya kilitlenme<\/p><\/li><li data-start=\"1051\" data-end=\"1072\"><p data-start=\"1053\" data-end=\"1072\">A\u011f\u0131z a\u00e7ma zorlu\u011fu<\/p><\/li><li data-start=\"1073\" data-end=\"1113\"><p data-start=\"1075\" data-end=\"1113\">Di\u015f s\u0131kma veya g\u0131c\u0131rdatma (bruksizm)<\/p><\/li><li data-start=\"1114\" data-end=\"1147\"><p data-start=\"1116\" data-end=\"1147\">Kulak \u00e7\u0131nlamas\u0131 ve ba\u015f a\u011fr\u0131s\u0131<\/p><\/li><\/ul>\t\t\t\t\t\t\t\t<\/div>\n\t\t\t\t<div class=\"elementor-element elementor-element-bbdad68 elementor-widget elementor-widget-text-editor\" data-id=\"bbdad68\" data-element_type=\"widget\" data-widget_type=\"text-editor.default\">\n\t\t\t\t\t\t\t\t\t<h4 data-start=\"1404\" data-end=\"1454\">\u00c7ene Eklemi Rahats\u0131zl\u0131klar\u0131 Tedavi Y\u00f6ntemleri<\/h4><ol data-start=\"1456\" data-end=\"2183\"><li data-start=\"1456\" data-end=\"1628\"><p data-start=\"1459\" data-end=\"1483\"><strong data-start=\"1459\" data-end=\"1481\">Konservatif Tedavi<\/strong><\/p><ul data-start=\"1487\" data-end=\"1628\"><li data-start=\"1487\" data-end=\"1520\"><p data-start=\"1489\" data-end=\"1520\">Gece pla\u011f\u0131 (splint) kullan\u0131m\u0131<\/p><\/li><li data-start=\"1524\" data-end=\"1553\"><p data-start=\"1526\" data-end=\"1553\">Kas gev\u015fetici egzersizler<\/p><\/li><li data-start=\"1557\" data-end=\"1581\"><p data-start=\"1559\" data-end=\"1581\">S\u0131cak\/so\u011fuk uygulama<\/p><\/li><li data-start=\"1585\" data-end=\"1628\"><p data-start=\"1587\" data-end=\"1628\">A\u011fr\u0131 kesici ve anti-inflamatuar ila\u00e7lar<\/p><\/li><\/ul><\/li><li data-start=\"1630\" data-end=\"1764\"><p data-start=\"1633\" data-end=\"1663\"><strong data-start=\"1633\" data-end=\"1661\">Fizik Tedavi ve Egzersiz<\/strong><\/p><ul data-start=\"1667\" data-end=\"1764\"><li data-start=\"1667\" data-end=\"1730\"><p data-start=\"1669\" data-end=\"1730\">\u00c7ene hareketlerini art\u0131ran, kaslar\u0131 g\u00fc\u00e7lendiren egzersizler<\/p><\/li><li data-start=\"1734\" data-end=\"1764\"><p data-start=\"1736\" data-end=\"1764\">Masaj ve ultrason terapisi<\/p><\/li><\/ul><\/li><li data-start=\"1766\" data-end=\"1899\"><p data-start=\"1769\" data-end=\"1801\"><strong data-start=\"1769\" data-end=\"1799\">Di\u015f ve Ortodontik M\u00fcdahale<\/strong><\/p><ul data-start=\"1805\" data-end=\"1899\"><li data-start=\"1805\" data-end=\"1838\"><p data-start=\"1807\" data-end=\"1838\">Yanl\u0131\u015f kapan\u0131\u015f\u0131n d\u00fczeltilmesi<\/p><\/li><li data-start=\"1842\" data-end=\"1899\"><p data-start=\"1844\" data-end=\"1899\">Eksik di\u015flerin yerine implant veya protez uygulanmas\u0131<\/p><\/li><\/ul><\/li><li data-start=\"1901\" data-end=\"2033\"><p data-start=\"1904\" data-end=\"1947\"><strong data-start=\"1904\" data-end=\"1924\">Cerrahi M\u00fcdahale<\/strong> (\u0130leri vakalar i\u00e7in)<\/p><ul data-start=\"1951\" data-end=\"2033\"><li data-start=\"1951\" data-end=\"1983\"><p data-start=\"1953\" data-end=\"1983\">Artroskopi veya a\u00e7\u0131k cerrahi<\/p><\/li><li data-start=\"1987\" data-end=\"2033\"><p data-start=\"1989\" data-end=\"2033\">TME protezleri veya eklem rekonstr\u00fcksiyonu<\/p><\/li><\/ul><\/li><li data-start=\"2035\" data-end=\"2183\"><p data-start=\"2038\" data-end=\"2082\"><strong data-start=\"2038\" data-end=\"2080\">Ya\u015fam Tarz\u0131 ve Davran\u0131\u015f De\u011fi\u015fiklikleri<\/strong><\/p><ul data-start=\"2086\" data-end=\"2183\"><li data-start=\"2086\" data-end=\"2126\"><p data-start=\"2088\" data-end=\"2126\">Stres y\u00f6netimi ve gev\u015feme teknikleri<\/p><\/li><li data-start=\"2130\" data-end=\"2183\"><p data-start=\"2132\" data-end=\"2183\">Sert g\u0131da ve sak\u0131z kullan\u0131m\u0131n\u0131n s\u0131n\u0131rland\u0131r\u0131lmas\u0131<\/p><\/li><\/ul><\/li><\/ol>\t\t\t\t\t\t\t\t<\/div>\n\t\t\t\t<div class=\"elementor-element elementor-element-a84e0d6 elementor-widget elementor-widget-text-editor\" data-id=\"a84e0d6\" data-element_type=\"widget\" data-widget_type=\"text-editor.default\">\n\t\t\t\t\t\t\t\t\t<h4 data-start=\"2190\" data-end=\"2222\">TME Tedavisinin Avantajlar\u0131<\/h4><ul data-start=\"2224\" data-end=\"2422\"><li data-start=\"2224\" data-end=\"2264\"><p data-start=\"2226\" data-end=\"2264\">A\u011fr\u0131 ve rahats\u0131zl\u0131klar\u0131n azalt\u0131lmas\u0131<\/p><\/li><li data-start=\"2265\" data-end=\"2298\"><p data-start=\"2267\" data-end=\"2298\">\u00c7ene hareketlerinde rahatlama<\/p><\/li><li data-start=\"2299\" data-end=\"2354\"><p data-start=\"2301\" data-end=\"2354\">Ba\u015f, boyun ve kulak \u00e7evresindeki a\u011fr\u0131lar\u0131n azalmas\u0131<\/p><\/li><li data-start=\"2355\" data-end=\"2392\"><p data-start=\"2357\" data-end=\"2392\">Di\u015f ve eklem sa\u011fl\u0131\u011f\u0131n\u0131n korunmas\u0131<\/p><\/li><li data-start=\"2393\" data-end=\"2422\"><p data-start=\"2395\" data-end=\"2422\">Ya\u015fam kalitesinin artmas\u0131<\/p><\/li><\/ul>\t\t\t\t\t\t\t\t<\/div>\n\t\t\t\t\t<\/div>\n\t\t<\/div>\n\t\t\t\t\t<\/div>\n\t\t<\/section>\n\t\t<div class=\"elementor-element elementor-element-87b9a67 e-flex e-con-boxed e-con e-parent\" data-id=\"87b9a67\" data-element_type=\"container\">\n\t\t\t\t\t<div class=\"e-con-inner\">\n\t\t\t\t<div class=\"elementor-element elementor-element-3c4cc06 elementor-widget elementor-widget-text-editor\" data-id=\"3c4cc06\" data-element_type=\"widget\" data-widget_type=\"text-editor.default\">\n\t\t\t\t\t\t\t\t\t<h2 data-start=\"2429\" data-end=\"2461\">S\u0131k\u00e7a Sorulan Sorular<\/h2><p data-start=\"2463\" data-end=\"2591\"><strong data-start=\"2463\" data-end=\"2480\">1. TME nedir?<\/strong><br data-start=\"2480\" data-end=\"2483\" \/>Temporomandibular eklem (TME), alt \u00e7enenin kafatas\u0131na ba\u011fland\u0131\u011f\u0131 eklemdir ve \u00e7i\u011fneme ile konu\u015fmay\u0131 sa\u011flar.<\/p><p data-start=\"2593\" data-end=\"2722\"><strong data-start=\"2593\" data-end=\"2645\">2. \u00c7ene eklemi rahats\u0131zl\u0131klar\u0131 kimlerde g\u00f6r\u00fcl\u00fcr?<\/strong><br data-start=\"2645\" data-end=\"2648\" \/>Her ya\u015fta g\u00f6r\u00fclebilir, ancak stres, di\u015f s\u0131kma veya travma riski art\u0131r\u0131r.<\/p><p data-start=\"2724\" data-end=\"2856\"><strong data-start=\"2724\" data-end=\"2757\">3. TME tedavisi a\u011fr\u0131l\u0131 m\u0131d\u0131r?<\/strong><br data-start=\"2757\" data-end=\"2760\" \/>\u00c7o\u011fu tedavi konservatif ve a\u011fr\u0131s\u0131zd\u0131r; cerrahi durumlar lokal veya genel anestezi ile yap\u0131l\u0131r.<\/p><p data-start=\"2858\" data-end=\"2985\"><strong data-start=\"2858\" data-end=\"2902\">4. Gece pla\u011f\u0131 kullanmak neden \u00f6nemlidir?<\/strong><br data-start=\"2902\" data-end=\"2905\" \/>Bruksizm kaynakl\u0131 di\u015f ve \u00e7ene sorunlar\u0131n\u0131 azalt\u0131r, ekleme binen y\u00fck\u00fc dengeler.<\/p><p data-start=\"2987\" data-end=\"3135\"><strong data-start=\"2987\" data-end=\"3028\">5. Cerrahi m\u00fcdahale ne zaman gerekir?<\/strong><br data-start=\"3028\" data-end=\"3031\" \/>Konservatif tedavi ve egzersizlere yan\u0131t al\u0131namad\u0131\u011f\u0131nda veya eklem hasar\u0131 ileri seviyedeyse uygulan\u0131r.<\/p><p data-start=\"3137\" data-end=\"3260\"><strong data-start=\"3137\" data-end=\"3186\">6. TME bozukluklar\u0131 tedavi edilmezse ne olur?<\/strong><br data-start=\"3186\" data-end=\"3189\" \/>A\u011fr\u0131 kronikle\u015fir, di\u015flerde a\u015f\u0131nma ve eklemde kal\u0131c\u0131 hasar olu\u015fabilir.<\/p><p data-start=\"3262\" data-end=\"3396\"><strong data-start=\"3262\" data-end=\"3297\">7. Fizik tedavi ile d\u00fczelir mi?<\/strong><br data-start=\"3297\" data-end=\"3300\" \/>Evet, hafif ve orta d\u00fczey vakalarda fizik tedavi ve egzersizlerle b\u00fcy\u00fck iyile\u015fme sa\u011flanabilir.<\/p><p data-start=\"3398\" data-end=\"3527\"><strong data-start=\"3398\" data-end=\"3441\">8. \u00c7ocuklarda TME sorunlar\u0131 g\u00f6r\u00fcl\u00fcr m\u00fc?<\/strong><br data-start=\"3441\" data-end=\"3444\" \/>Nadir de olsa, \u00f6zellikle di\u015f s\u0131kma, kapan\u0131\u015f sorunlar\u0131 ve travmalarda g\u00f6r\u00fclebilir.<\/p><p data-start=\"3529\" data-end=\"3665\"><strong data-start=\"3529\" data-end=\"3570\">9. TME ile ba\u015f a\u011fr\u0131s\u0131 ili\u015fkisi nedir?<\/strong><br data-start=\"3570\" data-end=\"3573\" \/>\u00c7ene eklemindeki kas ve eklem gerilimi ba\u015f a\u011fr\u0131s\u0131 ve migren benzeri a\u011fr\u0131lara yol a\u00e7abilir.<\/p><p data-start=\"3667\" data-end=\"3796\"><strong data-start=\"3667\" data-end=\"3716\">10. Tedavi sonras\u0131 nelere dikkat edilmelidir?<\/strong><br data-start=\"3716\" data-end=\"3719\" \/>Sert g\u0131da, sak\u0131z kullan\u0131m\u0131, stres y\u00f6netimi ve d\u00fczenli kontroller \u00f6nemlidir.<\/p>\t\t\t\t\t\t\t\t<\/div>\n\t\t\t\t\t<\/div>\n\t\t\t\t<\/div>\n\t\t\t\t<\/div>\n\t\t","protected":false},"excerpt":{"rendered":"<p>\u00c7ene Eklemi Rahats\u0131zl\u0131klar\u0131 (Temporomandibular Eklem \u2013 TME) Tedavisi \u00c7ene Eklemi Rahats\u0131zl\u0131klar\u0131 Tedavisi \u00c7ene eklemi, alt \u00e7eneyi kulak \u00f6n\u00fcnde kafa taban\u0131na ba\u011flayan, konu\u015fma ve \u00e7i\u011fneme s\u0131ras\u0131nda aktif olan \u00e7ok y\u00f6nl\u00fc hareket eden bir eklemdir. Bu eklem ve eklemi \u00e7evreleyen dokular yanl\u0131\u015f \u00e7i\u011fneme, travma veya di\u015f s\u0131kma gibi nedenlerden dolay\u0131 zarar g\u00f6rebilir ve eklem rahats\u0131zl\u0131klar\u0131 ortaya \u00e7\u0131kabilir. [&hellip;]<\/p>\n","protected":false},"author":1,"featured_media":0,"parent":142,"menu_order":0,"comment_status":"closed","ping_status":"closed","template":"elementor_header_footer","meta":{"footnotes":""},"class_list":["post-356","page","type-page","status-publish","hentry"],"_links":{"self":[{"href":"https:\/\/www.tezgelclinic.com\/index.php?rest_route=\/wp\/v2\/pages\/356","targetHints":{"allow":["GET"]}}],"collection":[{"href":"https:\/\/www.tezgelclinic.com\/index.php?rest_route=\/wp\/v2\/pages"}],"about":[{"href":"https:\/\/www.tezgelclinic.com\/index.php?rest_route=\/wp\/v2\/types\/page"}],"author":[{"embeddable":true,"href":"https:\/\/www.tezgelclinic.com\/index.php?rest_route=\/wp\/v2\/users\/1"}],"replies":[{"embeddable":true,"href":"https:\/\/www.tezgelclinic.com\/index.php?rest_route=%2Fwp%2Fv2%2Fcomments&post=356"}],"version-history":[{"count":19,"href":"https:\/\/www.tezgelclinic.com\/index.php?rest_route=\/wp\/v2\/pages\/356\/revisions"}],"predecessor-version":[{"id":1324,"href":"https:\/\/www.tezgelclinic.com\/index.php?rest_route=\/wp\/v2\/pages\/356\/revisions\/1324"}],"up":[{"embeddable":true,"href":"https:\/\/www.tezgelclinic.com\/index.php?rest_route=\/wp\/v2\/pages\/142"}],"wp:attachment":[{"href":"https:\/\/www.tezgelclinic.com\/index.php?rest_route=%2Fwp%2Fv2%2Fmedia&parent=356"}],"curies":[{"name":"wp","href":"https:\/\/api.w.org\/{rel}","templated":true}]}}