{"id":357,"date":"2025-08-28T22:48:08","date_gmt":"2025-08-28T19:48:08","guid":{"rendered":"https:\/\/www.tezgelclinic.com\/?page_id=357"},"modified":"2026-02-21T23:58:10","modified_gmt":"2026-02-21T20:58:10","slug":"cene-cerrahisi","status":"publish","type":"page","link":"https:\/\/www.tezgelclinic.com\/?page_id=357","title":{"rendered":"A\u011f\u0131z Di\u015f ve \u00c7ene Cerrahisi"},"content":{"rendered":"\t\t<div data-elementor-type=\"wp-page\" data-elementor-id=\"357\" class=\"elementor elementor-357\" data-elementor-post-type=\"page\">\n\t\t\t\t\t\t<section class=\"elementor-section elementor-top-section elementor-element elementor-element-10653d06 elementor-section-boxed elementor-section-height-default elementor-section-height-default\" data-id=\"10653d06\" data-element_type=\"section\" data-settings=\"{&quot;background_background&quot;:&quot;slideshow&quot;,&quot;background_slideshow_gallery&quot;:[{&quot;id&quot;:929,&quot;url&quot;:&quot;http:\\\/\\\/www.tezgelclinic.com\\\/wp-content\\\/uploads\\\/2026\\\/02\\\/5.jpg&quot;},{&quot;id&quot;:928,&quot;url&quot;:&quot;http:\\\/\\\/www.tezgelclinic.com\\\/wp-content\\\/uploads\\\/2026\\\/02\\\/4.jpg&quot;},{&quot;id&quot;:927,&quot;url&quot;:&quot;http:\\\/\\\/www.tezgelclinic.com\\\/wp-content\\\/uploads\\\/2026\\\/02\\\/3.jpg&quot;}],&quot;background_slideshow_loop&quot;:&quot;yes&quot;,&quot;background_slideshow_slide_duration&quot;:5000,&quot;background_slideshow_slide_transition&quot;:&quot;fade&quot;,&quot;background_slideshow_transition_duration&quot;:500}\">\n\t\t\t\t\t\t\t<div class=\"elementor-background-overlay\"><\/div>\n\t\t\t\t\t\t\t<div class=\"elementor-container elementor-column-gap-default\">\n\t\t\t\t\t<div class=\"elementor-column elementor-col-100 elementor-top-column elementor-element elementor-element-4a481c88\" data-id=\"4a481c88\" data-element_type=\"column\">\n\t\t\t<div class=\"elementor-widget-wrap elementor-element-populated\">\n\t\t\t\t\t\t<div class=\"elementor-element elementor-element-39053b9e elementor-widget__width-initial elementor-widget elementor-widget-heading\" data-id=\"39053b9e\" data-element_type=\"widget\" data-widget_type=\"heading.default\">\n\t\t\t\t\t<h1 class=\"elementor-heading-title elementor-size-default\">A\u011f\u0131z, Di\u015f ve \u00c7ene Cerrahisi: Sa\u011fl\u0131kl\u0131 Bir G\u00fcl\u00fc\u015f ve Fonksiyonel A\u011f\u0131z \u0130\u00e7in<\/h1>\t\t\t\t<\/div>\n\t\t\t\t\t<\/div>\n\t\t<\/div>\n\t\t\t\t\t<\/div>\n\t\t<\/section>\n\t\t\t\t<section class=\"elementor-section elementor-top-section elementor-element elementor-element-40a6bcb4 elementor-section-boxed elementor-section-height-default elementor-section-height-default\" data-id=\"40a6bcb4\" data-element_type=\"section\" data-settings=\"{&quot;background_background&quot;:&quot;classic&quot;}\">\n\t\t\t\t\t\t\t<div class=\"elementor-background-overlay\"><\/div>\n\t\t\t\t\t\t\t<div class=\"elementor-container elementor-column-gap-default\">\n\t\t\t\t\t<div class=\"elementor-column elementor-col-100 elementor-top-column elementor-element elementor-element-2edea49d\" data-id=\"2edea49d\" data-element_type=\"column\">\n\t\t\t<div class=\"elementor-widget-wrap elementor-element-populated\">\n\t\t\t\t\t\t<div class=\"elementor-element elementor-element-d450d87 elementor-widget elementor-widget-heading\" data-id=\"d450d87\" data-element_type=\"widget\" data-widget_type=\"heading.default\">\n\t\t\t\t\t<h3 class=\"elementor-heading-title elementor-size-default\">A\u011f\u0131z Di\u015f ve \u00c7ene Cerrahisi<\/h3>\t\t\t\t<\/div>\n\t\t\t\t<div class=\"elementor-element elementor-element-378d4a91 elementor-widget elementor-widget-text-editor\" data-id=\"378d4a91\" data-element_type=\"widget\" data-widget_type=\"text-editor.default\">\n\t\t\t\t\t\t\t\t\t<p><span style=\"font-size: 13.5pt; font-family: 'Helvetica',sans-serif;\">A\u011f\u0131z Di\u015f ve \u00c7ene Cerrahisi, b\u00fct\u00fcn ya\u015f aral\u0131\u011f\u0131ndaki bireylerin a\u011f\u0131z, di\u015f ve \u00e7ene b\u00f6lgelerindeki sert ve yumu\u015fak dokular\u0131n hastal\u0131klar\u0131, yaralanmalar\u0131 ve bozukluklar\u0131n\u0131n d\u00fczeltilmesi i\u00e7in uygulanan tan\u0131 ve tedavi y\u00f6ntemleridir.<\/span><\/p>\t\t\t\t\t\t\t\t<\/div>\n\t\t\t\t<div class=\"elementor-element elementor-element-5b28dbfb elementor-widget elementor-widget-text-editor\" data-id=\"5b28dbfb\" data-element_type=\"widget\" data-widget_type=\"text-editor.default\">\n\t\t\t\t\t\t\t\t\t<p><span style=\"font-size: 13.5pt; font-family: 'Helvetica',sans-serif;\">G\u00f6m\u00fcl\u00fc kalm\u0131\u015f di\u015flerin \u00e7ekilmesi<\/span><\/p><p><span style=\"font-size: 13.5pt; font-family: 'Helvetica',sans-serif;\">Dental implant uygulamalar\u0131<\/span><\/p><p><span style=\"font-size: 13.5pt; font-family: 'Helvetica',sans-serif;\">\u00c7ene b\u00f6lgesinde geli\u015fen enfeksiyonlar\u0131n tedavisi<\/span><\/p><p><span style=\"font-size: 13.5pt; font-family: 'Helvetica',sans-serif;\">Sert doku ve yumu\u015fak doku uygulamalar\u0131<\/span><\/p><p><span style=\"font-size: 13.5pt; font-family: 'Helvetica',sans-serif;\">\u00c7ene k\u0131r\u0131klar\u0131 tedavisi<\/span><\/p><p><span style=\"font-size: 13.5pt; font-family: 'Helvetica',sans-serif;\">\u00c7ene ucu asimetrisi<\/span><\/p><p><span style=\"font-size: 13.5pt; font-family: 'Helvetica',sans-serif;\">\u00c7ene eklemi problemleri<\/span><\/p><p><span style=\"font-size: 13.5pt; font-family: 'Helvetica',sans-serif;\">Alt \u00e7enenin \u00f6nde, geride ya da sa\u011f ve sol y\u00f6nlerinde dengesiz bir konumda olmas\u0131<\/span><\/p><p><span style=\"font-size: 13.5pt; font-family: 'Helvetica',sans-serif;\">Alt \u00e7enede geli\u015fim geriliklerine ba\u011fl\u0131 bozukluklar\u0131n olu\u015fmas\u0131<\/span><\/p><p><span style=\"font-size: 13.5pt; font-family: 'Helvetica',sans-serif;\">\u00dcst \u00e7enenin orant\u0131s\u0131z ve dengesiz bir konumda olmas\u0131<\/span><\/p><p><span style=\"font-size: 13.5pt; font-family: 'Helvetica',sans-serif;\">Fobisi olan hastalar\u0131m\u0131z\u0131n genel anestezi ve sedasyon alt\u0131nda tedavileri<\/span><\/p>\t\t\t\t\t\t\t\t<\/div>\n\t\t\t\t<div class=\"elementor-element elementor-element-720153e2 elementor-widget elementor-widget-heading\" data-id=\"720153e2\" data-element_type=\"widget\" data-widget_type=\"heading.default\">\n\t\t\t\t\t<h4 class=\"elementor-heading-title elementor-size-default\">Tedavi S\u00fcrecimiz<\/h4>\t\t\t\t<\/div>\n\t\t\t\t<div class=\"elementor-element elementor-element-3f19014e elementor-widget elementor-widget-text-editor\" data-id=\"3f19014e\" data-element_type=\"widget\" data-widget_type=\"text-editor.default\">\n\t\t\t\t\t\t\t\t\t<p>Her insan\u0131n A\u011f\u0131z Di\u015f ve \u00c7ene Kemi\u011fi Yap\u0131s\u0131 Farkl\u0131d\u0131r, buna ba\u011fl\u0131 olarak herkese farkl\u0131 tedavi plan\u0131 uygulamak gerekir.<\/p>\t\t\t\t\t\t\t\t<\/div>\n\t\t\t\t<div class=\"elementor-element elementor-element-71f29c52 elementor-view-stacked elementor-position-left elementor-tablet-position-left elementor-mobile-position-left elementor-widget__width-initial elementor-widget-tablet__width-initial elementor-shape-circle elementor-widget elementor-widget-icon-box\" data-id=\"71f29c52\" data-element_type=\"widget\" data-widget_type=\"icon-box.default\">\n\t\t\t\t\t\t\t<div class=\"elementor-icon-box-wrapper\">\n\n\t\t\t\t\t\t<div class=\"elementor-icon-box-icon\">\n\t\t\t\t<a href=\"#\" class=\"elementor-icon\" tabindex=\"-1\" aria-label=\"1. \u0130lk Muayene ve Tan\u0131\">\n\t\t\t\t<svg aria-hidden=\"true\" class=\"e-font-icon-svg e-fas-check-circle\" viewBox=\"0 0 512 512\" xmlns=\"http:\/\/www.w3.org\/2000\/svg\"><path d=\"M504 256c0 136.967-111.033 248-248 248S8 392.967 8 256 119.033 8 256 8s248 111.033 248 248zM227.314 387.314l184-184c6.248-6.248 6.248-16.379 0-22.627l-22.627-22.627c-6.248-6.249-16.379-6.249-22.628 0L216 308.118l-70.059-70.059c-6.248-6.248-16.379-6.248-22.628 0l-22.627 22.627c-6.248 6.248-6.248 16.379 0 22.627l104 104c6.249 6.249 16.379 6.249 22.628.001z\"><\/path><\/svg>\t\t\t\t<\/a>\n\t\t\t<\/div>\n\t\t\t\n\t\t\t\t\t\t<div class=\"elementor-icon-box-content\">\n\n\t\t\t\t\t\t\t\t\t<h4 class=\"elementor-icon-box-title\">\n\t\t\t\t\t\t<a href=\"#\" >\n\t\t\t\t\t\t\t1. \u0130lk Muayene ve Tan\u0131\t\t\t\t\t\t<\/a>\n\t\t\t\t\t<\/h4>\n\t\t\t\t\n\t\t\t\t\t\t\t\t\t<p class=\"elementor-icon-box-description\">\n\t\t\t\t\t\tR\u00f6ntgen, tomografi veya dijital g\u00f6r\u00fcnt\u00fcleme ile detayl\u0131 analiz yap\u0131l\u0131r.\t\t\t\t\t<\/p>\n\t\t\t\t\n\t\t\t<\/div>\n\t\t\t\n\t\t<\/div>\n\t\t\t\t\t\t<\/div>\n\t\t\t\t<div class=\"elementor-element elementor-element-6c3f8aaa elementor-view-stacked elementor-position-left elementor-tablet-position-left elementor-mobile-position-left elementor-widget__width-initial elementor-widget-tablet__width-initial elementor-shape-circle elementor-widget elementor-widget-icon-box\" data-id=\"6c3f8aaa\" data-element_type=\"widget\" data-widget_type=\"icon-box.default\">\n\t\t\t\t\t\t\t<div class=\"elementor-icon-box-wrapper\">\n\n\t\t\t\t\t\t<div class=\"elementor-icon-box-icon\">\n\t\t\t\t<a href=\"#\" class=\"elementor-icon\" tabindex=\"-1\" aria-label=\"2. Tedavi Planlamas\u0131\">\n\t\t\t\t<svg aria-hidden=\"true\" class=\"e-font-icon-svg e-fas-check-circle\" viewBox=\"0 0 512 512\" xmlns=\"http:\/\/www.w3.org\/2000\/svg\"><path d=\"M504 256c0 136.967-111.033 248-248 248S8 392.967 8 256 119.033 8 256 8s248 111.033 248 248zM227.314 387.314l184-184c6.248-6.248 6.248-16.379 0-22.627l-22.627-22.627c-6.248-6.249-16.379-6.249-22.628 0L216 308.118l-70.059-70.059c-6.248-6.248-16.379-6.248-22.628 0l-22.627 22.627c-6.248 6.248-6.248 16.379 0 22.627l104 104c6.249 6.249 16.379 6.249 22.628.001z\"><\/path><\/svg>\t\t\t\t<\/a>\n\t\t\t<\/div>\n\t\t\t\n\t\t\t\t\t\t<div class=\"elementor-icon-box-content\">\n\n\t\t\t\t\t\t\t\t\t<h4 class=\"elementor-icon-box-title\">\n\t\t\t\t\t\t<a href=\"#\" >\n\t\t\t\t\t\t\t2. Tedavi Planlamas\u0131\t\t\t\t\t\t<\/a>\n\t\t\t\t\t<\/h4>\n\t\t\t\t\n\t\t\t\t\t\t\t\t\t<p class=\"elementor-icon-box-description\">\n\t\t\t\t\t\tCerrahi y\u00f6ntem ve a\u015famalar ki\u015fiye \u00f6zel belirlenir.\t\t\t\t\t<\/p>\n\t\t\t\t\n\t\t\t<\/div>\n\t\t\t\n\t\t<\/div>\n\t\t\t\t\t\t<\/div>\n\t\t\t\t<div class=\"elementor-element elementor-element-1a19bd8b elementor-view-stacked elementor-position-left elementor-tablet-position-left elementor-mobile-position-left elementor-widget__width-initial elementor-widget-tablet__width-initial elementor-shape-circle elementor-widget elementor-widget-icon-box\" data-id=\"1a19bd8b\" data-element_type=\"widget\" data-widget_type=\"icon-box.default\">\n\t\t\t\t\t\t\t<div class=\"elementor-icon-box-wrapper\">\n\n\t\t\t\t\t\t<div class=\"elementor-icon-box-icon\">\n\t\t\t\t<a href=\"#\" class=\"elementor-icon\" tabindex=\"-1\" aria-label=\"3. Cerrahi M\u00fcdahale\">\n\t\t\t\t<svg aria-hidden=\"true\" class=\"e-font-icon-svg e-fas-check-circle\" viewBox=\"0 0 512 512\" xmlns=\"http:\/\/www.w3.org\/2000\/svg\"><path d=\"M504 256c0 136.967-111.033 248-248 248S8 392.967 8 256 119.033 8 256 8s248 111.033 248 248zM227.314 387.314l184-184c6.248-6.248 6.248-16.379 0-22.627l-22.627-22.627c-6.248-6.249-16.379-6.249-22.628 0L216 308.118l-70.059-70.059c-6.248-6.248-16.379-6.248-22.628 0l-22.627 22.627c-6.248 6.248-6.248 16.379 0 22.627l104 104c6.249 6.249 16.379 6.249 22.628.001z\"><\/path><\/svg>\t\t\t\t<\/a>\n\t\t\t<\/div>\n\t\t\t\n\t\t\t\t\t\t<div class=\"elementor-icon-box-content\">\n\n\t\t\t\t\t\t\t\t\t<h4 class=\"elementor-icon-box-title\">\n\t\t\t\t\t\t<a href=\"#\" >\n\t\t\t\t\t\t\t3. Cerrahi M\u00fcdahale\t\t\t\t\t\t<\/a>\n\t\t\t\t\t<\/h4>\n\t\t\t\t\n\t\t\t\t\t\t\t\t\t<p class=\"elementor-icon-box-description\">\n\t\t\t\t\t\tLokal veya genel anestezi alt\u0131nda i\u015flemler ger\u00e7ekle\u015ftirilir.\t\t\t\t\t<\/p>\n\t\t\t\t\n\t\t\t<\/div>\n\t\t\t\n\t\t<\/div>\n\t\t\t\t\t\t<\/div>\n\t\t\t\t<div class=\"elementor-element elementor-element-477765b6 elementor-view-stacked elementor-position-left elementor-tablet-position-left elementor-mobile-position-left elementor-widget__width-initial elementor-widget-tablet__width-initial elementor-shape-circle elementor-widget elementor-widget-icon-box\" data-id=\"477765b6\" data-element_type=\"widget\" data-widget_type=\"icon-box.default\">\n\t\t\t\t\t\t\t<div class=\"elementor-icon-box-wrapper\">\n\n\t\t\t\t\t\t<div class=\"elementor-icon-box-icon\">\n\t\t\t\t<a href=\"#\" class=\"elementor-icon\" tabindex=\"-1\" aria-label=\"4. \u0130yile\u015fme ve Kontrol\">\n\t\t\t\t<svg aria-hidden=\"true\" class=\"e-font-icon-svg e-fas-check-circle\" viewBox=\"0 0 512 512\" xmlns=\"http:\/\/www.w3.org\/2000\/svg\"><path d=\"M504 256c0 136.967-111.033 248-248 248S8 392.967 8 256 119.033 8 256 8s248 111.033 248 248zM227.314 387.314l184-184c6.248-6.248 6.248-16.379 0-22.627l-22.627-22.627c-6.248-6.249-16.379-6.249-22.628 0L216 308.118l-70.059-70.059c-6.248-6.248-16.379-6.248-22.628 0l-22.627 22.627c-6.248 6.248-6.248 16.379 0 22.627l104 104c6.249 6.249 16.379 6.249 22.628.001z\"><\/path><\/svg>\t\t\t\t<\/a>\n\t\t\t<\/div>\n\t\t\t\n\t\t\t\t\t\t<div class=\"elementor-icon-box-content\">\n\n\t\t\t\t\t\t\t\t\t<h4 class=\"elementor-icon-box-title\">\n\t\t\t\t\t\t<a href=\"#\" >\n\t\t\t\t\t\t\t4. \u0130yile\u015fme ve Kontrol\t\t\t\t\t\t<\/a>\n\t\t\t\t\t<\/h4>\n\t\t\t\t\n\t\t\t\t\t\t\t\t\t<p class=\"elementor-icon-box-description\">\n\t\t\t\t\t\tOperasyon sonras\u0131 iyile\u015fme s\u00fcreci takip edilir, enfeksiyon ve komplikasyonlar \u00f6nlenir.\t\t\t\t\t<\/p>\n\t\t\t\t\n\t\t\t<\/div>\n\t\t\t\n\t\t<\/div>\n\t\t\t\t\t\t<\/div>\n\t\t\t\t<div class=\"elementor-element elementor-element-7d4e7bb elementor-view-stacked elementor-position-left elementor-tablet-position-left elementor-mobile-position-left elementor-widget__width-initial elementor-widget-tablet__width-initial elementor-shape-circle elementor-widget elementor-widget-icon-box\" data-id=\"7d4e7bb\" data-element_type=\"widget\" data-widget_type=\"icon-box.default\">\n\t\t\t\t\t\t\t<div class=\"elementor-icon-box-wrapper\">\n\n\t\t\t\t\t\t<div class=\"elementor-icon-box-icon\">\n\t\t\t\t<a href=\"#\" class=\"elementor-icon\" tabindex=\"-1\" aria-label=\"5. Uzun Vadeli Takip\">\n\t\t\t\t<svg aria-hidden=\"true\" class=\"e-font-icon-svg e-fas-check-circle\" viewBox=\"0 0 512 512\" xmlns=\"http:\/\/www.w3.org\/2000\/svg\"><path d=\"M504 256c0 136.967-111.033 248-248 248S8 392.967 8 256 119.033 8 256 8s248 111.033 248 248zM227.314 387.314l184-184c6.248-6.248 6.248-16.379 0-22.627l-22.627-22.627c-6.248-6.249-16.379-6.249-22.628 0L216 308.118l-70.059-70.059c-6.248-6.248-16.379-6.248-22.628 0l-22.627 22.627c-6.248 6.248-6.248 16.379 0 22.627l104 104c6.249 6.249 16.379 6.249 22.628.001z\"><\/path><\/svg>\t\t\t\t<\/a>\n\t\t\t<\/div>\n\t\t\t\n\t\t\t\t\t\t<div class=\"elementor-icon-box-content\">\n\n\t\t\t\t\t\t\t\t\t<h4 class=\"elementor-icon-box-title\">\n\t\t\t\t\t\t<a href=\"#\" >\n\t\t\t\t\t\t\t5. Uzun Vadeli Takip\t\t\t\t\t\t<\/a>\n\t\t\t\t\t<\/h4>\n\t\t\t\t\n\t\t\t\t\t\t\t\t\t<p class=\"elementor-icon-box-description\">\n\t\t\t\t\t\t\u00d6zellikle implant ve ortognatik cerrahi sonras\u0131 d\u00fczenli kontrol gerekir.\t\t\t\t\t<\/p>\n\t\t\t\t\n\t\t\t<\/div>\n\t\t\t\n\t\t<\/div>\n\t\t\t\t\t\t<\/div>\n\t\t\t\t<div class=\"elementor-element elementor-element-ebd3232 elementor-widget elementor-widget-text-editor\" data-id=\"ebd3232\" data-element_type=\"widget\" data-widget_type=\"text-editor.default\">\n\t\t\t\t\t\t\t\t\t<p data-start=\"189\" data-end=\"461\">A\u011f\u0131z, di\u015f ve \u00e7ene sa\u011fl\u0131\u011f\u0131, genel sa\u011fl\u0131\u011f\u0131m\u0131z ve ya\u015fam kalitemiz a\u00e7\u0131s\u0131ndan kritik \u00f6neme sahiptir. Ancak baz\u0131 durumlarda, di\u015fler ve \u00e7ene yap\u0131s\u0131 normal tedavilerle d\u00fczeltilemez; i\u015fte bu noktada <strong data-start=\"379\" data-end=\"444\">A\u011f\u0131z, Di\u015f ve \u00c7ene Cerrahisi (Oral ve Maksillofasiyal Cerrahi)<\/strong> devreye girer.<\/p><p data-start=\"463\" data-end=\"724\">Bu cerrahi alan, g\u00f6m\u00fcl\u00fc di\u015fler, \u00e7ene k\u0131r\u0131klar\u0131, kist ve t\u00fcm\u00f6rler, implant yerle\u015ftirme, \u00e7ene darl\u0131klar\u0131 ve do\u011fumsal anomaliler gibi durumlar\u0131n tedavisini kapsar. Hem estetik hem de fonksiyonel a\u00e7\u0131dan a\u011f\u0131z sa\u011fl\u0131\u011f\u0131n\u0131 korur ve hastalar\u0131n ya\u015fam kalitesini art\u0131r\u0131r.<\/p><p data-start=\"463\" data-end=\"724\"><img fetchpriority=\"high\" decoding=\"async\" class=\"aligncenter wp-image-790 size-large\" src=\"http:\/\/www.tezgelclinic.com\/wp-content\/uploads\/2026\/02\/agizdisvecenecerrahisi-1024x488.jpg\" alt=\"\" width=\"800\" height=\"381\" srcset=\"https:\/\/www.tezgelclinic.com\/wp-content\/uploads\/2026\/02\/agizdisvecenecerrahisi-1024x488.jpg 1024w, https:\/\/www.tezgelclinic.com\/wp-content\/uploads\/2026\/02\/agizdisvecenecerrahisi-300x143.jpg 300w, https:\/\/www.tezgelclinic.com\/wp-content\/uploads\/2026\/02\/agizdisvecenecerrahisi-768x366.jpg 768w, https:\/\/www.tezgelclinic.com\/wp-content\/uploads\/2026\/02\/agizdisvecenecerrahisi-1536x732.jpg 1536w, https:\/\/www.tezgelclinic.com\/wp-content\/uploads\/2026\/02\/agizdisvecenecerrahisi-2048x976.jpg 2048w\" sizes=\"(max-width: 800px) 100vw, 800px\" \/><\/p><p data-start=\"463\" data-end=\"724\">\u00a0<\/p>\t\t\t\t\t\t\t\t<\/div>\n\t\t\t\t<div class=\"elementor-element elementor-element-14fb0e8 elementor-widget elementor-widget-text-editor\" data-id=\"14fb0e8\" data-element_type=\"widget\" data-widget_type=\"text-editor.default\">\n\t\t\t\t\t\t\t\t\t<h4 data-start=\"731\" data-end=\"785\">A\u011f\u0131z, Di\u015f ve \u00c7ene Cerrahisinde Uygulanan \u0130\u015flemler<\/h4><ul data-start=\"787\" data-end=\"1503\"><li data-start=\"787\" data-end=\"899\"><p data-start=\"789\" data-end=\"899\"><strong data-start=\"789\" data-end=\"818\">G\u00f6m\u00fcl\u00fc 20\u2019lik Di\u015f \u00c7ekimi:<\/strong><br data-start=\"818\" data-end=\"821\" \/>Di\u015flerin do\u011fru konumda \u00e7\u0131kmamas\u0131 durumunda cerrahi m\u00fcdahale ile \u00e7\u0131kar\u0131l\u0131r.<\/p><\/li><li data-start=\"901\" data-end=\"1017\"><p data-start=\"903\" data-end=\"1017\"><strong data-start=\"903\" data-end=\"941\">\u00c7ene K\u0131r\u0131klar\u0131 ve Travma Tedavisi:<\/strong><br data-start=\"941\" data-end=\"944\" \/>Kaza veya darbe sonucu olu\u015fan k\u0131r\u0131klar\u0131n cerrahi olarak d\u00fczeltilmesi.<\/p><\/li><li data-start=\"1019\" data-end=\"1130\"><p data-start=\"1021\" data-end=\"1130\"><strong data-start=\"1021\" data-end=\"1057\">Di\u015f ve \u00c7ene Kistleri, T\u00fcm\u00f6rleri:<\/strong><br data-start=\"1057\" data-end=\"1060\" \/>\u0130yi veya k\u00f6t\u00fc huylu kist ve t\u00fcm\u00f6rlerin tan\u0131s\u0131 ve cerrahi \u00e7\u0131kar\u0131m\u0131.<\/p><\/li><li data-start=\"1132\" data-end=\"1217\"><p data-start=\"1134\" data-end=\"1217\"><strong data-start=\"1134\" data-end=\"1156\">\u0130mplant Cerrahisi:<\/strong><br data-start=\"1156\" data-end=\"1159\" \/>Eksik di\u015flerin yerine yapay di\u015f k\u00f6kleri yerle\u015ftirilir.<\/p><\/li><li data-start=\"1219\" data-end=\"1359\"><p data-start=\"1221\" data-end=\"1359\"><strong data-start=\"1221\" data-end=\"1264\">Ortognatik Cerrahi (\u00c7ene Ameliyatlar\u0131):<\/strong><br data-start=\"1264\" data-end=\"1267\" \/>\u00c7ene uyumsuzlu\u011fu, kapan\u0131\u015f problemleri ve estetik sorunlar\u0131n cerrahi olarak d\u00fczeltilmesi.<\/p><\/li><li data-start=\"1361\" data-end=\"1503\"><p data-start=\"1363\" data-end=\"1503\"><strong data-start=\"1363\" data-end=\"1395\">A\u011f\u0131z Yumu\u015fak Doku Cerrahisi:<\/strong><br data-start=\"1395\" data-end=\"1398\" \/>Di\u015f eti \u00e7ekilmeleri, frenulum (dil veya dudak ba\u011f\u0131) sorunlar\u0131 ve a\u011f\u0131z i\u00e7i yaralar\u0131n cerrahi tedavisi.<\/p><\/li><\/ul>\t\t\t\t\t\t\t\t<\/div>\n\t\t\t\t<div class=\"elementor-element elementor-element-5b1c37b elementor-widget elementor-widget-text-editor\" data-id=\"5b1c37b\" data-element_type=\"widget\" data-widget_type=\"text-editor.default\">\n\t\t\t\t\t\t\t\t\t<h4 data-start=\"2073\" data-end=\"2120\">A\u011f\u0131z, Di\u015f ve \u00c7ene Cerrahisinin Avantajlar\u0131<\/h4><ul data-start=\"2122\" data-end=\"2421\"><li data-start=\"2122\" data-end=\"2174\"><p data-start=\"2124\" data-end=\"2174\">G\u00f6m\u00fcl\u00fc di\u015fler ve \u00e7ene sorunlar\u0131 g\u00fcvenle \u00e7\u00f6z\u00fcl\u00fcr.<\/p><\/li><li data-start=\"2175\" data-end=\"2243\"><p data-start=\"2177\" data-end=\"2243\">Estetik ve fonksiyonel a\u00e7\u0131dan sa\u011fl\u0131kl\u0131 bir a\u011f\u0131z yap\u0131s\u0131 sa\u011flan\u0131r.<\/p><\/li><li data-start=\"2244\" data-end=\"2290\"><p data-start=\"2246\" data-end=\"2290\">\u00c7i\u011fneme, konu\u015fma ve y\u00fcz esteti\u011fi iyile\u015fir.<\/p><\/li><li data-start=\"2291\" data-end=\"2346\"><p data-start=\"2293\" data-end=\"2346\">Di\u015f kayb\u0131 ve \u00e7ene deformasyonlar\u0131n\u0131n \u00f6n\u00fcne ge\u00e7ilir.<\/p><\/li><li data-start=\"2347\" data-end=\"2421\"><p data-start=\"2349\" data-end=\"2421\">Modern cerrahi tekniklerle a\u011fr\u0131 ve komplikasyonlar minimuma indirilir.<\/p><\/li><\/ul>\t\t\t\t\t\t\t\t<\/div>\n\t\t\t\t\t<\/div>\n\t\t<\/div>\n\t\t\t\t\t<\/div>\n\t\t<\/section>\n\t\t<div class=\"elementor-element elementor-element-87b9a67 e-flex e-con-boxed e-con e-parent\" data-id=\"87b9a67\" data-element_type=\"container\">\n\t\t\t\t\t<div class=\"e-con-inner\">\n\t\t\t\t<div class=\"elementor-element elementor-element-3c4cc06 elementor-widget elementor-widget-text-editor\" data-id=\"3c4cc06\" data-element_type=\"widget\" data-widget_type=\"text-editor.default\">\n\t\t\t\t\t\t\t\t\t<h2 data-start=\"2428\" data-end=\"2460\">S\u0131k\u00e7a Sorulan Sorular (SSS)<\/h2><p data-start=\"2462\" data-end=\"2604\"><strong data-start=\"2462\" data-end=\"2503\">1. A\u011f\u0131z, di\u015f ve \u00e7ene cerrahisi nedir?<\/strong><br data-start=\"2503\" data-end=\"2506\" \/>Di\u015flerin, \u00e7enenin ve a\u011f\u0131z i\u00e7i dokular\u0131n cerrahi m\u00fcdahalelerle tedavi edildi\u011fi uzmanl\u0131k alan\u0131d\u0131r.<\/p><p data-start=\"2606\" data-end=\"2721\"><strong data-start=\"2606\" data-end=\"2643\">2. Cerrahi i\u015flemler a\u011fr\u0131l\u0131 m\u0131d\u0131r?<\/strong><br data-start=\"2643\" data-end=\"2646\" \/>\u0130\u015flemler lokal veya genel anestezi alt\u0131nda yap\u0131ld\u0131\u011f\u0131ndan a\u011fr\u0131 minimaldir.<\/p><p data-start=\"2723\" data-end=\"2864\"><strong data-start=\"2723\" data-end=\"2772\">3. G\u00f6m\u00fcl\u00fc 20\u2019lik di\u015f \u00e7ekimi neden gereklidir?<\/strong><br data-start=\"2772\" data-end=\"2775\" \/>Di\u015flerin yanl\u0131\u015f konumda \u00e7\u0131kmas\u0131, \u00e7ene a\u011fr\u0131s\u0131, enfeksiyon veya di\u015f kayb\u0131na yol a\u00e7abilir.<\/p><p data-start=\"2866\" data-end=\"2997\"><strong data-start=\"2866\" data-end=\"2906\">4. \u00c7ene ameliyat\u0131 kimlere uygulan\u0131r?<\/strong><br data-start=\"2906\" data-end=\"2909\" \/>\u00c7ene uyumsuzlu\u011fu, kapan\u0131\u015f problemleri veya estetik kayg\u0131s\u0131 olan herkese uygulanabilir.<\/p><p data-start=\"2999\" data-end=\"3118\"><strong data-start=\"2999\" data-end=\"3038\">5. \u0130mplant cerrahisi g\u00fcvenli midir?<\/strong><br data-start=\"3038\" data-end=\"3041\" \/>Evet, modern teknikler ve steril ortamda y\u00fcksek ba\u015far\u0131 oran\u0131 ile uygulan\u0131r.<\/p><p data-start=\"3120\" data-end=\"3252\"><strong data-start=\"3120\" data-end=\"3171\">6. Cerrahi sonras\u0131 iyile\u015fme s\u00fcresi ne kadard\u0131r?<\/strong><br data-start=\"3171\" data-end=\"3174\" \/>\u0130\u015fleme ve hastaya ba\u011fl\u0131 olarak birka\u00e7 g\u00fcn ile birka\u00e7 hafta aras\u0131nda de\u011fi\u015fir.<\/p><p data-start=\"3254\" data-end=\"3397\"><strong data-start=\"3254\" data-end=\"3295\">7. A\u011f\u0131z i\u00e7i t\u00fcm\u00f6rler tehlikeli midir?<\/strong><br data-start=\"3295\" data-end=\"3298\" \/>Kimi iyi huylu, kimi k\u00f6t\u00fc huylu olabilir. Erken te\u015fhis ve cerrahi m\u00fcdahale ile riskler azalt\u0131l\u0131r.<\/p><p data-start=\"3399\" data-end=\"3536\"><strong data-start=\"3399\" data-end=\"3448\">8. Operasyon sonras\u0131 nelere dikkat etmeliyim?<\/strong><br data-start=\"3448\" data-end=\"3451\" \/>Di\u015f ve a\u011f\u0131z hijyeni, verilen ila\u00e7lar, yumu\u015fak g\u0131da ve kontroller olduk\u00e7a \u00f6nemlidir.<\/p><p data-start=\"3538\" data-end=\"3679\"><strong data-start=\"3538\" data-end=\"3586\">9. \u00c7ocuklarda a\u011f\u0131z cerrahisi yap\u0131labilir mi?<\/strong><br data-start=\"3586\" data-end=\"3589\" \/>Evet, baz\u0131 g\u00f6m\u00fcl\u00fc di\u015f veya yaralanmalarda \u00e7ocuklar i\u00e7in de cerrahi uygulama yap\u0131labilir.<\/p><p data-start=\"3681\" data-end=\"3808\"><strong data-start=\"3681\" data-end=\"3731\">10. Cerrahi sonras\u0131 di\u015f esteti\u011fi etkilenir mi?<\/strong><br data-start=\"3731\" data-end=\"3734\" \/>Modern tekniklerle hem estetik hem fonksiyon korunur, g\u00fcl\u00fc\u015f do\u011fal kal\u0131r.<\/p>\t\t\t\t\t\t\t\t<\/div>\n\t\t\t\t\t<\/div>\n\t\t\t\t<\/div>\n\t\t\t\t<\/div>\n\t\t","protected":false},"excerpt":{"rendered":"<p>A\u011f\u0131z, Di\u015f ve \u00c7ene Cerrahisi: Sa\u011fl\u0131kl\u0131 Bir G\u00fcl\u00fc\u015f ve Fonksiyonel A\u011f\u0131z \u0130\u00e7in A\u011f\u0131z Di\u015f ve \u00c7ene Cerrahisi A\u011f\u0131z Di\u015f ve \u00c7ene Cerrahisi, b\u00fct\u00fcn ya\u015f aral\u0131\u011f\u0131ndaki bireylerin a\u011f\u0131z, di\u015f ve \u00e7ene b\u00f6lgelerindeki sert ve yumu\u015fak dokular\u0131n hastal\u0131klar\u0131, yaralanmalar\u0131 ve bozukluklar\u0131n\u0131n d\u00fczeltilmesi i\u00e7in uygulanan tan\u0131 ve tedavi y\u00f6ntemleridir. G\u00f6m\u00fcl\u00fc kalm\u0131\u015f di\u015flerin \u00e7ekilmesi Dental implant uygulamalar\u0131 \u00c7ene b\u00f6lgesinde [&hellip;]<\/p>\n","protected":false},"author":1,"featured_media":0,"parent":142,"menu_order":0,"comment_status":"closed","ping_status":"closed","template":"elementor_header_footer","meta":{"footnotes":""},"class_list":["post-357","page","type-page","status-publish","hentry"],"_links":{"self":[{"href":"https:\/\/www.tezgelclinic.com\/index.php?rest_route=\/wp\/v2\/pages\/357","targetHints":{"allow":["GET"]}}],"collection":[{"href":"https:\/\/www.tezgelclinic.com\/index.php?rest_route=\/wp\/v2\/pages"}],"about":[{"href":"https:\/\/www.tezgelclinic.com\/index.php?rest_route=\/wp\/v2\/types\/page"}],"author":[{"embeddable":true,"href":"https:\/\/www.tezgelclinic.com\/index.php?rest_route=\/wp\/v2\/users\/1"}],"replies":[{"embeddable":true,"href":"https:\/\/www.tezgelclinic.com\/index.php?rest_route=%2Fwp%2Fv2%2Fcomments&post=357"}],"version-history":[{"count":19,"href":"https:\/\/www.tezgelclinic.com\/index.php?rest_route=\/wp\/v2\/pages\/357\/revisions"}],"predecessor-version":[{"id":1315,"href":"https:\/\/www.tezgelclinic.com\/index.php?rest_route=\/wp\/v2\/pages\/357\/revisions\/1315"}],"up":[{"embeddable":true,"href":"https:\/\/www.tezgelclinic.com\/index.php?rest_route=\/wp\/v2\/pages\/142"}],"wp:attachment":[{"href":"https:\/\/www.tezgelclinic.com\/index.php?rest_route=%2Fwp%2Fv2%2Fmedia&parent=357"}],"curies":[{"name":"wp","href":"https:\/\/api.w.org\/{rel}","templated":true}]}}